{"id":3459,"date":"2023-08-30T09:12:07","date_gmt":"2023-08-30T09:12:07","guid":{"rendered":"http:\/\/carpathian-cultural-route.local\/?page_id=3459"},"modified":"2023-10-09T16:02:44","modified_gmt":"2023-10-09T16:02:44","slug":"partners","status":"publish","type":"page","link":"https:\/\/carpathianculturalroute.com\/ro\/partners\/","title":{"rendered":"Parteneri"},"content":{"rendered":"\n<div class=\"wp-block-columns is-layout-flex wp-container-core-columns-is-layout-9d6595d7 wp-block-columns-is-layout-flex\">\n<div class=\"wp-block-column is-layout-flow wp-block-column-is-layout-flow\"><div class=\"wp-block-image is-style-default\">\n<figure class=\"aligncenter size-full is-resized\"><a href=\"https:\/\/www.cdimm.org\/\"><img loading=\"lazy\" decoding=\"async\" src=\"https:\/\/carpathianculturalroute.com\/wp-content\/uploads\/2023\/09\/LogoCDIMM.gif\" alt=\"\" class=\"wp-image-3443\" style=\"object-fit:contain;width:250px;height:150px\" width=\"250\" height=\"150\"\/><\/a><\/figure>\n<\/div>\n\n\n<p class=\"has-text-align-center\"><a href=\"https:\/\/www.cdimm.org\/\"><strong>Centrul pentru Dezvoltarea \u00centreprinderilor Mici \u0219i Mijlocii Maramure\u0219<\/strong><\/a><\/p>\n<\/div>\n\n\n\n<div class=\"wp-block-column is-layout-flow wp-block-column-is-layout-flow\"><div class=\"wp-block-image\">\n<figure class=\"aligncenter size-full is-resized\"><img loading=\"lazy\" decoding=\"async\" src=\"https:\/\/carpathianculturalroute.com\/wp-content\/uploads\/2023\/09\/gerb_ifntung_2016.png\" alt=\"\" class=\"wp-image-3455\" style=\"object-fit:contain;width:124px;height:150px\" width=\"124\" height=\"150\"\/><\/figure>\n<\/div>\n\n\n<p class=\"has-text-align-center\"><a href=\"https:\/\/nung.edu.ua\/\"><strong>Universitatea Na\u021bional\u0103 Tehnic\u0103 de Petrol \u0219i Gaze din Ivano-Frankivsk<\/strong><\/a><\/p>\n<\/div>\n<\/div>\n","protected":false},"excerpt":{"rendered":"<p>Centrul pentru Dezvoltarea \u00centreprinderilor Mici \u0219i Mijlocii Maramure\u0219 Universitatea Na\u021bional\u0103 Tehnic\u0103 de Petrol \u0219i Gaze din Ivano-Frankivsk<\/p>\n","protected":false},"author":1,"featured_media":0,"parent":0,"menu_order":0,"comment_status":"closed","ping_status":"closed","template":"","meta":{"inline_featured_image":false,"footnotes":""},"class_list":["post-3459","page","type-page","status-publish","hentry"],"acf":[],"yoast_head":"<!-- This site is optimized with the Yoast SEO plugin v21.2 - https:\/\/yoast.com\/wordpress\/plugins\/seo\/ -->\n<title>Parteneri - RUTA CULTURAL\u0102 CARPATIC\u0102<\/title>\n<meta name=\"robots\" content=\"index, follow, max-snippet:-1, max-image-preview:large, max-video-preview:-1\" \/>\n<link rel=\"canonical\" href=\"https:\/\/carpathianculturalroute.com\/ro\/partners\/\" \/>\n<meta property=\"og:locale\" content=\"ro_RO\" \/>\n<meta property=\"og:type\" content=\"article\" \/>\n<meta property=\"og:title\" content=\"Parteneri - RUTA CULTURAL\u0102 CARPATIC\u0102\" \/>\n<meta property=\"og:description\" content=\"Centrul pentru Dezvoltarea \u00centreprinderilor Mici \u0219i Mijlocii Maramure\u0219 Universitatea Na\u021bional\u0103 Tehnic\u0103 de Petrol \u0219i Gaze din Ivano-Frankivsk\" \/>\n<meta property=\"og:url\" content=\"https:\/\/carpathianculturalroute.com\/ro\/partners\/\" \/>\n<meta property=\"og:site_name\" content=\"RUTA CULTURAL\u0102 CARPATIC\u0102\" \/>\n<meta property=\"article:publisher\" content=\"https:\/\/www.facebook.com\/Carpathianculturalroute\/\" \/>\n<meta property=\"article:modified_time\" content=\"2023-10-09T16:02:44+00:00\" \/>\n<meta property=\"og:image\" content=\"https:\/\/carpathianculturalroute.com\/wp-content\/uploads\/2023\/09\/LogoCDIMM.gif\" \/>\n<meta name=\"twitter:card\" content=\"summary_large_image\" \/>\n<script type=\"application\/ld+json\" class=\"yoast-schema-graph\">{\"@context\":\"https:\/\/schema.org\",\"@graph\":[{\"@type\":\"WebPage\",\"@id\":\"https:\/\/carpathianculturalroute.com\/ro\/partners\/\",\"url\":\"https:\/\/carpathianculturalroute.com\/ro\/partners\/\",\"name\":\"Parteneri - RUTA CULTURAL\u0102 CARPATIC\u0102\",\"isPartOf\":{\"@id\":\"https:\/\/carpathianculturalroute.com\/#website\"},\"datePublished\":\"2023-08-30T09:12:07+00:00\",\"dateModified\":\"2023-10-09T16:02:44+00:00\",\"breadcrumb\":{\"@id\":\"https:\/\/carpathianculturalroute.com\/ro\/partners\/#breadcrumb\"},\"inLanguage\":\"ro-RO\",\"potentialAction\":[{\"@type\":\"ReadAction\",\"target\":[\"https:\/\/carpathianculturalroute.com\/ro\/partners\/\"]}]},{\"@type\":\"BreadcrumbList\",\"@id\":\"https:\/\/carpathianculturalroute.com\/ro\/partners\/#breadcrumb\",\"itemListElement\":[{\"@type\":\"ListItem\",\"position\":1,\"name\":\"Home\",\"item\":\"https:\/\/carpathianculturalroute.com\/ro\/\"},{\"@type\":\"ListItem\",\"position\":2,\"name\":\"Parteneri\"}]},{\"@type\":\"WebSite\",\"@id\":\"https:\/\/carpathianculturalroute.com\/#website\",\"url\":\"https:\/\/carpathianculturalroute.com\/\",\"name\":\"RUTA CULTURAL\u0102 CARPATIC\u0102\",\"description\":\"\",\"publisher\":{\"@id\":\"https:\/\/carpathianculturalroute.com\/#organization\"},\"potentialAction\":[{\"@type\":\"SearchAction\",\"target\":{\"@type\":\"EntryPoint\",\"urlTemplate\":\"https:\/\/carpathianculturalroute.com\/?s={search_term_string}\"},\"query-input\":\"required name=search_term_string\"}],\"inLanguage\":\"ro-RO\"},{\"@type\":\"Organization\",\"@id\":\"https:\/\/carpathianculturalroute.com\/#organization\",\"name\":\"RUTA CULTURAL\u0102 CARPATIC\u0102\",\"url\":\"https:\/\/carpathianculturalroute.com\/\",\"logo\":{\"@type\":\"ImageObject\",\"inLanguage\":\"ro-RO\",\"@id\":\"https:\/\/carpathianculturalroute.com\/#\/schema\/logo\/image\/\",\"url\":\"https:\/\/carpathianculturalroute.com\/wp-content\/uploads\/2023\/10\/logo.webp\",\"contentUrl\":\"https:\/\/carpathianculturalroute.com\/wp-content\/uploads\/2023\/10\/logo.webp\",\"width\":169,\"height\":115,\"caption\":\"RUTA CULTURAL\u0102 CARPATIC\u0102\"},\"image\":{\"@id\":\"https:\/\/carpathianculturalroute.com\/#\/schema\/logo\/image\/\"},\"sameAs\":[\"https:\/\/www.facebook.com\/Carpathianculturalroute\/\"]}]}<\/script>\n<!-- \/ Yoast SEO plugin. -->","yoast_head_json":{"title":"Parteneri - RUTA CULTURAL\u0102 CARPATIC\u0102","robots":{"index":"index","follow":"follow","max-snippet":"max-snippet:-1","max-image-preview":"max-image-preview:large","max-video-preview":"max-video-preview:-1"},"canonical":"https:\/\/carpathianculturalroute.com\/ro\/partners\/","og_locale":"ro_RO","og_type":"article","og_title":"Parteneri - RUTA CULTURAL\u0102 CARPATIC\u0102","og_description":"Centrul pentru Dezvoltarea \u00centreprinderilor Mici \u0219i Mijlocii Maramure\u0219 Universitatea Na\u021bional\u0103 Tehnic\u0103 de Petrol \u0219i Gaze din Ivano-Frankivsk","og_url":"https:\/\/carpathianculturalroute.com\/ro\/partners\/","og_site_name":"RUTA CULTURAL\u0102 CARPATIC\u0102","article_publisher":"https:\/\/www.facebook.com\/Carpathianculturalroute\/","article_modified_time":"2023-10-09T16:02:44+00:00","og_image":[{"url":"https:\/\/carpathianculturalroute.com\/wp-content\/uploads\/2023\/09\/LogoCDIMM.gif"}],"twitter_card":"summary_large_image","schema":{"@context":"https:\/\/schema.org","@graph":[{"@type":"WebPage","@id":"https:\/\/carpathianculturalroute.com\/ro\/partners\/","url":"https:\/\/carpathianculturalroute.com\/ro\/partners\/","name":"Parteneri - RUTA CULTURAL\u0102 CARPATIC\u0102","isPartOf":{"@id":"https:\/\/carpathianculturalroute.com\/#website"},"datePublished":"2023-08-30T09:12:07+00:00","dateModified":"2023-10-09T16:02:44+00:00","breadcrumb":{"@id":"https:\/\/carpathianculturalroute.com\/ro\/partners\/#breadcrumb"},"inLanguage":"ro-RO","potentialAction":[{"@type":"ReadAction","target":["https:\/\/carpathianculturalroute.com\/ro\/partners\/"]}]},{"@type":"BreadcrumbList","@id":"https:\/\/carpathianculturalroute.com\/ro\/partners\/#breadcrumb","itemListElement":[{"@type":"ListItem","position":1,"name":"Home","item":"https:\/\/carpathianculturalroute.com\/ro\/"},{"@type":"ListItem","position":2,"name":"Parteneri"}]},{"@type":"WebSite","@id":"https:\/\/carpathianculturalroute.com\/#website","url":"https:\/\/carpathianculturalroute.com\/","name":"RUTA CULTURAL\u0102 CARPATIC\u0102","description":"","publisher":{"@id":"https:\/\/carpathianculturalroute.com\/#organization"},"potentialAction":[{"@type":"SearchAction","target":{"@type":"EntryPoint","urlTemplate":"https:\/\/carpathianculturalroute.com\/?s={search_term_string}"},"query-input":"required name=search_term_string"}],"inLanguage":"ro-RO"},{"@type":"Organization","@id":"https:\/\/carpathianculturalroute.com\/#organization","name":"RUTA CULTURAL\u0102 CARPATIC\u0102","url":"https:\/\/carpathianculturalroute.com\/","logo":{"@type":"ImageObject","inLanguage":"ro-RO","@id":"https:\/\/carpathianculturalroute.com\/#\/schema\/logo\/image\/","url":"https:\/\/carpathianculturalroute.com\/wp-content\/uploads\/2023\/10\/logo.webp","contentUrl":"https:\/\/carpathianculturalroute.com\/wp-content\/uploads\/2023\/10\/logo.webp","width":169,"height":115,"caption":"RUTA CULTURAL\u0102 CARPATIC\u0102"},"image":{"@id":"https:\/\/carpathianculturalroute.com\/#\/schema\/logo\/image\/"},"sameAs":["https:\/\/www.facebook.com\/Carpathianculturalroute\/"]}]}},"_links":{"self":[{"href":"https:\/\/carpathianculturalroute.com\/ro\/wp-json\/wp\/v2\/pages\/3459","targetHints":{"allow":["GET"]}}],"collection":[{"href":"https:\/\/carpathianculturalroute.com\/ro\/wp-json\/wp\/v2\/pages"}],"about":[{"href":"https:\/\/carpathianculturalroute.com\/ro\/wp-json\/wp\/v2\/types\/page"}],"author":[{"embeddable":true,"href":"https:\/\/carpathianculturalroute.com\/ro\/wp-json\/wp\/v2\/users\/1"}],"replies":[{"embeddable":true,"href":"https:\/\/carpathianculturalroute.com\/ro\/wp-json\/wp\/v2\/comments?post=3459"}],"version-history":[{"count":2,"href":"https:\/\/carpathianculturalroute.com\/ro\/wp-json\/wp\/v2\/pages\/3459\/revisions"}],"predecessor-version":[{"id":3539,"href":"https:\/\/carpathianculturalroute.com\/ro\/wp-json\/wp\/v2\/pages\/3459\/revisions\/3539"}],"wp:attachment":[{"href":"https:\/\/carpathianculturalroute.com\/ro\/wp-json\/wp\/v2\/media?parent=3459"}],"curies":[{"name":"wp","href":"https:\/\/api.w.org\/{rel}","templated":true}]}}