{"id":3413,"date":"2023-08-30T09:11:59","date_gmt":"2023-08-30T09:11:59","guid":{"rendered":"http:\/\/carpathian-cultural-route.local\/?page_id=3413"},"modified":"2023-09-24T12:34:31","modified_gmt":"2023-09-24T12:34:31","slug":"despre-noi","status":"publish","type":"page","link":"https:\/\/carpathianculturalroute.com\/ro\/despre-noi\/","title":{"rendered":"Despre noi"},"content":{"rendered":"\n<h3 class=\"wp-block-heading\"><strong>Organiza\u021bia public\u0103 \u201e <\/strong><a href=\"http:\/\/www.aedif.if.ua\/\"><strong>Asocia\u0163ia de Dezvoltare Economic\u0103 din Ivano Frankivsk<\/strong><\/a><strong> (AEDIF)\u201d<\/strong><\/h3>\n\n\n\n<h4 class=\"wp-block-heading\"><strong>Scopul asocia\u021biei&nbsp;<\/strong><\/h4>\n\n\n\n<p>Promovarea dezvolt\u0103rii economice \u0219i sociale a regiunii Ivano-Frankivsk \u0219i a comunit\u0103\u021bilor sale.<\/p>\n\n\n\n<h4 class=\"wp-block-heading\"><strong>Obiectivele asocia\u021biei<\/strong><\/h4>\n\n\n\n<p>Implementarea unei dezvolt\u0103ri economice \u0219i sociale regionale \u0219i locale eficiente, promovarea planific\u0103rii strategice, crearea unui mediu de afaceri favorabil \u0219i \u00eembun\u0103t\u0103\u021birea condi\u021biilor pentru activitatea de afaceri \u00een comunit\u0103\u021bile locale, crearea unui climat investi\u021bional favorabil, organizarea unui dialog constructiv \u00eentre mediul de afaceri, autorit\u0103\u021bi \u0219i societate, promovarea conserv\u0103rii patrimoniului istoric, cultural \u0219i natural, participarea la construirea unei societ\u0103\u021bi civile eficiente.&nbsp;<\/p>\n\n\n\n<h4 class=\"wp-block-heading\"><strong>Principalele direc\u021bii de activitate:<\/strong><\/h4>\n\n\n\n<ul class=\"wp-block-list\">\n<li>planificare strategic\u0103, elaborarea de programe \u0219i proiecte de dezvoltare regional\u0103 \u0219i comunitar\u0103;<\/li>\n\n\n\n<li>promovarea sectoarelor economiei \u0219i dezvolt\u0103rii sociale, inclusiv dezvoltarea \u00eentreprinderilor mici \u0219i mijlocii, a antreprenoriatului social, a industriei turismului, a culturii, a educa\u021biei, a locuin\u021belor \u0219i a sectorului utilit\u0103\u021bilor;<\/li>\n\n\n\n<li>facilitarea activit\u0103\u021bii de investi\u021bii \u00een regiune;<\/li>\n\n\n\n<li>promovarea proiectelor \u0219tiin\u021bifice \u0219i a inov\u0103rii \u0219i punerea \u00een aplicare a rezultatelor acestora;<\/li>\n\n\n\n<li>promovarea conserv\u0103rii patrimoniului natural \u0219i a mediului, dezvoltarea economiei \u0219i a energeticii cu emisii reduse de carbon, implementarea tehnologiilor eficiente din punct de vedere energetic \u0219i utilizarea surselor de energie regenerabil\u0103, gestionarea de\u0219eurilor;<\/li>\n\n\n\n<li>promovarea conserv\u0103rii patrimoniului istoric \u0219i cultural;<\/li>\n\n\n\n<li>dezvoltarea \u0219i implementarea de programe \u0219i proiecte legate de integrarea european\u0103, cooperarea transfrontalier\u0103 \u0219i regional\u0103;<\/li>\n\n\n\n<li>participarea la procesele de integrare european\u0103 \u0219i de cooperare transfrontalier\u0103;<\/li>\n\n\n\n<li>activitate \u0219tiin\u021bific\u0103 \u0219i analitic\u0103, realiz\u00e2nd cercet\u0103ri economice, de marketing \u0219i sociologice;<\/li>\n\n\n\n<li>activitate informativ\u0103, instructiv\u0103, \u0219tiin\u021bific\u0103 \u0219i educa\u021bional\u0103 f\u0103r\u0103 scop lucrativ;<\/li>\n\n\n\n<li>elaborarea de proiecte de acte normative legislative de nivel na\u021bional \u0219i local \u0219i desf\u0103\u0219urarea de campanii \u00een sprijinul acestora;<\/li>\n\n\n\n<li>consultarea \u0219i sus\u021binerea cu resurse a organelor puterii executive, a autoguvern\u0103rii locale \u0219i a entit\u0103\u021bilor de afaceri;<\/li>\n\n\n\n<li>activitatea educa\u021bional\u0103, cultural\u0103 cu copiii \u0219i tinerii, promovarea mi\u0219c\u0103rii de tineret, a ocup\u0103rii for\u021bei de munc\u0103 \u0219i a antreprenoriatului \u00een r\u00e2ndul tinerilor;<\/li>\n\n\n\n<li>dezvoltarea de parteneriate \u00eentre institu\u021biile societ\u0103\u021bii civile, autorit\u0103\u021bi \u0219i mediul de afaceri;<\/li>\n\n\n\n<li>stabilirea cooper\u0103rii interna\u021bionale cu organiza\u021bii \u0219i comunit\u0103\u021bi din alte \u021b\u0103ri;<\/li>\n\n\n\n<li>sprijinirea dezvolt\u0103rii \u0219i promov\u0103rii imaginii pozitive a regiunii, sprijinirea disemin\u0103rii de informa\u021bii despre regiunea Ivano-Frankivsk \u0219i comunit\u0103\u021bile sale teritoriale.<\/li>\n<\/ul>\n\n\n\n<h4 class=\"wp-block-heading\"><strong>Experien\u021b\u0103.<\/strong><\/h4>\n\n\n\n<p>Asocia\u021bia a fost \u00eenfiin\u021bat\u0103 \u00een 1997 \u0219i men\u021bine leg\u0103turi str\u00e2nse \u0219i o cooperare continu\u0103 cu peste 30 de ONG-uri active din Ivano-Frankivsk. Ivano-Frankivsk, 8 districte ale regiunii, alte regiuni din Ucraina, Canada, Polonia \u0219i Slovacia, Administra\u021bia Regional\u0103 de Stat Ivano-Frankivsk, mass-media din ora\u0219, institu\u021bii de \u00eenv\u0103\u021b\u0103m\u00e2nt superior din Ivano-Frankivsk \u0219i proiecte interna\u021bionale de asisten\u021b\u0103 tehnic\u0103. Angaja\u021bii AEDIF au efectuat cursuri de formare \u0219i stagii \u00een str\u0103in\u0103tate, \u00een special \u00een Canada, SUA, Polonia, Lituania \u0219i Slovacia. Asocia\u021bia este un membru activ al mai multor re\u021bele regionale, na\u021bionale \u0219i interna\u021bionale de ONG-uri, inclusiv al Asocia\u021biei Agen\u021biilor de Dezvoltare Regional\u0103 din Ucraina \u0219i al CEE Citizen Network.&nbsp; \u00cen perioada \u00een care \u0219i-a desf\u0103\u0219urat activitatea, AEDIF a elaborat \u0219i implementat cu succes 59 de proiecte \u00een domeniul dezvolt\u0103rii economice \u0219i sociale regionale \u0219i locale. AEDIF a elaborat 8 planuri strategice pentru dezvoltarea districtelor \u0219i ora\u0219elor din regiunea Ivano-Frankivsk, Strategia de dezvoltare \u0219i marketing turistic a regiunii Ivano-Frankivsk \u0219i Strategia de dezvoltare rural\u0103 a Carpa\u021bilor. 22 studii analitice \u0219i sociologice au fost realizate pentru a evalua calitatea serviciilor publice, a locuin\u021belor \u0219i a serviciilor comunale, pentru a evalua poten\u021bialul investi\u021bional al regiunii, pentru a identifica problemele \u0219i perspectivele de dezvoltare a regiunii \u0219i a comunit\u0103\u021bilor teritoriale, pentru a studia problemele \u0219i perspectivele de dezvoltare a activit\u0103\u021bii investi\u021bionale, a mediului, a industriei turistice, a turismului, a turismului turistic \u0219i cultural \u0219i a muzeelor din regiune. Au fost elaborate \u0219i puse \u00een aplicare recomand\u0103ri pentru \u00eembun\u0103t\u0103\u021birea politicii regionale \u00een domeniul serviciilor publice, al climatului investi\u021bional \u00een regiune, al turismului, al culturii, al protec\u021biei mediului \u0219i al coridoarelor de transport interna\u021bional. Au fost elaborate \u0219i implementate 48 de module de formare; au fost organizate \u0219i desf\u0103\u0219urate 142 de ateliere de lucru cu participarea a 2.556 de participan\u021bi; 41 de conferin\u021be, dintre care 16 conferin\u021be interna\u021bionale; au fost organizate \u0219i desf\u0103\u0219urate 38 de mese rotunde \u0219i focus-grupuri \u00een cadrul proiectelor AEDIF; au fost organizate \u0219i desf\u0103\u0219urate 8 vizite de studiu cu participarea reprezentan\u021bilor autorit\u0103\u021bilor de stat \u0219i locale, ai mediului de afaceri \u0219i ai ONG-urilor din regiune \u00een Rom\u00e2nia, Moldova \u0219i Polonia. Au fost elaborate, publicate \u0219i distribuite 52 de publica\u021bii \u00een domeniul dezvolt\u0103rii economice \u0219i sociale regionale \u0219i locale.<\/p>\n\n\n\n<figure class=\"wp-block-image size-full\"><img loading=\"lazy\" decoding=\"async\" width=\"209\" height=\"91\" src=\"https:\/\/carpathianculturalroute.com\/wp-content\/uploads\/2023\/09\/Screenshot-2023-09-24-132850.png\" alt=\"\" class=\"wp-image-3406\"\/><\/figure>\n\n\n\n<p><strong>Adresa:&nbsp;<\/strong>Str.<strong>&nbsp;<\/strong>Dnistrovsk\u0430, nr. 26, 76018 Ivano Frankivsk, Ucraina<br><strong>Website:&nbsp;<\/strong><a href=\"http:\/\/www.aedif.if.ua\/\">www.aedif.if.ua<\/a><\/p>\n","protected":false},"excerpt":{"rendered":"<p>Organiza\u021bia public\u0103 \u201e Asocia\u0163ia de Dezvoltare Economic\u0103 din Ivano Frankivsk (AEDIF)\u201d Scopul asocia\u021biei&nbsp; Promovarea dezvolt\u0103rii economice \u0219i sociale a regiunii Ivano-Frankivsk \u0219i a comunit\u0103\u021bilor sale. Obiectivele asocia\u021biei Implementarea unei dezvolt\u0103ri economice \u0219i sociale regionale \u0219i locale eficiente, promovarea planific\u0103rii strategice, crearea unui mediu de afaceri favorabil \u0219i \u00eembun\u0103t\u0103\u021birea condi\u021biilor pentru activitatea de afaceri \u00een comunit\u0103\u021bile<\/p>\n","protected":false},"author":1,"featured_media":0,"parent":0,"menu_order":0,"comment_status":"closed","ping_status":"closed","template":"","meta":{"inline_featured_image":false,"footnotes":""},"class_list":["post-3413","page","type-page","status-publish","hentry"],"acf":[],"yoast_head":"<!-- This site is optimized with the Yoast SEO plugin v21.2 - https:\/\/yoast.com\/wordpress\/plugins\/seo\/ -->\n<title>Despre noi - RUTA CULTURAL\u0102 CARPATIC\u0102<\/title>\n<meta name=\"robots\" content=\"index, follow, max-snippet:-1, max-image-preview:large, max-video-preview:-1\" \/>\n<link rel=\"canonical\" href=\"https:\/\/carpathianculturalroute.com\/pro-nas\/\" \/>\n<meta property=\"og:locale\" content=\"ro_RO\" \/>\n<meta property=\"og:type\" content=\"article\" \/>\n<meta property=\"og:title\" content=\"Despre noi - RUTA CULTURAL\u0102 CARPATIC\u0102\" \/>\n<meta property=\"og:description\" content=\"Organiza\u021bia public\u0103 \u201e Asocia\u0163ia de Dezvoltare Economic\u0103 din Ivano Frankivsk (AEDIF)\u201d Scopul asocia\u021biei&nbsp; Promovarea dezvolt\u0103rii economice \u0219i sociale a regiunii Ivano-Frankivsk \u0219i a comunit\u0103\u021bilor sale. Obiectivele asocia\u021biei Implementarea unei dezvolt\u0103ri economice \u0219i sociale regionale \u0219i locale eficiente, promovarea planific\u0103rii strategice, crearea unui mediu de afaceri favorabil \u0219i \u00eembun\u0103t\u0103\u021birea condi\u021biilor pentru activitatea de afaceri \u00een comunit\u0103\u021bile\" \/>\n<meta property=\"og:url\" content=\"https:\/\/carpathianculturalroute.com\/pro-nas\/\" \/>\n<meta property=\"og:site_name\" content=\"RUTA CULTURAL\u0102 CARPATIC\u0102\" \/>\n<meta property=\"article:publisher\" content=\"https:\/\/www.facebook.com\/Carpathianculturalroute\/\" \/>\n<meta property=\"article:modified_time\" content=\"2023-09-24T12:34:31+00:00\" \/>\n<meta property=\"og:image\" content=\"https:\/\/carpathianculturalroute.com\/wp-content\/uploads\/2023\/09\/Screenshot-2023-09-24-132850.png\" \/>\n<meta name=\"twitter:card\" content=\"summary_large_image\" \/>\n<meta name=\"twitter:label1\" content=\"Timp estimat pentru citire\" \/>\n\t<meta name=\"twitter:data1\" content=\"4 minute\" \/>\n<script type=\"application\/ld+json\" class=\"yoast-schema-graph\">{\"@context\":\"https:\/\/schema.org\",\"@graph\":[{\"@type\":\"WebPage\",\"@id\":\"https:\/\/carpathianculturalroute.com\/pro-nas\/\",\"url\":\"https:\/\/carpathianculturalroute.com\/pro-nas\/\",\"name\":\"Despre noi - RUTA CULTURAL\u0102 CARPATIC\u0102\",\"isPartOf\":{\"@id\":\"https:\/\/carpathianculturalroute.com\/#website\"},\"datePublished\":\"2023-08-30T09:11:59+00:00\",\"dateModified\":\"2023-09-24T12:34:31+00:00\",\"breadcrumb\":{\"@id\":\"https:\/\/carpathianculturalroute.com\/pro-nas\/#breadcrumb\"},\"inLanguage\":\"ro-RO\",\"potentialAction\":[{\"@type\":\"ReadAction\",\"target\":[\"https:\/\/carpathianculturalroute.com\/pro-nas\/\"]}]},{\"@type\":\"BreadcrumbList\",\"@id\":\"https:\/\/carpathianculturalroute.com\/pro-nas\/#breadcrumb\",\"itemListElement\":[{\"@type\":\"ListItem\",\"position\":1,\"name\":\"Home\",\"item\":\"https:\/\/carpathianculturalroute.com\/ro\/\"},{\"@type\":\"ListItem\",\"position\":2,\"name\":\"Despre noi\"}]},{\"@type\":\"WebSite\",\"@id\":\"https:\/\/carpathianculturalroute.com\/#website\",\"url\":\"https:\/\/carpathianculturalroute.com\/\",\"name\":\"RUTA CULTURAL\u0102 CARPATIC\u0102\",\"description\":\"\",\"publisher\":{\"@id\":\"https:\/\/carpathianculturalroute.com\/#organization\"},\"potentialAction\":[{\"@type\":\"SearchAction\",\"target\":{\"@type\":\"EntryPoint\",\"urlTemplate\":\"https:\/\/carpathianculturalroute.com\/?s={search_term_string}\"},\"query-input\":\"required name=search_term_string\"}],\"inLanguage\":\"ro-RO\"},{\"@type\":\"Organization\",\"@id\":\"https:\/\/carpathianculturalroute.com\/#organization\",\"name\":\"RUTA CULTURAL\u0102 CARPATIC\u0102\",\"url\":\"https:\/\/carpathianculturalroute.com\/\",\"logo\":{\"@type\":\"ImageObject\",\"inLanguage\":\"ro-RO\",\"@id\":\"https:\/\/carpathianculturalroute.com\/#\/schema\/logo\/image\/\",\"url\":\"https:\/\/carpathianculturalroute.com\/wp-content\/uploads\/2023\/10\/logo.webp\",\"contentUrl\":\"https:\/\/carpathianculturalroute.com\/wp-content\/uploads\/2023\/10\/logo.webp\",\"width\":169,\"height\":115,\"caption\":\"RUTA CULTURAL\u0102 CARPATIC\u0102\"},\"image\":{\"@id\":\"https:\/\/carpathianculturalroute.com\/#\/schema\/logo\/image\/\"},\"sameAs\":[\"https:\/\/www.facebook.com\/Carpathianculturalroute\/\"]}]}<\/script>\n<!-- \/ Yoast SEO plugin. -->","yoast_head_json":{"title":"Despre noi - RUTA CULTURAL\u0102 CARPATIC\u0102","robots":{"index":"index","follow":"follow","max-snippet":"max-snippet:-1","max-image-preview":"max-image-preview:large","max-video-preview":"max-video-preview:-1"},"canonical":"https:\/\/carpathianculturalroute.com\/pro-nas\/","og_locale":"ro_RO","og_type":"article","og_title":"Despre noi - RUTA CULTURAL\u0102 CARPATIC\u0102","og_description":"Organiza\u021bia public\u0103 \u201e Asocia\u0163ia de Dezvoltare Economic\u0103 din Ivano Frankivsk (AEDIF)\u201d Scopul asocia\u021biei&nbsp; Promovarea dezvolt\u0103rii economice \u0219i sociale a regiunii Ivano-Frankivsk \u0219i a comunit\u0103\u021bilor sale. Obiectivele asocia\u021biei Implementarea unei dezvolt\u0103ri economice \u0219i sociale regionale \u0219i locale eficiente, promovarea planific\u0103rii strategice, crearea unui mediu de afaceri favorabil \u0219i \u00eembun\u0103t\u0103\u021birea condi\u021biilor pentru activitatea de afaceri \u00een comunit\u0103\u021bile","og_url":"https:\/\/carpathianculturalroute.com\/pro-nas\/","og_site_name":"RUTA CULTURAL\u0102 CARPATIC\u0102","article_publisher":"https:\/\/www.facebook.com\/Carpathianculturalroute\/","article_modified_time":"2023-09-24T12:34:31+00:00","og_image":[{"url":"https:\/\/carpathianculturalroute.com\/wp-content\/uploads\/2023\/09\/Screenshot-2023-09-24-132850.png"}],"twitter_card":"summary_large_image","twitter_misc":{"Timp estimat pentru citire":"4 minute"},"schema":{"@context":"https:\/\/schema.org","@graph":[{"@type":"WebPage","@id":"https:\/\/carpathianculturalroute.com\/pro-nas\/","url":"https:\/\/carpathianculturalroute.com\/pro-nas\/","name":"Despre noi - RUTA CULTURAL\u0102 CARPATIC\u0102","isPartOf":{"@id":"https:\/\/carpathianculturalroute.com\/#website"},"datePublished":"2023-08-30T09:11:59+00:00","dateModified":"2023-09-24T12:34:31+00:00","breadcrumb":{"@id":"https:\/\/carpathianculturalroute.com\/pro-nas\/#breadcrumb"},"inLanguage":"ro-RO","potentialAction":[{"@type":"ReadAction","target":["https:\/\/carpathianculturalroute.com\/pro-nas\/"]}]},{"@type":"BreadcrumbList","@id":"https:\/\/carpathianculturalroute.com\/pro-nas\/#breadcrumb","itemListElement":[{"@type":"ListItem","position":1,"name":"Home","item":"https:\/\/carpathianculturalroute.com\/ro\/"},{"@type":"ListItem","position":2,"name":"Despre noi"}]},{"@type":"WebSite","@id":"https:\/\/carpathianculturalroute.com\/#website","url":"https:\/\/carpathianculturalroute.com\/","name":"RUTA CULTURAL\u0102 CARPATIC\u0102","description":"","publisher":{"@id":"https:\/\/carpathianculturalroute.com\/#organization"},"potentialAction":[{"@type":"SearchAction","target":{"@type":"EntryPoint","urlTemplate":"https:\/\/carpathianculturalroute.com\/?s={search_term_string}"},"query-input":"required name=search_term_string"}],"inLanguage":"ro-RO"},{"@type":"Organization","@id":"https:\/\/carpathianculturalroute.com\/#organization","name":"RUTA CULTURAL\u0102 CARPATIC\u0102","url":"https:\/\/carpathianculturalroute.com\/","logo":{"@type":"ImageObject","inLanguage":"ro-RO","@id":"https:\/\/carpathianculturalroute.com\/#\/schema\/logo\/image\/","url":"https:\/\/carpathianculturalroute.com\/wp-content\/uploads\/2023\/10\/logo.webp","contentUrl":"https:\/\/carpathianculturalroute.com\/wp-content\/uploads\/2023\/10\/logo.webp","width":169,"height":115,"caption":"RUTA CULTURAL\u0102 CARPATIC\u0102"},"image":{"@id":"https:\/\/carpathianculturalroute.com\/#\/schema\/logo\/image\/"},"sameAs":["https:\/\/www.facebook.com\/Carpathianculturalroute\/"]}]}},"_links":{"self":[{"href":"https:\/\/carpathianculturalroute.com\/ro\/wp-json\/wp\/v2\/pages\/3413","targetHints":{"allow":["GET"]}}],"collection":[{"href":"https:\/\/carpathianculturalroute.com\/ro\/wp-json\/wp\/v2\/pages"}],"about":[{"href":"https:\/\/carpathianculturalroute.com\/ro\/wp-json\/wp\/v2\/types\/page"}],"author":[{"embeddable":true,"href":"https:\/\/carpathianculturalroute.com\/ro\/wp-json\/wp\/v2\/users\/1"}],"replies":[{"embeddable":true,"href":"https:\/\/carpathianculturalroute.com\/ro\/wp-json\/wp\/v2\/comments?post=3413"}],"version-history":[{"count":3,"href":"https:\/\/carpathianculturalroute.com\/ro\/wp-json\/wp\/v2\/pages\/3413\/revisions"}],"predecessor-version":[{"id":3470,"href":"https:\/\/carpathianculturalroute.com\/ro\/wp-json\/wp\/v2\/pages\/3413\/revisions\/3470"}],"wp:attachment":[{"href":"https:\/\/carpathianculturalroute.com\/ro\/wp-json\/wp\/v2\/media?parent=3413"}],"curies":[{"name":"wp","href":"https:\/\/api.w.org\/{rel}","templated":true}]}}