{"id":3363,"date":"2023-09-21T15:19:47","date_gmt":"2023-09-21T15:19:47","guid":{"rendered":"http:\/\/carpathian-cultural-route.local\/?page_id=3363"},"modified":"2023-10-09T16:03:59","modified_gmt":"2023-10-09T16:03:59","slug":"produs-turistic-ruta-culturala-carpatica","status":"publish","type":"page","link":"https:\/\/carpathianculturalroute.com\/ro\/produs-turistic-ruta-culturala-carpatica\/","title":{"rendered":"Produsul turistic &#8222;Ruta Cultural\u0103 Carpatic\u0103&#8221;"},"content":{"rendered":"\n<p>Petrece\u021bi o c\u0103l\u0103torie interesant\u0103 de o s\u0103pt\u0103m\u00e2n\u0103?! Un weekend distractiv \u0219i interesant pentru adul\u021bi \u0219i copii? Traseul turistic transfrontalier cultural carpatic include destina\u021bii turistice unice care v\u0103 vor atrage aten\u021bia. Traseul este conceput \u00een a\u0219a fel \u00eenc\u00e2t s\u0103 pute\u021bi explora patrimoniul cultural \u00een timp ce vizita\u021bi me\u0219te\u0219uguri, arti\u0219ti populari, festivaluri, ateliere \u0219i, \u00een general, timp liber interesant, \u00eenconjura\u021bi de natura pitoreasc\u0103 \u0219i maiestuoas\u0103 a Carpa\u021bilor. Acesta este un tur individual de familie sau de grup, dar la fel de impresionant &#8211; totul este la discre\u021bia \u0219i dorin\u021ba dumneavoastr\u0103. \u00centregul tur sau anumite p\u0103r\u021bi ale acestuia pot fi parcurse cu ma\u0219ina, trenul, autobuzul turistic sau individual cu bicicleta sau motocicleta.<\/p>\n\n\n\n<p>Perla ascuns\u0103 a Carpa\u021bilor din Rom\u00e2nia este \u0162ara Maramure\u0219ului, iar de la grani\u021ba cu Rom\u00e2nia p\u00e2n\u0103 la grani\u021ba cu regiunile Lvov \u0219i Ternopil se afl\u0103 sta\u021biunea Solotvyno, un adev\u0103rat fenomen ecologic \u0219i un poten\u021bial de resurse naturale extrem de puternic al raionului Rakhiv, recrea\u021bionale Polianytsia, Vorokhta \u0219i Yaremche, misteriosul Molfar Verkhovyna, ceramica Kosiv de renume mondial, ou\u0103le de Pa\u0219te unice, istoricul luminos Ivano-Frankivsk, prin\u021bul Halyych \u0219i legendara Opillya. Toate acestea reprezint\u0103 Ruta cultural\u0103 carpatic\u0103.<\/p>\n\n\n\n<p>Muzeul Opillya cu expozi\u021bii ucrainene, poloneze, evreie\u0219ti \u0219i turce\u0219ti. Un complex de monumente istorice \u0219i culturale ale vechiului Halych \u0219i ale statului Galicia-Volyn &#8211; Rezerva\u021bia Na\u021bional\u0103 Halych Antic cu Biserica Sf\u00e2ntul Pantelimon, care dateaz\u0103 de la sf\u00e2r\u0219itul secolului al XII-lea, precum \u0219i un muzeu al satului \u0219i alte muzee \u0219i monumente arhitecturale. Colec\u021bia mineralogic\u0103 a Muzeului Geologic al Universit\u0103\u021bii Tehnice Na\u021bionale de Petrol \u0219i Gaze din Ivano-Frankivsk este inclus\u0103 \u00een Registrul de stat al obiectelor \u0219tiin\u021bifice ale patrimoniului na\u021bional. Complexul Palatului Potocki, Galeria Cet\u0103\u021bii Bastionului, Muzeul de Istorie Local\u0103 din Ivano-Frankivsk, Muzeul de Art\u0103 al Prykarpattia din Ivano-Frankivsk. Muzeul Kolomyia de art\u0103 popular\u0103 din regiunea Hutsul \u0219i Pokuttya, numit dup\u0103 Josaphat Kobrynskyi, este inclus \u00een Enciclopedia Britannica ca &#8222;muzeu al capodoperelor lumii&#8221; \u0219i are un rating ridicat din partea TripAdvisor, iar \u00een 2022 Muzeul Na\u021bional s-a al\u0103turat ca partener al Traseului european al ceramicii al Consiliului Europei. Institutul de Arte Aplicate \u0219i Decorative din Kosiv este singura \u0219coal\u0103 de art\u0103 din Ucraina cu o istorie de 140 de ani, care transmite bogate tradi\u021bii populare. Muzeul Verkhovyna de Hutsulshchyna, Petro Shekerik-Donikiv \u0219i Muzeul de Etnografie, Via\u021b\u0103 \u0219i Instrumente Muzicale Roman Kumlyk din Verkhovyna. Este un ora\u0219 al viaductelor, un centru sportiv \u0219i turistic \u0219i poarta de acces c\u0103tre Hoverla-Vorokhta. Parcul de miniaturi din Yaremche \u0219i parcul etnoparcul Hutsul Land din sta\u021biunea de schi \u0219i SPA Bukovel. Primul \u0219i singurul Muzeu de Istorie \u0219i Etnografie a Rom\u00e2nilor din Zakarpattia.<\/p>\n\n\n\n<p>Muzeul Maramure\u0219ului din Sighetu Marmatiei, care func\u021bioneaz\u0103 ca un complex muzeal cu o dominant\u0103 etnic\u0103, precum \u0219i cu departamente de istorie-arheologie, istorie cultural\u0103 \u0219i memoriale, \u0219tiin\u021be naturale \u0219i o galerie de art\u0103. Memorialul Victimelor Comunismului \u0219i al Rezisten\u021bei \u0219i Casa Memorial\u0103 a lui Elie Wiesel, laureat al Premiului Nobel pentru Pace, vor prezenta crimele \u00eempotriva umanit\u0103\u021bii ale comunismului \u0219i fascismului. Cimitirul Vesel din S\u0103p\u00e2n\u0163a, unic \u00een lume, \u0219i Muzeul de Etnografie \u0219i Art\u0103 Popular\u0103 al jude\u021bului Baia Mare. Pe l\u00e2ng\u0103 Monet\u0103ria, Muzeul Jude\u021bean de Istorie \u0219i Arheologie Maramure\u0219 g\u0103zduie\u0219te \u0219i un important monument istoric care a f\u0103cut parte din sistemul de fortifica\u021bii al ora\u0219ului medieval Baia Mare, Bastionul M\u0103celarilor. Din vechiul sistem de fortifica\u021bii al ora\u0219ului Baia Mare fac parte \u0219i Pia\u021ba Cet\u0103\u021bii \u0219i Turnul lui \u0218tefan, care este un obiectiv de patrimoniu clasat ca tezaur na\u021bional. Cele patru colec\u021bii ale Muzeului de Mineralogie din Baia Mare, respectiv colec\u021biile de minerale, fosile, roci \u0219i minereuri, cuprind peste 20.800 de exponate. Iubitorii de art\u0103 sunt invita\u021bi s\u0103 viziteze Centrul Artistic din Baia Mare \u0219i Colonia Pictorilor din Baia Mare pentru a vedea lucr\u0103ri de art\u0103 contemporan\u0103 rom\u00e2neasc\u0103 \u0219i lucr\u0103ri care reconstituie traseul artei europene de-a lungul a dou\u0103 secole din secolul al XVIII-lea p\u00e2n\u0103 \u00een secolul al XX-lea. Ansamblul de Cultur\u0103 \u0219i Arhitectur\u0103 Rural\u0103 Breb, unde folclorul local spune c\u0103, cu c\u00e2t poarta este mai bogat\u0103 \u00een decora\u021biuni, cu at\u00e2t mai bogat\u0103 este familia \u0219i Calea Ferat\u0103 din P\u0103durea Moneci\u021ba.<\/p>\n\n\n\n<p>De asemenea, v\u0103 propunem s\u0103 vizita\u021bi 11 situri din patrimoniul mondial UNESCO: Nou\u0103 situri de patrimoniu cultural (Biserica Cobor\u00e2rii Sf\u00e2ntului Duh din Rohatyn, Biserica Na\u0219terii Sfintei Fecioare Maria din Nyzhnyi Verbizh, Biserica \u00cen\u0103l\u021b\u0103rii din Yasinia, Biserica de lemn a Sfintei Cuvioase Parascheva din Dese\u0219ti, Biserica Sfin\u021bilor Arhangheli Mihail \u0219i Gavril din Rogoz, Biserica Sfin\u021bilor Arhangheli din \u015eurde\u0219ti, Biserica Sf\u00e2ntul Nicolae din Bude\u0219ti Josani, Complexul M\u0103n\u0103stirii B\u00e2rsana, Biserica Na\u0219terea Maicii Domnului din Ieud din Deal \u0219i c\u00e2te unul din Patrimoniul cultural imaterial al umanit\u0103\u021bii (ceramic\u0103 pictat\u0103 din Kosiv) \u0219i din Patrimoniul mondial natural (p\u0103durile virgine de fag din Muzeul de ecologie montan\u0103 \u0219i istorie a gestion\u0103rii naturii din Carpa\u021bii ucraineni din Rakhiv).<\/p>\n","protected":false},"excerpt":{"rendered":"<p>Petrece\u021bi o c\u0103l\u0103torie interesant\u0103 de o s\u0103pt\u0103m\u00e2n\u0103?! Un weekend distractiv \u0219i interesant pentru adul\u021bi \u0219i copii? Traseul turistic transfrontalier cultural carpatic include destina\u021bii turistice unice care v\u0103 vor atrage aten\u021bia. Traseul este conceput \u00een a\u0219a fel \u00eenc\u00e2t s\u0103 pute\u021bi explora patrimoniul cultural \u00een timp ce vizita\u021bi me\u0219te\u0219uguri, arti\u0219ti populari, festivaluri, ateliere \u0219i, \u00een general, timp<\/p>\n","protected":false},"author":1,"featured_media":0,"parent":0,"menu_order":0,"comment_status":"closed","ping_status":"closed","template":"","meta":{"inline_featured_image":false,"footnotes":""},"class_list":["post-3363","page","type-page","status-publish","hentry"],"acf":[],"yoast_head":"<!-- This site is optimized with the Yoast SEO plugin v21.2 - https:\/\/yoast.com\/wordpress\/plugins\/seo\/ -->\n<title>Produsul turistic &quot;Ruta Cultural\u0103 Carpatic\u0103&quot; - RUTA CULTURAL\u0102 CARPATIC\u0102<\/title>\n<meta name=\"robots\" content=\"index, follow, max-snippet:-1, max-image-preview:large, max-video-preview:-1\" \/>\n<link rel=\"canonical\" href=\"https:\/\/carpathianculturalroute.com\/ro\/produs-turistic-ruta-culturala-carpatica\/\" \/>\n<meta property=\"og:locale\" content=\"ro_RO\" \/>\n<meta property=\"og:type\" content=\"article\" \/>\n<meta property=\"og:title\" content=\"Produsul turistic &quot;Ruta Cultural\u0103 Carpatic\u0103&quot; - RUTA CULTURAL\u0102 CARPATIC\u0102\" \/>\n<meta property=\"og:description\" content=\"Petrece\u021bi o c\u0103l\u0103torie interesant\u0103 de o s\u0103pt\u0103m\u00e2n\u0103?! Un weekend distractiv \u0219i interesant pentru adul\u021bi \u0219i copii? Traseul turistic transfrontalier cultural carpatic include destina\u021bii turistice unice care v\u0103 vor atrage aten\u021bia. Traseul este conceput \u00een a\u0219a fel \u00eenc\u00e2t s\u0103 pute\u021bi explora patrimoniul cultural \u00een timp ce vizita\u021bi me\u0219te\u0219uguri, arti\u0219ti populari, festivaluri, ateliere \u0219i, \u00een general, timp\" \/>\n<meta property=\"og:url\" content=\"https:\/\/carpathianculturalroute.com\/ro\/produs-turistic-ruta-culturala-carpatica\/\" \/>\n<meta property=\"og:site_name\" content=\"RUTA CULTURAL\u0102 CARPATIC\u0102\" \/>\n<meta property=\"article:publisher\" content=\"https:\/\/www.facebook.com\/Carpathianculturalroute\/\" \/>\n<meta property=\"article:modified_time\" content=\"2023-10-09T16:03:59+00:00\" \/>\n<meta name=\"twitter:card\" content=\"summary_large_image\" \/>\n<script type=\"application\/ld+json\" class=\"yoast-schema-graph\">{\"@context\":\"https:\/\/schema.org\",\"@graph\":[{\"@type\":\"WebPage\",\"@id\":\"https:\/\/carpathianculturalroute.com\/ro\/produs-turistic-ruta-culturala-carpatica\/\",\"url\":\"https:\/\/carpathianculturalroute.com\/ro\/produs-turistic-ruta-culturala-carpatica\/\",\"name\":\"Produsul turistic \\\"Ruta Cultural\u0103 Carpatic\u0103\\\" - RUTA CULTURAL\u0102 CARPATIC\u0102\",\"isPartOf\":{\"@id\":\"https:\/\/carpathianculturalroute.com\/#website\"},\"datePublished\":\"2023-09-21T15:19:47+00:00\",\"dateModified\":\"2023-10-09T16:03:59+00:00\",\"breadcrumb\":{\"@id\":\"https:\/\/carpathianculturalroute.com\/ro\/produs-turistic-ruta-culturala-carpatica\/#breadcrumb\"},\"inLanguage\":\"ro-RO\",\"potentialAction\":[{\"@type\":\"ReadAction\",\"target\":[\"https:\/\/carpathianculturalroute.com\/ro\/produs-turistic-ruta-culturala-carpatica\/\"]}]},{\"@type\":\"BreadcrumbList\",\"@id\":\"https:\/\/carpathianculturalroute.com\/ro\/produs-turistic-ruta-culturala-carpatica\/#breadcrumb\",\"itemListElement\":[{\"@type\":\"ListItem\",\"position\":1,\"name\":\"Home\",\"item\":\"https:\/\/carpathianculturalroute.com\/ro\/\"},{\"@type\":\"ListItem\",\"position\":2,\"name\":\"Produsul turistic &#8220;Ruta Cultural\u0103 Carpatic\u0103&#8221;\"}]},{\"@type\":\"WebSite\",\"@id\":\"https:\/\/carpathianculturalroute.com\/#website\",\"url\":\"https:\/\/carpathianculturalroute.com\/\",\"name\":\"RUTA CULTURAL\u0102 CARPATIC\u0102\",\"description\":\"\",\"publisher\":{\"@id\":\"https:\/\/carpathianculturalroute.com\/#organization\"},\"potentialAction\":[{\"@type\":\"SearchAction\",\"target\":{\"@type\":\"EntryPoint\",\"urlTemplate\":\"https:\/\/carpathianculturalroute.com\/?s={search_term_string}\"},\"query-input\":\"required name=search_term_string\"}],\"inLanguage\":\"ro-RO\"},{\"@type\":\"Organization\",\"@id\":\"https:\/\/carpathianculturalroute.com\/#organization\",\"name\":\"RUTA CULTURAL\u0102 CARPATIC\u0102\",\"url\":\"https:\/\/carpathianculturalroute.com\/\",\"logo\":{\"@type\":\"ImageObject\",\"inLanguage\":\"ro-RO\",\"@id\":\"https:\/\/carpathianculturalroute.com\/#\/schema\/logo\/image\/\",\"url\":\"https:\/\/carpathianculturalroute.com\/wp-content\/uploads\/2023\/10\/logo.webp\",\"contentUrl\":\"https:\/\/carpathianculturalroute.com\/wp-content\/uploads\/2023\/10\/logo.webp\",\"width\":169,\"height\":115,\"caption\":\"RUTA CULTURAL\u0102 CARPATIC\u0102\"},\"image\":{\"@id\":\"https:\/\/carpathianculturalroute.com\/#\/schema\/logo\/image\/\"},\"sameAs\":[\"https:\/\/www.facebook.com\/Carpathianculturalroute\/\"]}]}<\/script>\n<!-- \/ Yoast SEO plugin. -->","yoast_head_json":{"title":"Produsul turistic \"Ruta Cultural\u0103 Carpatic\u0103\" - RUTA CULTURAL\u0102 CARPATIC\u0102","robots":{"index":"index","follow":"follow","max-snippet":"max-snippet:-1","max-image-preview":"max-image-preview:large","max-video-preview":"max-video-preview:-1"},"canonical":"https:\/\/carpathianculturalroute.com\/ro\/produs-turistic-ruta-culturala-carpatica\/","og_locale":"ro_RO","og_type":"article","og_title":"Produsul turistic \"Ruta Cultural\u0103 Carpatic\u0103\" - RUTA CULTURAL\u0102 CARPATIC\u0102","og_description":"Petrece\u021bi o c\u0103l\u0103torie interesant\u0103 de o s\u0103pt\u0103m\u00e2n\u0103?! Un weekend distractiv \u0219i interesant pentru adul\u021bi \u0219i copii? Traseul turistic transfrontalier cultural carpatic include destina\u021bii turistice unice care v\u0103 vor atrage aten\u021bia. Traseul este conceput \u00een a\u0219a fel \u00eenc\u00e2t s\u0103 pute\u021bi explora patrimoniul cultural \u00een timp ce vizita\u021bi me\u0219te\u0219uguri, arti\u0219ti populari, festivaluri, ateliere \u0219i, \u00een general, timp","og_url":"https:\/\/carpathianculturalroute.com\/ro\/produs-turistic-ruta-culturala-carpatica\/","og_site_name":"RUTA CULTURAL\u0102 CARPATIC\u0102","article_publisher":"https:\/\/www.facebook.com\/Carpathianculturalroute\/","article_modified_time":"2023-10-09T16:03:59+00:00","twitter_card":"summary_large_image","schema":{"@context":"https:\/\/schema.org","@graph":[{"@type":"WebPage","@id":"https:\/\/carpathianculturalroute.com\/ro\/produs-turistic-ruta-culturala-carpatica\/","url":"https:\/\/carpathianculturalroute.com\/ro\/produs-turistic-ruta-culturala-carpatica\/","name":"Produsul turistic \"Ruta Cultural\u0103 Carpatic\u0103\" - RUTA CULTURAL\u0102 CARPATIC\u0102","isPartOf":{"@id":"https:\/\/carpathianculturalroute.com\/#website"},"datePublished":"2023-09-21T15:19:47+00:00","dateModified":"2023-10-09T16:03:59+00:00","breadcrumb":{"@id":"https:\/\/carpathianculturalroute.com\/ro\/produs-turistic-ruta-culturala-carpatica\/#breadcrumb"},"inLanguage":"ro-RO","potentialAction":[{"@type":"ReadAction","target":["https:\/\/carpathianculturalroute.com\/ro\/produs-turistic-ruta-culturala-carpatica\/"]}]},{"@type":"BreadcrumbList","@id":"https:\/\/carpathianculturalroute.com\/ro\/produs-turistic-ruta-culturala-carpatica\/#breadcrumb","itemListElement":[{"@type":"ListItem","position":1,"name":"Home","item":"https:\/\/carpathianculturalroute.com\/ro\/"},{"@type":"ListItem","position":2,"name":"Produsul turistic &#8220;Ruta Cultural\u0103 Carpatic\u0103&#8221;"}]},{"@type":"WebSite","@id":"https:\/\/carpathianculturalroute.com\/#website","url":"https:\/\/carpathianculturalroute.com\/","name":"RUTA CULTURAL\u0102 CARPATIC\u0102","description":"","publisher":{"@id":"https:\/\/carpathianculturalroute.com\/#organization"},"potentialAction":[{"@type":"SearchAction","target":{"@type":"EntryPoint","urlTemplate":"https:\/\/carpathianculturalroute.com\/?s={search_term_string}"},"query-input":"required name=search_term_string"}],"inLanguage":"ro-RO"},{"@type":"Organization","@id":"https:\/\/carpathianculturalroute.com\/#organization","name":"RUTA CULTURAL\u0102 CARPATIC\u0102","url":"https:\/\/carpathianculturalroute.com\/","logo":{"@type":"ImageObject","inLanguage":"ro-RO","@id":"https:\/\/carpathianculturalroute.com\/#\/schema\/logo\/image\/","url":"https:\/\/carpathianculturalroute.com\/wp-content\/uploads\/2023\/10\/logo.webp","contentUrl":"https:\/\/carpathianculturalroute.com\/wp-content\/uploads\/2023\/10\/logo.webp","width":169,"height":115,"caption":"RUTA CULTURAL\u0102 CARPATIC\u0102"},"image":{"@id":"https:\/\/carpathianculturalroute.com\/#\/schema\/logo\/image\/"},"sameAs":["https:\/\/www.facebook.com\/Carpathianculturalroute\/"]}]}},"_links":{"self":[{"href":"https:\/\/carpathianculturalroute.com\/ro\/wp-json\/wp\/v2\/pages\/3363","targetHints":{"allow":["GET"]}}],"collection":[{"href":"https:\/\/carpathianculturalroute.com\/ro\/wp-json\/wp\/v2\/pages"}],"about":[{"href":"https:\/\/carpathianculturalroute.com\/ro\/wp-json\/wp\/v2\/types\/page"}],"author":[{"embeddable":true,"href":"https:\/\/carpathianculturalroute.com\/ro\/wp-json\/wp\/v2\/users\/1"}],"replies":[{"embeddable":true,"href":"https:\/\/carpathianculturalroute.com\/ro\/wp-json\/wp\/v2\/comments?post=3363"}],"version-history":[{"count":2,"href":"https:\/\/carpathianculturalroute.com\/ro\/wp-json\/wp\/v2\/pages\/3363\/revisions"}],"predecessor-version":[{"id":3540,"href":"https:\/\/carpathianculturalroute.com\/ro\/wp-json\/wp\/v2\/pages\/3363\/revisions\/3540"}],"wp:attachment":[{"href":"https:\/\/carpathianculturalroute.com\/ro\/wp-json\/wp\/v2\/media?parent=3363"}],"curies":[{"name":"wp","href":"https:\/\/api.w.org\/{rel}","templated":true}]}}