{"id":3333,"date":"2023-09-21T13:50:34","date_gmt":"2023-09-21T13:50:34","guid":{"rendered":"http:\/\/carpathian-cultural-route.local\/?page_id=3333"},"modified":"2023-09-21T13:51:48","modified_gmt":"2023-09-21T13:51:48","slug":"atractii-turistice-unice","status":"publish","type":"page","link":"https:\/\/carpathianculturalroute.com\/ro\/atractii-turistice-unice\/","title":{"rendered":"Atrac\u021bii turistice unice"},"content":{"rendered":"\n<p>Pe l\u00e2ng\u0103 teleschiurile de la sta\u021biunile de schi Bukovel \u0219i Dragobrat, iubitorii de natur\u0103 \u0219i drume\u021bii se pot bucura de priveli\u0219ti \u00eensorite pe traseele de drume\u021bie, precum \u0219i de excursii \u00een zonele \u00eenalte \u0219i pe paji\u0219tile din Carpa\u021bi, dar \u0219i de rafting.&nbsp;<\/p>\n\n\n\n<p>\u00cen special:<\/p>\n\n\n\n<ul class=\"wp-block-list\">\n<li>Drume\u021bii spre cel mai \u00eenalt v\u00e2rf din Ucraina &#8211; Hoverla;<\/li>\n\n\n\n<li>Traseele de drume\u021bie: Khomyak, Sinyak, Maly Gorgan, Dovha, Babyn Pogar;<\/li>\n\n\n\n<li>Rafting pe r\u00e2urile de munte Cheremosh Negru \u0219i Prut;<\/li>\n\n\n\n<li>P\u0103durile virgine de fag din Carpa\u021bi &#8211; un patrimoniu UNESCO.<\/li>\n\n\n\n<li>Observatorul astronomic de pe muntele Pip-Ivan Chornohirsky<\/li>\n\n\n\n<li>Parcul Natural Mun\u021bii Maramure\u015fului<\/li>\n\n\n\n<li>Parcul National al Mun\u021bilor Rodnei &#8211; Rezerva\u021bia Biosferei<\/li>\n\n\n\n<li>Iezerul Mare<\/li>\n\n\n\n<li>Pietrosul Mare<\/li>\n\n\n\n<li>Pe\u0219tera Izei<\/li>\n<\/ul>\n\n\n\n<p>\u0218i alte drume\u021bii, excursii cu bicicleta.<\/p>\n","protected":false},"excerpt":{"rendered":"<p>Pe l\u00e2ng\u0103 teleschiurile de la sta\u021biunile de schi Bukovel \u0219i Dragobrat, iubitorii de natur\u0103 \u0219i drume\u021bii se pot bucura de priveli\u0219ti \u00eensorite pe traseele de drume\u021bie, precum \u0219i de excursii \u00een zonele \u00eenalte \u0219i pe paji\u0219tile din Carpa\u021bi, dar \u0219i de rafting.&nbsp; \u00cen special: \u0218i alte drume\u021bii, excursii cu bicicleta.<\/p>\n","protected":false},"author":1,"featured_media":0,"parent":0,"menu_order":0,"comment_status":"closed","ping_status":"closed","template":"","meta":{"inline_featured_image":false,"footnotes":""},"class_list":["post-3333","page","type-page","status-publish","hentry"],"acf":[],"yoast_head":"<!-- This site is optimized with the Yoast SEO plugin v21.2 - https:\/\/yoast.com\/wordpress\/plugins\/seo\/ -->\n<title>Atrac\u021bii turistice unice - RUTA CULTURAL\u0102 CARPATIC\u0102<\/title>\n<meta name=\"robots\" content=\"index, follow, max-snippet:-1, max-image-preview:large, max-video-preview:-1\" \/>\n<link rel=\"canonical\" href=\"https:\/\/carpathianculturalroute.com\/ro\/atractii-turistice-unice\/\" \/>\n<meta property=\"og:locale\" content=\"ro_RO\" \/>\n<meta property=\"og:type\" content=\"article\" \/>\n<meta property=\"og:title\" content=\"Atrac\u021bii turistice unice - RUTA CULTURAL\u0102 CARPATIC\u0102\" \/>\n<meta property=\"og:description\" content=\"Pe l\u00e2ng\u0103 teleschiurile de la sta\u021biunile de schi Bukovel \u0219i Dragobrat, iubitorii de natur\u0103 \u0219i drume\u021bii se pot bucura de priveli\u0219ti \u00eensorite pe traseele de drume\u021bie, precum \u0219i de excursii \u00een zonele \u00eenalte \u0219i pe paji\u0219tile din Carpa\u021bi, dar \u0219i de rafting.&nbsp; \u00cen special: \u0218i alte drume\u021bii, excursii cu bicicleta.\" \/>\n<meta property=\"og:url\" content=\"https:\/\/carpathianculturalroute.com\/ro\/atractii-turistice-unice\/\" \/>\n<meta property=\"og:site_name\" content=\"RUTA CULTURAL\u0102 CARPATIC\u0102\" \/>\n<meta property=\"article:publisher\" content=\"https:\/\/www.facebook.com\/Carpathianculturalroute\/\" \/>\n<meta property=\"article:modified_time\" content=\"2023-09-21T13:51:48+00:00\" \/>\n<meta name=\"twitter:card\" content=\"summary_large_image\" \/>\n<meta name=\"twitter:label1\" content=\"Timp estimat pentru citire\" \/>\n\t<meta name=\"twitter:data1\" content=\"1 minut\" \/>\n<script type=\"application\/ld+json\" class=\"yoast-schema-graph\">{\"@context\":\"https:\/\/schema.org\",\"@graph\":[{\"@type\":\"WebPage\",\"@id\":\"https:\/\/carpathianculturalroute.com\/ro\/atractii-turistice-unice\/\",\"url\":\"https:\/\/carpathianculturalroute.com\/ro\/atractii-turistice-unice\/\",\"name\":\"Atrac\u021bii turistice unice - RUTA CULTURAL\u0102 CARPATIC\u0102\",\"isPartOf\":{\"@id\":\"https:\/\/carpathianculturalroute.com\/#website\"},\"datePublished\":\"2023-09-21T13:50:34+00:00\",\"dateModified\":\"2023-09-21T13:51:48+00:00\",\"breadcrumb\":{\"@id\":\"https:\/\/carpathianculturalroute.com\/ro\/atractii-turistice-unice\/#breadcrumb\"},\"inLanguage\":\"ro-RO\",\"potentialAction\":[{\"@type\":\"ReadAction\",\"target\":[\"https:\/\/carpathianculturalroute.com\/ro\/atractii-turistice-unice\/\"]}]},{\"@type\":\"BreadcrumbList\",\"@id\":\"https:\/\/carpathianculturalroute.com\/ro\/atractii-turistice-unice\/#breadcrumb\",\"itemListElement\":[{\"@type\":\"ListItem\",\"position\":1,\"name\":\"Home\",\"item\":\"https:\/\/carpathianculturalroute.com\/ro\/\"},{\"@type\":\"ListItem\",\"position\":2,\"name\":\"Atrac\u021bii turistice unice\"}]},{\"@type\":\"WebSite\",\"@id\":\"https:\/\/carpathianculturalroute.com\/#website\",\"url\":\"https:\/\/carpathianculturalroute.com\/\",\"name\":\"RUTA CULTURAL\u0102 CARPATIC\u0102\",\"description\":\"\",\"publisher\":{\"@id\":\"https:\/\/carpathianculturalroute.com\/#organization\"},\"potentialAction\":[{\"@type\":\"SearchAction\",\"target\":{\"@type\":\"EntryPoint\",\"urlTemplate\":\"https:\/\/carpathianculturalroute.com\/?s={search_term_string}\"},\"query-input\":\"required name=search_term_string\"}],\"inLanguage\":\"ro-RO\"},{\"@type\":\"Organization\",\"@id\":\"https:\/\/carpathianculturalroute.com\/#organization\",\"name\":\"RUTA CULTURAL\u0102 CARPATIC\u0102\",\"url\":\"https:\/\/carpathianculturalroute.com\/\",\"logo\":{\"@type\":\"ImageObject\",\"inLanguage\":\"ro-RO\",\"@id\":\"https:\/\/carpathianculturalroute.com\/#\/schema\/logo\/image\/\",\"url\":\"https:\/\/carpathianculturalroute.com\/wp-content\/uploads\/2023\/10\/logo.webp\",\"contentUrl\":\"https:\/\/carpathianculturalroute.com\/wp-content\/uploads\/2023\/10\/logo.webp\",\"width\":169,\"height\":115,\"caption\":\"RUTA CULTURAL\u0102 CARPATIC\u0102\"},\"image\":{\"@id\":\"https:\/\/carpathianculturalroute.com\/#\/schema\/logo\/image\/\"},\"sameAs\":[\"https:\/\/www.facebook.com\/Carpathianculturalroute\/\"]}]}<\/script>\n<!-- \/ Yoast SEO plugin. -->","yoast_head_json":{"title":"Atrac\u021bii turistice unice - RUTA CULTURAL\u0102 CARPATIC\u0102","robots":{"index":"index","follow":"follow","max-snippet":"max-snippet:-1","max-image-preview":"max-image-preview:large","max-video-preview":"max-video-preview:-1"},"canonical":"https:\/\/carpathianculturalroute.com\/ro\/atractii-turistice-unice\/","og_locale":"ro_RO","og_type":"article","og_title":"Atrac\u021bii turistice unice - RUTA CULTURAL\u0102 CARPATIC\u0102","og_description":"Pe l\u00e2ng\u0103 teleschiurile de la sta\u021biunile de schi Bukovel \u0219i Dragobrat, iubitorii de natur\u0103 \u0219i drume\u021bii se pot bucura de priveli\u0219ti \u00eensorite pe traseele de drume\u021bie, precum \u0219i de excursii \u00een zonele \u00eenalte \u0219i pe paji\u0219tile din Carpa\u021bi, dar \u0219i de rafting.&nbsp; \u00cen special: \u0218i alte drume\u021bii, excursii cu bicicleta.","og_url":"https:\/\/carpathianculturalroute.com\/ro\/atractii-turistice-unice\/","og_site_name":"RUTA CULTURAL\u0102 CARPATIC\u0102","article_publisher":"https:\/\/www.facebook.com\/Carpathianculturalroute\/","article_modified_time":"2023-09-21T13:51:48+00:00","twitter_card":"summary_large_image","twitter_misc":{"Timp estimat pentru citire":"1 minut"},"schema":{"@context":"https:\/\/schema.org","@graph":[{"@type":"WebPage","@id":"https:\/\/carpathianculturalroute.com\/ro\/atractii-turistice-unice\/","url":"https:\/\/carpathianculturalroute.com\/ro\/atractii-turistice-unice\/","name":"Atrac\u021bii turistice unice - RUTA CULTURAL\u0102 CARPATIC\u0102","isPartOf":{"@id":"https:\/\/carpathianculturalroute.com\/#website"},"datePublished":"2023-09-21T13:50:34+00:00","dateModified":"2023-09-21T13:51:48+00:00","breadcrumb":{"@id":"https:\/\/carpathianculturalroute.com\/ro\/atractii-turistice-unice\/#breadcrumb"},"inLanguage":"ro-RO","potentialAction":[{"@type":"ReadAction","target":["https:\/\/carpathianculturalroute.com\/ro\/atractii-turistice-unice\/"]}]},{"@type":"BreadcrumbList","@id":"https:\/\/carpathianculturalroute.com\/ro\/atractii-turistice-unice\/#breadcrumb","itemListElement":[{"@type":"ListItem","position":1,"name":"Home","item":"https:\/\/carpathianculturalroute.com\/ro\/"},{"@type":"ListItem","position":2,"name":"Atrac\u021bii turistice unice"}]},{"@type":"WebSite","@id":"https:\/\/carpathianculturalroute.com\/#website","url":"https:\/\/carpathianculturalroute.com\/","name":"RUTA CULTURAL\u0102 CARPATIC\u0102","description":"","publisher":{"@id":"https:\/\/carpathianculturalroute.com\/#organization"},"potentialAction":[{"@type":"SearchAction","target":{"@type":"EntryPoint","urlTemplate":"https:\/\/carpathianculturalroute.com\/?s={search_term_string}"},"query-input":"required name=search_term_string"}],"inLanguage":"ro-RO"},{"@type":"Organization","@id":"https:\/\/carpathianculturalroute.com\/#organization","name":"RUTA CULTURAL\u0102 CARPATIC\u0102","url":"https:\/\/carpathianculturalroute.com\/","logo":{"@type":"ImageObject","inLanguage":"ro-RO","@id":"https:\/\/carpathianculturalroute.com\/#\/schema\/logo\/image\/","url":"https:\/\/carpathianculturalroute.com\/wp-content\/uploads\/2023\/10\/logo.webp","contentUrl":"https:\/\/carpathianculturalroute.com\/wp-content\/uploads\/2023\/10\/logo.webp","width":169,"height":115,"caption":"RUTA CULTURAL\u0102 CARPATIC\u0102"},"image":{"@id":"https:\/\/carpathianculturalroute.com\/#\/schema\/logo\/image\/"},"sameAs":["https:\/\/www.facebook.com\/Carpathianculturalroute\/"]}]}},"_links":{"self":[{"href":"https:\/\/carpathianculturalroute.com\/ro\/wp-json\/wp\/v2\/pages\/3333","targetHints":{"allow":["GET"]}}],"collection":[{"href":"https:\/\/carpathianculturalroute.com\/ro\/wp-json\/wp\/v2\/pages"}],"about":[{"href":"https:\/\/carpathianculturalroute.com\/ro\/wp-json\/wp\/v2\/types\/page"}],"author":[{"embeddable":true,"href":"https:\/\/carpathianculturalroute.com\/ro\/wp-json\/wp\/v2\/users\/1"}],"replies":[{"embeddable":true,"href":"https:\/\/carpathianculturalroute.com\/ro\/wp-json\/wp\/v2\/comments?post=3333"}],"version-history":[{"count":1,"href":"https:\/\/carpathianculturalroute.com\/ro\/wp-json\/wp\/v2\/pages\/3333\/revisions"}],"predecessor-version":[{"id":3334,"href":"https:\/\/carpathianculturalroute.com\/ro\/wp-json\/wp\/v2\/pages\/3333\/revisions\/3334"}],"wp:attachment":[{"href":"https:\/\/carpathianculturalroute.com\/ro\/wp-json\/wp\/v2\/media?parent=3333"}],"curies":[{"name":"wp","href":"https:\/\/api.w.org\/{rel}","templated":true}]}}