{"id":195,"date":"2023-09-05T14:03:01","date_gmt":"2023-09-05T14:03:01","guid":{"rendered":"http:\/\/carpathian-cultural-route.local\/?page_id=195"},"modified":"2023-09-21T13:48:07","modified_gmt":"2023-09-21T13:48:07","slug":"facilitati-de-cazare","status":"publish","type":"page","link":"https:\/\/carpathianculturalroute.com\/ro\/facilitati-de-cazare\/","title":{"rendered":"Facilit\u0103\u021bi de cazare"},"content":{"rendered":"\n<p>Nadiya Hotel 40, Nezalezhnosti str. Ivano-Frankivsk +38(050)4337522 res@nadiyahotel.com www.nadiyahotel.com www.nadiyahotel.com<\/p>\n\n\n\n<p>Reikartz Park Hotel 146 Ivan Mazepa str. Ivano-Frankivsk +38(0342) 595 595, +38(067) 343 1582 reception@parkhotel.com. www.ua parkhotel.com.ua<\/p>\n\n\n\n<p>Grand Hotel Roxolana 7-9 Grunwaldska str. Ivano-Frankivsk +38(050) 5035511, +38(097) 5035511 info@hotel-roxolana.com www.hotel-roxolana.com<\/p>\n\n\n\n<p>Stanislaviv Hotel 7 Vyacheslav Chornovil str. Ivano-Frankivsk +38(067) 3550277 lukshotel@gmail.com www.stanislaviv.org.ua www.stanislaviv.org.ua<\/p>\n\n\n\n<p>Franz Hotel 11a Halytska St. Ivano-Frankivsk +38(066) 8171173 info@hotel-franz.com.ua www.hotel-franz.com.ua<\/p>\n\n\n\n<p>Hotel-restaurant &#8222;Vezha Halych&#8221; 6 Obizhdna str. Halych +38 (067) 343 04 84<\/p>\n\n\n\n<p>Hotel &#8222;Europe&#8221; 42 Myru Street, Rakhiv +38(03132) 25653 hotel- www.europa.com.ua<\/p>\n\n\n\n<p>Hotel &#8222;Olenka&#8221; 48 Myr Street, Rakhiv +38(098) 292 2852, +38(073) 141 69 78 chonka_t2007@ukr.net www.hotel-olenka.com<\/p>\n\n\n\n<p>Hotel &#8222;Krasna Sadyba&#8221; 6 Volodymyr Ivasiuk str. Yaremche +38(095) 301 5040 www.krasnasadyba.if.ua www.krasnasadyba.if.ua<\/p>\n\n\n\n<p>Hotel Romantic Spa 363\/32 Svobody str. Yaremche +38(098) 733 3555 www.romantikspahotels.ua www.romantikspahotels.ua<\/p>\n\n\n\n<p>Hotel &#8222;Vedmezha Hora&#8221; 29 Mykhailo Hrushevskoho str. Yaremche +38(098) 371 5152 www.vedmezhagora.com www.vedmezhagora.com<\/p>\n\n\n\n<p>Complexul turistic \u0219i hotelier &#8222;Kosiv&#8221; 65a Nezalezhnosti St., Kosiv +38(03478) 24673, +38(067)770 3113 www.turkosiv.com.ua<\/p>\n\n\n\n<p>Hotel &#8222;Kermanych&#8221; 188 Danyla Halytskoho St. Vorokhta +38(067) 344 2313<\/p>\n\n\n\n<p>Avangard Training and Sports Centre 3, Danyla Halytskoho St. Vorokhta +38(096) 128 2745<\/p>\n\n\n\n<p>Hotel Tavel Vyshnia sec\u021biunea Polianytsia village +38(067) 676 1104 www.tavel-bykovel.com.ua<\/p>\n\n\n\n<p>Hotel &#8222;Hvoya&#8221; Vyshnia parcela Vyshnia sat Polianytsia +38(097) 700 8385 www.hvoya- bykovel.com.ua<\/p>\n\n\n\n<p>Hotel &#8222;Radisson Blu Resort&#8221; 220 Shchivka str. Polianytsia +38(03434) 37900 www.radissonhotels.com www.radissonhotels.com<\/p>\n\n\n\n<p>VIP Residence Hotel Vyshnia plot, satul Polianytsia +38(044) 394 9493 www.bukovel24.com\/hotels\/vip-residence<\/p>\n\n\n\n<p>Hotel Malyvo 46, 16 iulie Str. Delyatyn sat +38(095) 4535313, +38(098) 4882288, +38(03475) 44206 hotel.maluvo@gmail.com www.malyvo.com.ua<\/p>\n\n\n\n<p>Pysanka Hotel 41 Vyacheslav Chornovil Ave. Kolomyia +38 (03433) 20 356, +38 (097) 31769 25, +38 (066) 471 6853 reception@pysanka-hotel.com www.pysanka-hotel.com\/<\/p>\n\n\n\n<p>Pensiunea Casa Iurca De Calinesti, Str. Tudor Vladimirescu, Nr. 3, office@casaiurca.ro, +40262318882, +40262318890, Sighetu Marma\u021biei, jude\u021bul Maramure\u0219<\/p>\n\n\n\n<p>Pensiunea Agroturistica DOINA, STR. SUGAU, NR. 75, +40262330602, +40730117052, pensiuneadoina.sugau@yahoo.ro, Sighetu Marma\u021biei,&nbsp; jude\u0163ul Maramure\u015f<\/p>\n\n\n\n<p>HOTEL GR\u0102DINA MORII, strada Mihail Eminescu, nr. 97, +40372721210, +40731977000, marioara.gaborean@hotelgradinamorii.ro, Sighetu Marma\u021biei, jude\u021bul Maramure\u0219,&nbsp;<\/p>\n\n\n\n<p>Pensiunea Agroturistic\u0103 P\u0102STR\u0102V\u0102RIA ALEX, Nr. 89, pastravaria.alex@yahoo.com, +40262372686, +40749990042, Dese\u0219ti,&nbsp; sat Mara, jude\u021bul Mara, jude\u021bul Maramure\u0219<\/p>\n\n\n\n<p>Hotel\/Restaurant Hotel Mara, Bd. Unirii , Nr.11, +40262436660, receptie@hotelmara.ro, <a href=\"mailto:office@hotelmara.ro\">office@hotelmara.ro<\/a>, www.hotelmara.ro Baia Mare, jude\u0163ul Maramure\u015f<\/p>\n\n\n\n<p>Hotel\/Restaurant Magus, Str.Dura Nr.4, +40362807205, welcome@magushotel.ro, Baia Mare, jude\u0163ul Maramure\u015f<\/p>\n\n\n\n<p>HOTEL CASTEL TRANSILVANIA, Str. Mihail Eminescu, nr. 136 I, Baia Mare, jude\u0163ul Maramure\u015f, www.casteltransilvania.ro, +40362807814, 0040744363665<\/p>\n\n\n\n<p>Pensiunea Abigel, Nr. 13 B, +40723348909, Colt\u0103u, jude\u0163ul Maramure\u015f&nbsp;<\/p>\n\n\n\n<p>Pensiunea Erika, Str. Teleki Sandor. Nr.43, +40745672597, <a href=\"mailto:Brig_Dor@Yahoo.Com\">Brig_Dor@Yahoo.Com<\/a>, Colt\u0103u, jude\u021bul Maramure\u0219&nbsp;<\/p>\n\n\n\n<p>Pensiunea AURICA, STR. TIBLESULUI, NR. 54, +40745233796, T\u00e2rgu L\u0103pu\u0219, jude\u021bul Maramure\u0219<\/p>\n\n\n\n<p>Pensiunea CASA T\u0102MA\u0218, Str. \u0218oimului, Nr. 5, +40763621930,T\u00e2rgu L\u0103pu\u0219, jude\u021bul Maramure\u0219<\/p>\n\n\n\n<p>Pensiunea HANUL TEILOR, nr.167B, Si\u0219e\u0219ti,&nbsp; sat DANE\u0218TI, www.hanulteilor.ro,rezervari@hanulteilor.ro, +40724288646, +40362803237,jude\u021bul Maramure\u0219<\/p>\n\n\n\n<p>HOTEL SECRET GARDEN \u2013 \u0218i\u0219e\u0219ti,&nbsp; sat DANE\u0218TI, www.secret-garden.ro, +40262298035, +40762007793, jude\u021bul Maramure\u0219<\/p>\n\n\n\n<p>Pensiunea agroturistica INIMA MARAMURE\u0218ULUI, nr. 344, +40726168271, Ocna \u0218ugatag,&nbsp; sat Breb, jude\u021bul Maramure\u0219<\/p>\n\n\n\n<p>Pensiunea Agroturistica, HANUL LUI COB\u00c2L\u0102, Nr. 266I, Bude\u0219ti, +40749859611, jud Maramure\u0219<\/p>\n\n\n\n<p>Pensiunea Agroturism DORINA,str. Principala, NR. 512, B\u00e2rsana, +40262331245, jude\u0163ul Maramure\u015f<\/p>\n\n\n\n<p>Pensiunea Agroturism VALEA MUNTELUI, str. Principala, NR. 401A, +40755759800, ioanstiopei73@yahoo.com, B\u00e2rsana, jude\u0163ul Maramure\u015f,<\/p>\n\n\n\n<p>Pensiunea agroturistica CASA TRADI\u021aIILOR, Nr. 794 A, +40763768648, Ieud, jude\u0163ul Maramure\u015f, cazare@casatraditiilor.ro,&nbsp; www.casatraditiilor.ro<\/p>\n\n\n\n<p>Pensiune LA CASSA, str. Gheorghe Doja, nr. 6, +40748476984, Vi\u0219eu de Sus, jude\u021bul Maramure\u0219<\/p>\n\n\n\n<p>HOTEL MIRAGE, strada R\u00e2ndunelelor nr.6, +40362807750,Vi\u0219eu de Sus, jude\u021bul Maramure\u0219, office@mirage-resort.ro, www. mirage-resort.ro<\/p>\n","protected":false},"excerpt":{"rendered":"<p>Nadiya Hotel 40, Nezalezhnosti str. Ivano-Frankivsk +38(050)4337522 res@nadiyahotel.com www.nadiyahotel.com www.nadiyahotel.com Reikartz Park Hotel 146 Ivan Mazepa str. Ivano-Frankivsk +38(0342) 595 595, +38(067) 343 1582 reception@parkhotel.com. www.ua parkhotel.com.ua Grand Hotel Roxolana 7-9 Grunwaldska str. Ivano-Frankivsk +38(050) 5035511, +38(097) 5035511 info@hotel-roxolana.com www.hotel-roxolana.com Stanislaviv Hotel 7 Vyacheslav Chornovil str. Ivano-Frankivsk +38(067) 3550277 lukshotel@gmail.com www.stanislaviv.org.ua www.stanislaviv.org.ua Franz Hotel 11a<\/p>\n","protected":false},"author":1,"featured_media":0,"parent":0,"menu_order":0,"comment_status":"closed","ping_status":"closed","template":"","meta":{"inline_featured_image":false,"footnotes":""},"class_list":["post-195","page","type-page","status-publish","hentry"],"acf":[],"yoast_head":"<!-- This site is optimized with the Yoast SEO plugin v21.2 - https:\/\/yoast.com\/wordpress\/plugins\/seo\/ -->\n<title>Facilit\u0103\u021bi de cazare - RUTA CULTURAL\u0102 CARPATIC\u0102<\/title>\n<meta name=\"robots\" content=\"index, follow, max-snippet:-1, max-image-preview:large, max-video-preview:-1\" \/>\n<link rel=\"canonical\" href=\"https:\/\/carpathianculturalroute.com\/zaklady-rozmishchennia\/\" \/>\n<meta property=\"og:locale\" content=\"ro_RO\" \/>\n<meta property=\"og:type\" content=\"article\" \/>\n<meta property=\"og:title\" content=\"Facilit\u0103\u021bi de cazare - RUTA CULTURAL\u0102 CARPATIC\u0102\" \/>\n<meta property=\"og:description\" content=\"Nadiya Hotel 40, Nezalezhnosti str. Ivano-Frankivsk +38(050)4337522 res@nadiyahotel.com www.nadiyahotel.com www.nadiyahotel.com Reikartz Park Hotel 146 Ivan Mazepa str. Ivano-Frankivsk +38(0342) 595 595, +38(067) 343 1582 reception@parkhotel.com. www.ua parkhotel.com.ua Grand Hotel Roxolana 7-9 Grunwaldska str. Ivano-Frankivsk +38(050) 5035511, +38(097) 5035511 info@hotel-roxolana.com www.hotel-roxolana.com Stanislaviv Hotel 7 Vyacheslav Chornovil str. Ivano-Frankivsk +38(067) 3550277 lukshotel@gmail.com www.stanislaviv.org.ua www.stanislaviv.org.ua Franz Hotel 11a\" \/>\n<meta property=\"og:url\" content=\"https:\/\/carpathianculturalroute.com\/zaklady-rozmishchennia\/\" \/>\n<meta property=\"og:site_name\" content=\"RUTA CULTURAL\u0102 CARPATIC\u0102\" \/>\n<meta property=\"article:publisher\" content=\"https:\/\/www.facebook.com\/Carpathianculturalroute\/\" \/>\n<meta property=\"article:modified_time\" content=\"2023-09-21T13:48:07+00:00\" \/>\n<meta name=\"twitter:card\" content=\"summary_large_image\" \/>\n<meta name=\"twitter:label1\" content=\"Timp estimat pentru citire\" \/>\n\t<meta name=\"twitter:data1\" content=\"3 minute\" \/>\n<script type=\"application\/ld+json\" class=\"yoast-schema-graph\">{\"@context\":\"https:\/\/schema.org\",\"@graph\":[{\"@type\":\"WebPage\",\"@id\":\"https:\/\/carpathianculturalroute.com\/zaklady-rozmishchennia\/\",\"url\":\"https:\/\/carpathianculturalroute.com\/zaklady-rozmishchennia\/\",\"name\":\"Facilit\u0103\u021bi de cazare - RUTA CULTURAL\u0102 CARPATIC\u0102\",\"isPartOf\":{\"@id\":\"https:\/\/carpathianculturalroute.com\/#website\"},\"datePublished\":\"2023-09-05T14:03:01+00:00\",\"dateModified\":\"2023-09-21T13:48:07+00:00\",\"breadcrumb\":{\"@id\":\"https:\/\/carpathianculturalroute.com\/zaklady-rozmishchennia\/#breadcrumb\"},\"inLanguage\":\"ro-RO\",\"potentialAction\":[{\"@type\":\"ReadAction\",\"target\":[\"https:\/\/carpathianculturalroute.com\/zaklady-rozmishchennia\/\"]}]},{\"@type\":\"BreadcrumbList\",\"@id\":\"https:\/\/carpathianculturalroute.com\/zaklady-rozmishchennia\/#breadcrumb\",\"itemListElement\":[{\"@type\":\"ListItem\",\"position\":1,\"name\":\"Home\",\"item\":\"https:\/\/carpathianculturalroute.com\/ro\/\"},{\"@type\":\"ListItem\",\"position\":2,\"name\":\"Facilit\u0103\u021bi de cazare\"}]},{\"@type\":\"WebSite\",\"@id\":\"https:\/\/carpathianculturalroute.com\/#website\",\"url\":\"https:\/\/carpathianculturalroute.com\/\",\"name\":\"RUTA CULTURAL\u0102 CARPATIC\u0102\",\"description\":\"\",\"publisher\":{\"@id\":\"https:\/\/carpathianculturalroute.com\/#organization\"},\"potentialAction\":[{\"@type\":\"SearchAction\",\"target\":{\"@type\":\"EntryPoint\",\"urlTemplate\":\"https:\/\/carpathianculturalroute.com\/?s={search_term_string}\"},\"query-input\":\"required name=search_term_string\"}],\"inLanguage\":\"ro-RO\"},{\"@type\":\"Organization\",\"@id\":\"https:\/\/carpathianculturalroute.com\/#organization\",\"name\":\"RUTA CULTURAL\u0102 CARPATIC\u0102\",\"url\":\"https:\/\/carpathianculturalroute.com\/\",\"logo\":{\"@type\":\"ImageObject\",\"inLanguage\":\"ro-RO\",\"@id\":\"https:\/\/carpathianculturalroute.com\/#\/schema\/logo\/image\/\",\"url\":\"https:\/\/carpathianculturalroute.com\/wp-content\/uploads\/2023\/10\/logo.webp\",\"contentUrl\":\"https:\/\/carpathianculturalroute.com\/wp-content\/uploads\/2023\/10\/logo.webp\",\"width\":169,\"height\":115,\"caption\":\"RUTA CULTURAL\u0102 CARPATIC\u0102\"},\"image\":{\"@id\":\"https:\/\/carpathianculturalroute.com\/#\/schema\/logo\/image\/\"},\"sameAs\":[\"https:\/\/www.facebook.com\/Carpathianculturalroute\/\"]}]}<\/script>\n<!-- \/ Yoast SEO plugin. -->","yoast_head_json":{"title":"Facilit\u0103\u021bi de cazare - RUTA CULTURAL\u0102 CARPATIC\u0102","robots":{"index":"index","follow":"follow","max-snippet":"max-snippet:-1","max-image-preview":"max-image-preview:large","max-video-preview":"max-video-preview:-1"},"canonical":"https:\/\/carpathianculturalroute.com\/zaklady-rozmishchennia\/","og_locale":"ro_RO","og_type":"article","og_title":"Facilit\u0103\u021bi de cazare - RUTA CULTURAL\u0102 CARPATIC\u0102","og_description":"Nadiya Hotel 40, Nezalezhnosti str. Ivano-Frankivsk +38(050)4337522 res@nadiyahotel.com www.nadiyahotel.com www.nadiyahotel.com Reikartz Park Hotel 146 Ivan Mazepa str. Ivano-Frankivsk +38(0342) 595 595, +38(067) 343 1582 reception@parkhotel.com. www.ua parkhotel.com.ua Grand Hotel Roxolana 7-9 Grunwaldska str. Ivano-Frankivsk +38(050) 5035511, +38(097) 5035511 info@hotel-roxolana.com www.hotel-roxolana.com Stanislaviv Hotel 7 Vyacheslav Chornovil str. Ivano-Frankivsk +38(067) 3550277 lukshotel@gmail.com www.stanislaviv.org.ua www.stanislaviv.org.ua Franz Hotel 11a","og_url":"https:\/\/carpathianculturalroute.com\/zaklady-rozmishchennia\/","og_site_name":"RUTA CULTURAL\u0102 CARPATIC\u0102","article_publisher":"https:\/\/www.facebook.com\/Carpathianculturalroute\/","article_modified_time":"2023-09-21T13:48:07+00:00","twitter_card":"summary_large_image","twitter_misc":{"Timp estimat pentru citire":"3 minute"},"schema":{"@context":"https:\/\/schema.org","@graph":[{"@type":"WebPage","@id":"https:\/\/carpathianculturalroute.com\/zaklady-rozmishchennia\/","url":"https:\/\/carpathianculturalroute.com\/zaklady-rozmishchennia\/","name":"Facilit\u0103\u021bi de cazare - RUTA CULTURAL\u0102 CARPATIC\u0102","isPartOf":{"@id":"https:\/\/carpathianculturalroute.com\/#website"},"datePublished":"2023-09-05T14:03:01+00:00","dateModified":"2023-09-21T13:48:07+00:00","breadcrumb":{"@id":"https:\/\/carpathianculturalroute.com\/zaklady-rozmishchennia\/#breadcrumb"},"inLanguage":"ro-RO","potentialAction":[{"@type":"ReadAction","target":["https:\/\/carpathianculturalroute.com\/zaklady-rozmishchennia\/"]}]},{"@type":"BreadcrumbList","@id":"https:\/\/carpathianculturalroute.com\/zaklady-rozmishchennia\/#breadcrumb","itemListElement":[{"@type":"ListItem","position":1,"name":"Home","item":"https:\/\/carpathianculturalroute.com\/ro\/"},{"@type":"ListItem","position":2,"name":"Facilit\u0103\u021bi de cazare"}]},{"@type":"WebSite","@id":"https:\/\/carpathianculturalroute.com\/#website","url":"https:\/\/carpathianculturalroute.com\/","name":"RUTA CULTURAL\u0102 CARPATIC\u0102","description":"","publisher":{"@id":"https:\/\/carpathianculturalroute.com\/#organization"},"potentialAction":[{"@type":"SearchAction","target":{"@type":"EntryPoint","urlTemplate":"https:\/\/carpathianculturalroute.com\/?s={search_term_string}"},"query-input":"required name=search_term_string"}],"inLanguage":"ro-RO"},{"@type":"Organization","@id":"https:\/\/carpathianculturalroute.com\/#organization","name":"RUTA CULTURAL\u0102 CARPATIC\u0102","url":"https:\/\/carpathianculturalroute.com\/","logo":{"@type":"ImageObject","inLanguage":"ro-RO","@id":"https:\/\/carpathianculturalroute.com\/#\/schema\/logo\/image\/","url":"https:\/\/carpathianculturalroute.com\/wp-content\/uploads\/2023\/10\/logo.webp","contentUrl":"https:\/\/carpathianculturalroute.com\/wp-content\/uploads\/2023\/10\/logo.webp","width":169,"height":115,"caption":"RUTA CULTURAL\u0102 CARPATIC\u0102"},"image":{"@id":"https:\/\/carpathianculturalroute.com\/#\/schema\/logo\/image\/"},"sameAs":["https:\/\/www.facebook.com\/Carpathianculturalroute\/"]}]}},"_links":{"self":[{"href":"https:\/\/carpathianculturalroute.com\/ro\/wp-json\/wp\/v2\/pages\/195","targetHints":{"allow":["GET"]}}],"collection":[{"href":"https:\/\/carpathianculturalroute.com\/ro\/wp-json\/wp\/v2\/pages"}],"about":[{"href":"https:\/\/carpathianculturalroute.com\/ro\/wp-json\/wp\/v2\/types\/page"}],"author":[{"embeddable":true,"href":"https:\/\/carpathianculturalroute.com\/ro\/wp-json\/wp\/v2\/users\/1"}],"replies":[{"embeddable":true,"href":"https:\/\/carpathianculturalroute.com\/ro\/wp-json\/wp\/v2\/comments?post=195"}],"version-history":[{"count":2,"href":"https:\/\/carpathianculturalroute.com\/ro\/wp-json\/wp\/v2\/pages\/195\/revisions"}],"predecessor-version":[{"id":3329,"href":"https:\/\/carpathianculturalroute.com\/ro\/wp-json\/wp\/v2\/pages\/195\/revisions\/3329"}],"wp:attachment":[{"href":"https:\/\/carpathianculturalroute.com\/ro\/wp-json\/wp\/v2\/media?parent=195"}],"curies":[{"name":"wp","href":"https:\/\/api.w.org\/{rel}","templated":true}]}}