{"id":187,"date":"2023-08-30T09:15:30","date_gmt":"2023-08-30T09:15:30","guid":{"rendered":"http:\/\/carpathian-cultural-route.local\/?page_id=187"},"modified":"2023-09-05T14:00:09","modified_gmt":"2023-09-05T14:00:09","slug":"legaturi-de-transport","status":"publish","type":"page","link":"https:\/\/carpathianculturalroute.com\/ro\/despre-regiune\/legaturi-de-transport\/","title":{"rendered":"Leg\u0103turi de transport"},"content":{"rendered":"\n<p>Acest produs turistic are un program principal, bogat in obiecte culturale \u0219i istorice spectculoase, care definesc de fapt con\u021binutul turului propus \u0219i urmeaz\u0103 traseul Rohatyn &#8211; Halych &#8211; Ivano-Frankivsk &#8211; Kolomyia &#8211; Nyzhniy Verbizh &#8211; Kosiv &#8211; Verkhovyna &#8211; Vorokhta &#8211; Yaremche &#8211; Polianytsia &#8211; Yasinia &#8211; Rakhiv \u2013 Ap\u0219a de Jos &#8211; Solotvyno &#8211; Sighetu Marma\u0163iei &#8211; S\u0103p\u00e2n\u0163a &#8211; Dese\u015fti &#8211; Baia Mare &#8211; Colt\u0103u &#8211; Rohia &#8211; Rogoz &#8211; \u015eurde\u015fti &#8211; Breb &#8211; Bude\u0219ti Josani &#8211; B\u00e2rsana &#8211; Ieud Deal &#8211; Vi\u0219eul de Sus &#8211; Sighetu Marma\u0163iei.<\/p>\n\n\n\n<p><strong>Tabel al componentei de transport a turului &#8222;Ruta Cultural\u0103 Carpatic\u0103&#8221;<\/strong><\/p>\n\n\n\n<p>(Timpul este dat \u021bin\u00e2nd cont de starea real\u0103 a drumurilor pentru deplasarea cu transportul de excursie).<\/p>\n\n\n\n<figure class=\"wp-block-table\"><table><tbody><tr><td><strong>#<\/strong><\/td><td><strong>RUTA<\/strong><strong><\/strong><\/td><td><strong>Distan\u021ba (km)<\/strong><\/td><td><strong>Durata (h)<\/strong><\/td><\/tr><tr><td>1<\/td><td>Rohatyn &#8211; Halych<\/td><td>36,6<\/td><td>0,45<\/td><\/tr><tr><td>2<\/td><td>Halych &#8211; Ivano-Frankivsk&nbsp;<\/td><td>25<\/td><td>0,30<\/td><\/tr><tr><td>3<\/td><td>Halych &#8211; Krylos<\/td><td>7,3<\/td><td>0,10<\/td><\/tr><tr><td>4<\/td><td>Halych &#8211; Shevchenkove<\/td><td>3,2<\/td><td>0,07<\/td><\/tr><tr><td>5<\/td><td>Ivano-Frankivsk &#8211; Kolomyia<\/td><td>59,1<\/td><td>1,30<\/td><\/tr><tr><td>6<\/td><td>Ivano-Frankivsk &#8211; Yaremche<\/td><td>65<\/td><td>1.30<\/td><\/tr><tr><td>7<\/td><td>Ivano-Frankivsk &#8211; Polianytsia<\/td><td>97,1<\/td><td>2,00<\/td><\/tr><tr><td>8<\/td><td>Ivano-Frankivsk &#8211; Rakhiv<\/td><td>135,7<\/td><td>2,41<\/td><\/tr><tr><td>9<\/td><td>Ivano-Frankivsk &#8211; Solotvyno<\/td><td>181,3<\/td><td>3,29<\/td><\/tr><tr><td>10<\/td><td>Ivano-Frankivsk &#8211; Vorokhta<\/td><td>90,0<\/td><td>1,48<\/td><\/tr><tr><td>11<\/td><td>Ivano-Frankivsk &#8211; Verkhovyna<\/td><td>120,5<\/td><td>2,41<\/td><\/tr><tr><td>12<\/td><td>Kolomyia &#8211; Nyzhniy Verbizh<\/td><td>6,2<\/td><td>0,15<\/td><\/tr><tr><td>13<\/td><td>Kolomyia &#8211; Kosiv<\/td><td>34,1<\/td><td>1,00<\/td><\/tr><tr><td>14<\/td><td>Kosiv &#8211; Yavoriv<\/td><td>14,00<\/td><td>0,30<\/td><\/tr><tr><td>15<\/td><td>Yavoriv &#8211; Kryvorivnia<\/td><td>14,00<\/td><td>0, 20<\/td><\/tr><tr><td>16<\/td><td>Kryvorivnia &#8211; Verkhovyna<\/td><td>8,1<\/td><td>0, 15<\/td><\/tr><tr><td>17<\/td><td>Verkhovyna &#8211; Vorokhta<\/td><td>30,2<\/td><td>1,00<\/td><\/tr><tr><td>18<\/td><td>Verkhovyna &#8211; Polianytsia<\/td><td>51,8<\/td><td>1,10<\/td><\/tr><tr><td>19<\/td><td>Verkhovyna &#8211; Yasinia<\/td><td>63,4<\/td><td>1,17<\/td><\/tr><tr><td>20<\/td><td>Polianytsia &#8211; Yasinya<\/td><td>23,3<\/td><td>0,40<\/td><\/tr><tr><td>21<\/td><td>Iasinia &#8211; Rakhiv<\/td><td>32,1<\/td><td>0,40<\/td><\/tr><tr><td>22<\/td><td>Rakhiv &#8211; Serednie Vodyane<\/td><td>31,1<\/td><td>1,00<\/td><\/tr><tr><td>23<\/td><td>Rakhiv &#8211; Dilove<\/td><td>18,6<\/td><td>0,30<\/td><\/tr><tr><td>24<\/td><td>Rakhiv-Solotvyno<\/td><td>48,0<\/td><td>1,00<\/td><\/tr><tr><td>25<\/td><td>Serednie Vodyane &#8211; Solotvyno<\/td><td>12,3<\/td><td>0,30<\/td><\/tr><tr><td>26<\/td><td>Solotvyno &#8211; Sighetu Marma\u0163iei<\/td><td>6,0<\/td><td>0,19&nbsp;<\/td><\/tr><tr><td>27<\/td><td>Sighetu Marma\u0163iei &#8211; S\u0103p\u00e2n\u0163a<\/td><td>19,1<\/td><td>0,23<\/td><\/tr><tr><td>29<\/td><td>Sighetu Marma\u0163iei &#8211; Dese\u015fti<\/td><td>23,4<\/td><td>0,30<\/td><\/tr><tr><td>30<\/td><td>Dese\u015fti &#8211; Baia Mare<\/td><td>41,2<\/td><td>0,53<\/td><\/tr><tr><td>31<\/td><td>Baia Mare &#8211; Colt\u0103u&nbsp;<\/td><td>11,2<\/td><td>0,16<\/td><\/tr><tr><td>32<\/td><td>Colt\u0103u &#8211; Rohia&nbsp;<\/td><td>46,5<\/td><td>0,54<\/td><\/tr><tr><td>33<\/td><td>Rohia &#8211; Rogoz<\/td><td>12,6<\/td><td>0,17<\/td><\/tr><tr><td>34<\/td><td>Rogoz &#8211; \u015eurde\u015fti<\/td><td>41,0<\/td><td>0,46<\/td><\/tr><tr><td>35<\/td><td>\u015eurde\u015fti &#8211; Breb<\/td><td>29,6<\/td><td>0,39<\/td><\/tr><tr><td>36<\/td><td>Breb &#8211; Bude\u0219ti Josani<\/td><td>12,6<\/td><td>0,24<\/td><\/tr><tr><td>37<\/td><td>Bude\u0219ti Josani &#8211; B\u00e2rsana<\/td><td>29,1<\/td><td>0,39<\/td><\/tr><tr><td>38<\/td><td>B\u00e2rsana &#8211; Ieud Deal&nbsp;<\/td><td>20,2<\/td><td>0,23<\/td><\/tr><tr><td>39<\/td><td>Ieud Deal &#8211; Vi\u0219eul de Sus<\/td><td>23,1<\/td><td>0,30<\/td><\/tr><tr><td>40<\/td><td>Vi\u0219eul de Sus &#8211; Sighetu Marma\u0163iei<\/td><td>59,7<\/td><td>1,09<\/td><\/tr><\/tbody><\/table><\/figure>\n\n\n\n<p>Localit\u0103\u0163i de tranzit &#8211; \u00een Ucraina: Burshtyn, Tysmenytsia, Otynia, Yabluniv; \u00een Rom\u00e2nia: Baia-Sprie, Cavnic, T\u00e2rgu L\u0103pu\u015f.<\/p>\n\n\n\n<p>Re\u021beaua de transport include un aeroport, g\u0103ri \u0219i sta\u021bii de autobuz, precum \u0219i servicii de \u00eenchiriere de ma\u0219ini. \u00cen consecin\u021b\u0103, exist\u0103 service-uri auto \u0219i benzin\u0103rii.<\/p>\n\n\n\n<p><strong>Cum se ajunge la Ivano-Frankivsk:<\/strong><\/p>\n\n\n\n<p><strong>Sta\u021bii de autobuz:&nbsp;&nbsp;<\/strong><\/p>\n\n\n\n<p>Sportyvna St. satul Solotvyno, districtul Tyachiv, regiunea Zakarpattia tel. +380504346620, +380312220457 https:\/\/zakavto.com.ua;&nbsp;<\/p>\n\n\n\n<p>41, Oleksa Borkaniuk str. Velyky Bychkiv Velyky Bychkivska comunitate rural\u0103 Rakhiv district, regiunea Zakarpattia tel. +380504346620, +380312220459 https:\/\/zakavto.com.ua https:\/\/zakavto.com.ua&nbsp;<\/p>\n\n\n\n<p>11 Pryvokzalna str. Rakhiv Rakhiv raionul Zakarpattia oblast tel. +380504346620, +380312220458 https:\/\/zakavto.com.ua https:\/\/zakavto.com.ua&nbsp;<\/p>\n\n\n\n<p>6 Myr Str. Yasinya Yasinya comunitatea a\u0219ez\u0103rii Rakhiv raionul Rakhiv, regiunea Zakarpattia tel. +38050 434 6620, +3803122 20460, https:\/\/zakavto.com.ua&nbsp;<\/p>\n\n\n\n<p>234 Svobody str. Yaremche Nadvirna raion, regiunea Ivano-Frankivsk tel. +30343422317 https:\/\/avtobys.in.ua https:\/\/avtobys.in.ua&nbsp;<\/p>\n\n\n\n<p>3 Vokzalna str. Nadvirna raionul Nadvirna, regiunea Ivano-Frankivsk tel. +380347522470 , +380347523561 https:\/\/avtobys.in.ua;&nbsp;<\/p>\n\n\n\n<p>Sta\u021bia de autobuz nr. 1, 30 Zaliznychna str. Ivano-Frankivsk tel. +380342750830, sta\u021bia de autobuz nr. 2, 14 Ivan Gorbachevskoho St. Ivano-Frankivsk tel. +380342583666 https:\/\/avtobys.in.ua;&nbsp;<\/p>\n\n\n\n<p>Bulevardul Mykhailo Hrushevskoho, 63, Ivano-Frankivsk. Kolomyia Districtul Kolomyia, regiunea Ivano-Frankivsk tel. +380343349261 https:\/\/avtobys.in.ua&nbsp;<\/p>\n\n\n\n<p>13 Hvardiyska str. Kosiv Districtul Kosiv, regiunea Ivano-Frankivsk tel. +380347821267 https:\/\/avtobys.in.ua;<\/p>\n\n\n\n<p>&nbsp;13 Hutsulskoho Vosstaniya St. Verkhovyna, districtul Verkhovyna, regiunea Ivano-Frankivsk tel. +380343221290 https:\/\/avtobys.in.ua https:\/\/avtobys.in.ua&nbsp;<\/p>\n\n\n\n<p>3 Dmytro Vitovskoho str. Halych Ivano-Frankivsk district Ivano-Frankivsk regiune Ivano-Frankivsk tel. +3803431 2214 https:\/\/avtobys.in.ua 7;&nbsp;<\/p>\n\n\n\n<p>8 Halytska St. Rohatyn, districtul Ivano-Frankivsk, regiunea Ivano-Frankivsk tel. +380343521499 https:\/\/avtobys.in.ua.<\/p>\n\n\n\n<p><strong>Calea ferat\u0103, <\/strong>site https:\/\/uz.gov.ua:&nbsp;<\/p>\n\n\n\n<p>1, Zaliznychna St. Solotvyno, districtul Tyachiv, regiunea Zakarpattia;<\/p>\n\n\n\n<p>&nbsp;4 Pryvokzalna str. Rakhiv, raionul Rakhiv, regiunea Zakarpattia;&nbsp;<\/p>\n\n\n\n<p>Taras Shevchenko str. b\/n satul Yasinya comunitatea a\u0219ez\u0103rii Yasinya, raionul Rakhiv, regiunea Zakarpattia;&nbsp;<\/p>\n\n\n\n<p>268 Svobody str. Yaremche Nadvirna district, regiunea Ivano-Frankivsk tel. +30343422356;&nbsp;<\/p>\n\n\n\n<p>1 Dmytro Vitovskoho str. Halych Ivano-Frankivsk district, regiunea Ivano-Frankivsk tel. +380343121457;&nbsp;<\/p>\n\n\n\n<p>Pia\u021ba Pryvokzalna, Kolomyia, districtul Kolomyia, regiunea Ivano-Frankivsk tel. +38034333372223;&nbsp;<\/p>\n\n\n\n<p>1 Pryvokzalna St. Ivano-Frankivsk tel. +380342592223, +380342593034.<\/p>\n\n\n\n<p><strong>Aeroportul Interna\u021bional <\/strong>264a Yevhenia Konovaltsia St. 264a, Ivano-Frankivsk tel. +380342728348 maifgov@ukr.net, https:\/\/ifo.aero, https:\/\/airport.if.ua<\/p>\n\n\n\n<p><strong>Companie de \u00eenchirieri auto <\/strong>&#8222;Cars IF&#8221; c. Ivano-Frankivsk +380505407877 https:\/\/cars.if.ua; SIXT Ivano-Frankivsk +380443830006 https:\/\/sixt.ua; &#8222;K-RENT&#8221; Ivano-Frankivsk +380972827277 <a href=\"https:\/\/k-rent.com.ua\">https:\/\/k-rent.com.ua<\/a>.<\/p>\n\n\n\n<p><strong>Cum se ajunge \u00een Maramure\u0219:&nbsp;<\/strong><\/p>\n\n\n\n<p><strong>Cu avionul <\/strong>&#8211; Aeroportul Baia Mare (www.baiamareairport.ro) este situat la 8 km de centrul ora\u0219ului. Exist\u0103 zboruri interne din Bucure\u0219ti asigurate de compania Tarom Airlines (www.tarom.ro). Alte aeroporturi din regiune sunt Satu Mare (la 75 km de Baia Mare) \u0219i Cluj Napoca (la 150 km de Baia Mare).<strong>&nbsp;<\/strong><\/p>\n\n\n\n<p><strong>Cu trenul <\/strong>&#8211; toate serviciile de transport feroviar sunt asigurate de C\u0103ile Ferate Rom\u00e2ne, orarele trenurilor pot fi g\u0103site pe site-ul acestora www.cfrcalatori.ro . Principalele sta\u021bii de cale ferat\u0103: Baia Mare, Sighetu Marma\u0163iei, Seini, Vi\u0219eul de Jos, Ulmeni.<\/p>\n\n\n\n<p>Pe \u0219osea &#8211; se poate ajunge \u00een Maramure\u0219 cu ma\u0219ina sau cu autobuzul.<\/p>\n\n\n\n<p><strong>NUMERELE DE TELEFON ALE SERVICIILOR DE INFORMARE:<\/strong><\/p>\n\n\n\n<p>Aeroportul Baia Mare &#8211; www.baiamareairport.ro&nbsp;&nbsp;&nbsp;&nbsp;&nbsp;&nbsp;&nbsp;&nbsp;&nbsp;<\/p>\n\n\n\n<p>Compania aerian\u0103 Tarom \u00een Rom\u00e2nia &#8211; www.tarom.ro<\/p>\n\n\n\n<p>Agen\u021bia Tarom din Baia Mare: (+40 262) 221624<\/p>\n\n\n\n<p>Autogara din Baia Mare: (+40 262) 221777<\/p>\n\n\n\n<p>Gara din Baia Mare: (+40 262) 220952 www.cfrcalatori.ro &#8211; site-ul C\u0103ilor Ferate Rom\u00e2ne<\/p>\n\n\n\n<p><strong>Companii private de autobuz:<\/strong><\/p>\n\n\n\n<p>Azur TC &#8211; tel: (+40 262) 221777; http:\/\/www.azurexpres.ro\/; e-mail: office@azurexpres.ro&nbsp;&nbsp;<\/p>\n\n\n\n<p>Dracard &#8211; tel: (+40 262) 342643; http:\/\/www.dracard.ro\/;&nbsp;<\/p>\n\n\n\n<p>Fany &#8211; tel: (+40 364) 887190; http:\/\/www.fany.ro; e-mail: office@fany.ro&nbsp;&nbsp;<\/p>\n\n\n\n<p>GeoTur &#8211; tel: (+40 742) 945755; http:\/\/www.geo-tur.ro\/; e-mail: contact@geo-tur.ro&nbsp;&nbsp;<\/p>\n\n\n\n<p>RVG Speed &#8211; tel: (+40 231) 531589; http:\/\/www.rvg.ro\/transport\/; e-mail: office@rvg.ro&nbsp;&nbsp;<\/p>\n\n\n\n<p>Sincarom Trans &#8211; tel: (+40-742) 341018; e-mail: dornamis@yahoo.com&nbsp;<\/p>\n\n\n\n<p>De-a lungul traseului, exist\u0103 o re\u021bea extins\u0103 de facilit\u0103\u021bi de servicii rutiere, inclusiv locuri de oprire special amenajate pentru vehiculele de pe traseu, parc\u0103ri, zone de odihn\u0103, puncte de belvedere, sta\u021bii de benzin\u0103, sta\u021bii de \u00eentre\u021binere, moteluri, sta\u021bii de alimentare \u0219i de ap\u0103 potabil\u0103, rulote, toalete, co\u0219uri de gunoi \u0219i containere de gunoi.<\/p>\n","protected":false},"excerpt":{"rendered":"<p>Acest produs turistic are un program principal, bogat in obiecte culturale \u0219i istorice spectculoase, care definesc de fapt con\u021binutul turului propus \u0219i urmeaz\u0103 traseul Rohatyn &#8211; Halych &#8211; Ivano-Frankivsk &#8211; Kolomyia &#8211; Nyzhniy Verbizh &#8211; Kosiv &#8211; Verkhovyna &#8211; Vorokhta &#8211; Yaremche &#8211; Polianytsia &#8211; Yasinia &#8211; Rakhiv \u2013 Ap\u0219a de Jos &#8211; Solotvyno &#8211;<\/p>\n","protected":false},"author":1,"featured_media":0,"parent":163,"menu_order":0,"comment_status":"closed","ping_status":"closed","template":"","meta":{"inline_featured_image":false,"footnotes":""},"class_list":["post-187","page","type-page","status-publish","hentry"],"acf":[],"yoast_head":"<!-- This site is optimized with the Yoast SEO plugin v21.2 - https:\/\/yoast.com\/wordpress\/plugins\/seo\/ -->\n<title>Leg\u0103turi de transport - RUTA CULTURAL\u0102 CARPATIC\u0102<\/title>\n<meta name=\"robots\" content=\"index, follow, max-snippet:-1, max-image-preview:large, max-video-preview:-1\" \/>\n<link rel=\"canonical\" href=\"https:\/\/carpathianculturalroute.com\/ro\/despre-regiune\/legaturi-de-transport\/\" \/>\n<meta property=\"og:locale\" content=\"ro_RO\" \/>\n<meta property=\"og:type\" content=\"article\" \/>\n<meta property=\"og:title\" content=\"Leg\u0103turi de transport - RUTA CULTURAL\u0102 CARPATIC\u0102\" \/>\n<meta property=\"og:description\" content=\"Acest produs turistic are un program principal, bogat in obiecte culturale \u0219i istorice spectculoase, care definesc de fapt con\u021binutul turului propus \u0219i urmeaz\u0103 traseul Rohatyn &#8211; Halych &#8211; Ivano-Frankivsk &#8211; Kolomyia &#8211; Nyzhniy Verbizh &#8211; Kosiv &#8211; Verkhovyna &#8211; Vorokhta &#8211; Yaremche &#8211; Polianytsia &#8211; Yasinia &#8211; Rakhiv \u2013 Ap\u0219a de Jos &#8211; Solotvyno &#8211;\" \/>\n<meta property=\"og:url\" content=\"https:\/\/carpathianculturalroute.com\/ro\/despre-regiune\/legaturi-de-transport\/\" \/>\n<meta property=\"og:site_name\" content=\"RUTA CULTURAL\u0102 CARPATIC\u0102\" \/>\n<meta property=\"article:publisher\" content=\"https:\/\/www.facebook.com\/Carpathianculturalroute\/\" \/>\n<meta property=\"article:modified_time\" content=\"2023-09-05T14:00:09+00:00\" \/>\n<meta name=\"twitter:card\" content=\"summary_large_image\" \/>\n<meta name=\"twitter:label1\" content=\"Timp estimat pentru citire\" \/>\n\t<meta name=\"twitter:data1\" content=\"5 minute\" \/>\n<script type=\"application\/ld+json\" class=\"yoast-schema-graph\">{\"@context\":\"https:\/\/schema.org\",\"@graph\":[{\"@type\":\"WebPage\",\"@id\":\"https:\/\/carpathianculturalroute.com\/ro\/despre-regiune\/legaturi-de-transport\/\",\"url\":\"https:\/\/carpathianculturalroute.com\/ro\/despre-regiune\/legaturi-de-transport\/\",\"name\":\"Leg\u0103turi de transport - RUTA CULTURAL\u0102 CARPATIC\u0102\",\"isPartOf\":{\"@id\":\"https:\/\/carpathianculturalroute.com\/#website\"},\"datePublished\":\"2023-08-30T09:15:30+00:00\",\"dateModified\":\"2023-09-05T14:00:09+00:00\",\"breadcrumb\":{\"@id\":\"https:\/\/carpathianculturalroute.com\/ro\/despre-regiune\/legaturi-de-transport\/#breadcrumb\"},\"inLanguage\":\"ro-RO\",\"potentialAction\":[{\"@type\":\"ReadAction\",\"target\":[\"https:\/\/carpathianculturalroute.com\/ro\/despre-regiune\/legaturi-de-transport\/\"]}]},{\"@type\":\"BreadcrumbList\",\"@id\":\"https:\/\/carpathianculturalroute.com\/ro\/despre-regiune\/legaturi-de-transport\/#breadcrumb\",\"itemListElement\":[{\"@type\":\"ListItem\",\"position\":1,\"name\":\"Home\",\"item\":\"https:\/\/carpathianculturalroute.com\/ro\/\"},{\"@type\":\"ListItem\",\"position\":2,\"name\":\"Despre regiune\",\"item\":\"https:\/\/carpathianculturalroute.com\/pro-rehion\/\"},{\"@type\":\"ListItem\",\"position\":3,\"name\":\"Leg\u0103turi de transport\"}]},{\"@type\":\"WebSite\",\"@id\":\"https:\/\/carpathianculturalroute.com\/#website\",\"url\":\"https:\/\/carpathianculturalroute.com\/\",\"name\":\"RUTA CULTURAL\u0102 CARPATIC\u0102\",\"description\":\"\",\"publisher\":{\"@id\":\"https:\/\/carpathianculturalroute.com\/#organization\"},\"potentialAction\":[{\"@type\":\"SearchAction\",\"target\":{\"@type\":\"EntryPoint\",\"urlTemplate\":\"https:\/\/carpathianculturalroute.com\/?s={search_term_string}\"},\"query-input\":\"required name=search_term_string\"}],\"inLanguage\":\"ro-RO\"},{\"@type\":\"Organization\",\"@id\":\"https:\/\/carpathianculturalroute.com\/#organization\",\"name\":\"RUTA CULTURAL\u0102 CARPATIC\u0102\",\"url\":\"https:\/\/carpathianculturalroute.com\/\",\"logo\":{\"@type\":\"ImageObject\",\"inLanguage\":\"ro-RO\",\"@id\":\"https:\/\/carpathianculturalroute.com\/#\/schema\/logo\/image\/\",\"url\":\"https:\/\/carpathianculturalroute.com\/wp-content\/uploads\/2023\/10\/logo.webp\",\"contentUrl\":\"https:\/\/carpathianculturalroute.com\/wp-content\/uploads\/2023\/10\/logo.webp\",\"width\":169,\"height\":115,\"caption\":\"RUTA CULTURAL\u0102 CARPATIC\u0102\"},\"image\":{\"@id\":\"https:\/\/carpathianculturalroute.com\/#\/schema\/logo\/image\/\"},\"sameAs\":[\"https:\/\/www.facebook.com\/Carpathianculturalroute\/\"]}]}<\/script>\n<!-- \/ Yoast SEO plugin. -->","yoast_head_json":{"title":"Leg\u0103turi de transport - RUTA CULTURAL\u0102 CARPATIC\u0102","robots":{"index":"index","follow":"follow","max-snippet":"max-snippet:-1","max-image-preview":"max-image-preview:large","max-video-preview":"max-video-preview:-1"},"canonical":"https:\/\/carpathianculturalroute.com\/ro\/despre-regiune\/legaturi-de-transport\/","og_locale":"ro_RO","og_type":"article","og_title":"Leg\u0103turi de transport - RUTA CULTURAL\u0102 CARPATIC\u0102","og_description":"Acest produs turistic are un program principal, bogat in obiecte culturale \u0219i istorice spectculoase, care definesc de fapt con\u021binutul turului propus \u0219i urmeaz\u0103 traseul Rohatyn &#8211; Halych &#8211; Ivano-Frankivsk &#8211; Kolomyia &#8211; Nyzhniy Verbizh &#8211; Kosiv &#8211; Verkhovyna &#8211; Vorokhta &#8211; Yaremche &#8211; Polianytsia &#8211; Yasinia &#8211; Rakhiv \u2013 Ap\u0219a de Jos &#8211; Solotvyno &#8211;","og_url":"https:\/\/carpathianculturalroute.com\/ro\/despre-regiune\/legaturi-de-transport\/","og_site_name":"RUTA CULTURAL\u0102 CARPATIC\u0102","article_publisher":"https:\/\/www.facebook.com\/Carpathianculturalroute\/","article_modified_time":"2023-09-05T14:00:09+00:00","twitter_card":"summary_large_image","twitter_misc":{"Timp estimat pentru citire":"5 minute"},"schema":{"@context":"https:\/\/schema.org","@graph":[{"@type":"WebPage","@id":"https:\/\/carpathianculturalroute.com\/ro\/despre-regiune\/legaturi-de-transport\/","url":"https:\/\/carpathianculturalroute.com\/ro\/despre-regiune\/legaturi-de-transport\/","name":"Leg\u0103turi de transport - RUTA CULTURAL\u0102 CARPATIC\u0102","isPartOf":{"@id":"https:\/\/carpathianculturalroute.com\/#website"},"datePublished":"2023-08-30T09:15:30+00:00","dateModified":"2023-09-05T14:00:09+00:00","breadcrumb":{"@id":"https:\/\/carpathianculturalroute.com\/ro\/despre-regiune\/legaturi-de-transport\/#breadcrumb"},"inLanguage":"ro-RO","potentialAction":[{"@type":"ReadAction","target":["https:\/\/carpathianculturalroute.com\/ro\/despre-regiune\/legaturi-de-transport\/"]}]},{"@type":"BreadcrumbList","@id":"https:\/\/carpathianculturalroute.com\/ro\/despre-regiune\/legaturi-de-transport\/#breadcrumb","itemListElement":[{"@type":"ListItem","position":1,"name":"Home","item":"https:\/\/carpathianculturalroute.com\/ro\/"},{"@type":"ListItem","position":2,"name":"Despre regiune","item":"https:\/\/carpathianculturalroute.com\/pro-rehion\/"},{"@type":"ListItem","position":3,"name":"Leg\u0103turi de transport"}]},{"@type":"WebSite","@id":"https:\/\/carpathianculturalroute.com\/#website","url":"https:\/\/carpathianculturalroute.com\/","name":"RUTA CULTURAL\u0102 CARPATIC\u0102","description":"","publisher":{"@id":"https:\/\/carpathianculturalroute.com\/#organization"},"potentialAction":[{"@type":"SearchAction","target":{"@type":"EntryPoint","urlTemplate":"https:\/\/carpathianculturalroute.com\/?s={search_term_string}"},"query-input":"required name=search_term_string"}],"inLanguage":"ro-RO"},{"@type":"Organization","@id":"https:\/\/carpathianculturalroute.com\/#organization","name":"RUTA CULTURAL\u0102 CARPATIC\u0102","url":"https:\/\/carpathianculturalroute.com\/","logo":{"@type":"ImageObject","inLanguage":"ro-RO","@id":"https:\/\/carpathianculturalroute.com\/#\/schema\/logo\/image\/","url":"https:\/\/carpathianculturalroute.com\/wp-content\/uploads\/2023\/10\/logo.webp","contentUrl":"https:\/\/carpathianculturalroute.com\/wp-content\/uploads\/2023\/10\/logo.webp","width":169,"height":115,"caption":"RUTA CULTURAL\u0102 CARPATIC\u0102"},"image":{"@id":"https:\/\/carpathianculturalroute.com\/#\/schema\/logo\/image\/"},"sameAs":["https:\/\/www.facebook.com\/Carpathianculturalroute\/"]}]}},"_links":{"self":[{"href":"https:\/\/carpathianculturalroute.com\/ro\/wp-json\/wp\/v2\/pages\/187","targetHints":{"allow":["GET"]}}],"collection":[{"href":"https:\/\/carpathianculturalroute.com\/ro\/wp-json\/wp\/v2\/pages"}],"about":[{"href":"https:\/\/carpathianculturalroute.com\/ro\/wp-json\/wp\/v2\/types\/page"}],"author":[{"embeddable":true,"href":"https:\/\/carpathianculturalroute.com\/ro\/wp-json\/wp\/v2\/users\/1"}],"replies":[{"embeddable":true,"href":"https:\/\/carpathianculturalroute.com\/ro\/wp-json\/wp\/v2\/comments?post=187"}],"version-history":[{"count":1,"href":"https:\/\/carpathianculturalroute.com\/ro\/wp-json\/wp\/v2\/pages\/187\/revisions"}],"predecessor-version":[{"id":188,"href":"https:\/\/carpathianculturalroute.com\/ro\/wp-json\/wp\/v2\/pages\/187\/revisions\/188"}],"up":[{"embeddable":true,"href":"https:\/\/carpathianculturalroute.com\/ro\/wp-json\/wp\/v2\/pages\/163"}],"wp:attachment":[{"href":"https:\/\/carpathianculturalroute.com\/ro\/wp-json\/wp\/v2\/media?parent=187"}],"curies":[{"name":"wp","href":"https:\/\/api.w.org\/{rel}","templated":true}]}}