{"id":182,"date":"2023-08-30T09:15:05","date_gmt":"2023-08-30T09:15:05","guid":{"rendered":"http:\/\/carpathian-cultural-route.local\/?page_id=182"},"modified":"2023-09-05T13:57:47","modified_gmt":"2023-09-05T13:57:47","slug":"resurse-naturale","status":"publish","type":"page","link":"https:\/\/carpathianculturalroute.com\/ro\/despre-regiune\/resurse-naturale\/","title":{"rendered":"Resurse naturale"},"content":{"rendered":"\n<p>Cea mai avansat\u0103 form\u0103 de conservare a naturii este crearea de zone \u0219i situri protejate. Acestea asigur\u0103 condi\u021bii favorabile pentru protejarea fondului genetic al speciilor de flor\u0103 \u0219i faun\u0103 \u0219i a ecosistemelor naturale. O alt\u0103 func\u021bie important\u0103 a zonelor protejate este utilizarea lor pentru recreere \u0219i \u00eembun\u0103t\u0103\u021birea s\u0103n\u0103t\u0103\u021bii.<\/p>\n\n\n\n<p><strong><em>Regiunile Ivano-Frankivsk \u0219i Zakarpattia<\/em><\/strong>.<\/p>\n\n\n\n<p><em>Rezerva\u021bia natural\u0103 Gorgany<\/em> (https:\/\/gorgany-zapovidnyk.in.ua) este o rezerva\u021bie natural\u0103 creat\u0103 pentru a p\u0103stra starea natural\u0103 a peisajelor montane din partea central\u0103 a Carpa\u021bilor ucraineni, pentru a efectua cercet\u0103ri \u0219tiin\u021bifice \u0219i pentru a desf\u0103\u0219ura activit\u0103\u021bi de educa\u021bie ecologic\u0103. Rezerva\u021bia este situat\u0103 \u00een cea mai inaccesibil\u0103 parte \u00eenalt\u0103 \u0219i st\u00e2ncoas\u0103 a Mun\u021bilor Gorgan &#8211; Mun\u021bii Dovbushanski Gorgan. V\u00e2rfurile sale \u0219i p\u0103r\u021bile superioare ale versan\u021bilor sunt acoperite de plaiuri st\u00e2ncoase formate de gresia Yamnenska. Astfel de plaiuri sunt numite local &#8222;gorgany&#8221;. Rezerva\u021bia are o re\u021bea dens\u0103 de r\u00e2uri. Aici \u00ee\u0219i au originea aproximativ 30 de r\u00e2uri de munte, care sunt afluen\u021bi ai r\u00e2ului Bystrytsia Nadvirna. Caracterul unic al acoperirii vegetale a rezerva\u021biei const\u0103 \u00een faptul c\u0103 aceasta a fost p\u0103strat\u0103 \u00eentr-o stare natural\u0103, aproape neatins\u0103 pe cea mai mare parte a teritoriului s\u0103u, iar particularitatea \u0219i diversitatea condi\u021biilor de peisaj au contribuit la formarea unei compozi\u021bii bogate de specii de plante, inclusiv un num\u0103r semnificativ de plante rare, relicte \u0219i endemice. \u00cen partea superioar\u0103 a p\u0103durilor de molid, pinul cedru european, o relicv\u0103 a Holocenului timpuriu, este foarte r\u0103sp\u00e2ndit. Flora rezerva\u021biei include 451 de specii de plante vasculare \u0219i 235 de specii de mu\u0219chi. Fauna de vertebrate din rezerva\u021bie include 149 de specii. Cerbul ro\u0219u, c\u0103prioara, mistre\u021bul, iepurele \u0219i veveri\u021ba &nbsp;sunt comune \u00een rezerva\u021bie.<\/p>\n\n\n\n<p><em>Parcul Na\u021bional Natural Carpa\u021bi<\/em> (https:\/\/karpatskyi-park.in.ua) &#8211; parcul a fost \u00eenfiin\u021bat pentru a conserva complexele naturale montane, de vale \u0219i fluviale tipice pentru Chornohora \u0219i Gorgany, monumentele istorice, arhitecturale \u0219i etnografice valoroase, pentru a efectua cercet\u0103ri \u0219tiin\u021bifice \u00een domeniul protec\u021biei mediului, pentru a crea condi\u021bii pentru recreere \u0219i \u00eembun\u0103t\u0103\u021birea s\u0103n\u0103t\u0103\u021bii, pentru a promova cunoa\u0219terea mediului \u0219i educa\u021bia ecologic\u0103. Parcul este situat \u00een partea superioar\u0103 a bazinului r\u00e2ului Prut \u0219i \u00een partea de mijloc a bazinului r\u00e2ului Cheremo\u0219 Negru. Cea mai mare parte a teritoriului este acoperit\u0103 cu p\u0103duri de fag, molid, brad \u0219i p\u0103duri mixte, cu p\u0103duri ocazionale de mesteac\u0103n \u0219i pin. Parcul dispune de 48 de trasee turistice, o re\u021bea de facilit\u0103\u021bi de recreere sta\u021bionare, trasee ecologice \u0219i \u0219tiin\u021bifice, o infrastructur\u0103 rural\u0103 de turism verde bine dezvoltat\u0103 \u0219i o serie de facilit\u0103\u021bi de recreere sta\u021bionare (sanatorii, sta\u021biuni de s\u0103n\u0103tate, tabere de s\u0103n\u0103tate etc.).<\/p>\n\n\n\n<p><em>Parcul Na\u021bional Natural Hutsulshchyna<\/em> (https:\/\/hutsulshchyna-park.in.ua) este un parc na\u021bional destinat conserv\u0103rii, restaur\u0103rii \u0219i utiliz\u0103rii ra\u021bionale a resurselor genetice de flor\u0103 \u0219i faun\u0103, a complexelor naturale unice \u0219i a mediului etno-cultural din Carpa\u021bii Pokuttya-Bukovyna. Una dintre cele mai mari bog\u0103\u021bii ale Parcului Na\u021bional Hu\u021bulshchyna este reprezentat\u0103 de p\u0103durile sale. \u00cen partea sa de c\u00e2mpie, predomin\u0103 p\u0103durile de foioase, \u00een special de stejar. Pe l\u00e2ng\u0103 stejari, \u00een stratul inferior de arbori cresc fagul \u0219i carpenul, iar \u00een habitatele mai umede, frasinul, mesteac\u0103nul \u0219i ulmul. Pe teritoriul parcului cresc peste 1000 de specii de plante superioare, inclusiv multe specii rare, pe cale de dispari\u021bie \u0219i endemice. Fauna parcului este, de asemenea, divers\u0103. Aceasta include ursul brun, cerbul carpatin \u0219i alte specii. Parcul are o infrastructur\u0103 turistic\u0103 \u0219i de agrement bine dezvoltat\u0103, cu multe centre de recreere, sta\u021biuni \u0219i sanatorii. Parcul este str\u0103b\u0103tut de trasee educa\u021bionale ecologice, iar turismul ecvestru, turismul rural verde, etno-turismul \u0219i turismul de schi se dezvolt\u0103 intensiv.<\/p>\n\n\n\n<p><em>Parcul Na\u021bional Natural din Gali\u021bia<\/em> (https:\/\/wownature.in.ua\/halytskyy-natsionalnyy-pryrodnyy-park, https:\/\/www.halychpark.if.ua) &#8211; parcul a fost creat pentru a conserva, restaura \u0219i utiliza \u00een mod ra\u021bional complexele naturale tipice \u0219i unice de p\u0103dure \u0219i de silvostep\u0103 din regiunea precarpatic\u0103. Teritoriul parcului este situat de-a lungul r\u00e2ului Nistru \u0219i a cursurilor inferioare ale afluen\u021bilor s\u0103i &#8211; r\u00e2urile Limnytsia, Lukva \u0219i Hnyla Lypa. Teritoriul parcului include suprafe\u021be de p\u0103dure, zone umede, zone cu comunit\u0103\u021bi valoroase de vegeta\u021bie de paji\u0219te \u0219i step\u0103, precum \u0219i forma\u021biuni geologice. Teritoriul g\u0103zduie\u0219te aproximativ 5.000 de specii de animale \u0219i 700 de specii de plante vasculare superioare. Parcul Na\u021bional Natural din Gali\u021bia este bogat \u00een monumente istorice \u0219i culturale de o valoare inestimabil\u0103 \u0219i are un poten\u021bial recreativ ridicat, cu toate condi\u021biile necesare pentru dezvoltarea turismului nautic pe r\u00e2urile Nistru \u0219i Limni\u021ba.<\/p>\n\n\n\n<p><em>Parcul Na\u021bional Natural Synihora<\/em> (https:\/\/synyogora-park.in.ua) &#8211; parcul a fost creat pentru a conserva, restaura \u0219i utiliza \u00een mod ra\u021bional complexele naturale tipice \u0219i unice din regiunea Carpa\u021bilor, care au o importan\u021b\u0103 semnificativ\u0103 din punct de vedere ecologic, \u0219tiin\u021bific, estetic, recreativ \u0219i al s\u0103n\u0103t\u0103\u021bii.<\/p>\n\n\n\n<p><em>Parcul Na\u021bional Natural Verkhovynskyi<\/em> (https:\/\/verkhovynskyi-park.in.ua) &#8211; parcul a fost creat pentru a studia procesele naturale, pentru a asigura o monitorizare constant\u0103 a schimb\u0103rilor din ecosistem \u0219i pentru a dezvolta baze \u0219tiin\u021bifice pentru protec\u021bia, reproducerea \u0219i utilizarea resurselor naturale \u0219i a obiectelor deosebit de valoroase. Parcul acoper\u0103 partea sudic\u0103 \u0219i central\u0103 a Mun\u021bilor Chyvchyn. Aceasta este singura zon\u0103 din Carpa\u021bii ucraineni \u00een care sunt expuse cele mai vechi forma\u021biuni metamorfice, acoperite de \u00eenveli\u0219ul sedimentar paleozoic \u0219i mezozoic.<\/p>\n\n\n\n<p>&nbsp;Datorit\u0103 distan\u021bei considerabile fa\u021b\u0103 de a\u0219ez\u0103ri \u0219i a accesibilit\u0103\u021bii dificile, insulele de faun\u0103 s\u0103lbatic\u0103 din Carpa\u021bii ucraineni \u0219i exemplele de cultur\u0103 tradi\u021bional\u0103 a economiei montane, care reprezint\u0103 bog\u0103\u021bia na\u021bional\u0103 a Ucrainei, au supravie\u021buit \u00een starea lor ini\u021bial\u0103, iar multe complexe naturale \u0219i obiecte cu o valoare special\u0103 de mediu, de s\u0103n\u0103tate, istoric\u0103, cultural\u0103, \u0219tiin\u021bific\u0103, educa\u021bional\u0103 \u0219i estetic\u0103 au fost conservate. Aici pute\u021bi vedea ursul brun, cerbul brun, cerbul ro\u0219u, c\u0103prioara, mistre\u021bul, linxul, lupul, pisica de p\u0103dure, vulpea, jderul, vidra, salamandra p\u0103tat\u0103, vulturul auriu, coco\u0219ul de munte \u0219i coco\u0219ul negru \u00een s\u0103lb\u0103ticie.<\/p>\n\n\n\n<p><em>Rezerva\u021bia Biosferei Carpa\u021bilor<\/em> (https:\/\/kbz.in.ua) este unul dintre cele mai mari situri de conservare a naturii din Ucraina. Se \u00eentinde pe o suprafa\u021b\u0103 de 66417,4 hectare. Cel mai \u00eenalt v\u00e2rf din Ucraina (Muntele Hoverla, 2061 m), legendarul Gemeni, lacurile alpine, centrul geografic al Europei, Valea Narciselor, p\u0103durile de fag de renume mondial incluse \u00een Lista Patrimoniului Mondial UNESCO \u0219i cea mai mare pe\u0219ter\u0103 carstic\u0103 din Carpa\u021bii ucraineni, Druzhba, sunt doar o parte din teritoriul s\u0103u. \u00centregul peisaj \u0219i diversitatea biologic\u0103 a Carpa\u021bilor ucraineni sunt reprezentate aici &#8211; de la podi\u0219uri p\u00e2n\u0103 la paji\u0219ti subalpine \u0219i alpine (180 &#8211; 2061 m deasupra nivelului m\u0103rii). Rezerva\u021bia este situat\u0103 \u00een cadrul districtelor Rahiv, Tyachiv, Hust \u0219i Berehove din regiunea Zakarpattia \u0219i este format\u0103 din 8 zone izolate din punct de vedere geografic: Svydovets, Chornohora, Kuziy-Tribushansky, Maramure\u0219, Uholsko-Shyrokoluzhansky, Valea Narciselor, precum \u0219i dou\u0103 rezerva\u021bii botanice de importan\u021b\u0103 na\u021bional\u0103 \u2013 Muntele Negru \u0219i Muntele Yuliyivska . Teritoriul este \u00eemp\u0103r\u021bit \u00een patru zone func\u021bionale: protejat\u0103, tampon, peisaje antropice \u0219i rezerva\u021bie natural\u0103 reglementat\u0103.<\/p>\n\n\n\n<p>Pentru a afla mai multe despre alte situri de patrimoniu natural de-a lungul traseului cultural carpatic, v\u0103 rug\u0103m s\u0103 vizita\u021bi site-ul web de turism al regiunii Ivano-Frankivsk la urm\u0103torul link: https:\/\/iftourism.com\/places\/tag\/natural-heritage?page=1<\/p>\n\n\n\n<p><strong>Jude\u021bul Maramure\u0219.<\/strong><\/p>\n\n\n\n<p>\u00cen jude\u021bul Maramure\u0219, \u00een conformitate cu clasificarea adoptat\u0103 \u00een Rom\u00e2nia, \u00eent\u00e2lnim toate clasele \u0219i tipurile de arii protejate.<\/p>\n\n\n\n<p><em>Rezerva\u021bii \u0219tiin\u021bifice<\/em> &#8211; jude\u021bul Maramure\u0219 are 3 teritorii: Pietrosul Rodnei; rezerva\u021bia mineral\u0103 de la Chiuzbaia \u0219i rozeta de piatr\u0103 de la Ilba. Rezerva\u021biile \u0219tiin\u021bifice sunt arii de protec\u021bie ale naturii care au ca scop protejarea \u0219i conservarea mediului natural terestru \u0219i\/sau acvatic, a tot ceea ce este de interes \u0219tiin\u021bific &#8211; reprezentan\u021bi ai florei \u0219i faunei, procese geologice, resurse speologice, descoperiri paleontologice, soluri etc.<\/p>\n\n\n\n<p><em>Parcuri na\u021bionale<\/em> &#8211; Parcul Na\u021bional Mun\u021bii Rodnei se \u00eentinde pe o suprafa\u021b\u0103 de 47.227 de hectare. Parte a parcului na\u021bional, Rezerva\u021bia Biosferei Pietrosul Rodnei (din 1979) \u00ee\u0219i datoreaz\u0103 importan\u021ba \u0219i semnifica\u021bia geologiei \u0219i geomorfologiei acestor mun\u021bi, precum \u0219i prezen\u021bei a numeroase specii de flor\u0103 \u0219i faun\u0103, endemice \u0219i relicve ale epocii glaciare. Principalul scop pentru care a fost creat parcul este conservarea mediului, a florei \u0219i faunei s\u0103lbatice \u0219i a biodiversit\u0103\u021bii. Plantele s\u0103lbatice endemice, cum ar fi c\u0103prioarele \u0219i marmotele, sunt principalele specii protejate care \u00eenfloresc aici, \u00een centrul unui frumos peisaj alpin \u00eenconjurat de lacuri glaciare. Parcurile na\u021bionale sunt arii protejate al c\u0103ror scop este de a proteja \u0219i de a conserva reprezentan\u021bi na\u021bionali ai unei zone biogeografice, inclusiv specii naturale de o importan\u021b\u0103 deosebit\u0103 din punct de vedere al geografiei fizice, florei, faunei, hidrosferei, geologiei, paleontologiei, speologiei, \u0219tiin\u021bei solului sau alte caracteristici care favorizeaz\u0103 vizitele \u0219tiin\u021bifice, educa\u021bionale, recreative \u0219i turistice.<\/p>\n\n\n\n<p>Parcuri naturale &#8211; Parcul Natural Mun\u021bii Maramure\u0219ului, cu o suprafa\u021b\u0103 total\u0103 de 148850 hectare, incluz\u00e2nd 10 arii speciale de conservare a naturii. Parcurile naturale sunt arii protejate al c\u0103ror scop este de a proteja \u0219i conserva un ansamblu peisagistic \u00een care interac\u021biunea dintre activitatea uman\u0103 \u0219i natur\u0103 a creat de-a lungul timpului o zon\u0103 distinct\u0103 cu o valoare peisagistic\u0103 \u0219i\/sau cultural\u0103 semnificativ\u0103, adesea cu o biodiversitate ridicat\u0103.<\/p>\n\n\n\n<p><em>Monumente naturale<\/em> &#8211; Jude\u021bul Maramure\u0219 are 18 monumente naturale: Creasta Coco\u0219ului, Iezerul Mare, Rozeta de piatr\u0103 de la Ilba, Lacul Albastru &#8211; Baia Sprie, Turbaria Iezerul Mare &#8211; Muntele Gut\u00e2i, Cheile T\u0103tarului (Defileul T\u0103tarului), Pe\u0219tera de la V\u0103lenii \u0218omcutei (Pe\u0219tera V\u0103lenii \u0218omcutei), Pe\u0219tera cu Oase (Pe\u0219tera cu craniu de Neanderthal),<strong> <\/strong>St\u00e2nc\u0103riile S\u00e2lhoi &#8211; Z\u00e2mbroslavele&nbsp; (St\u00e2ncile Selhoi Zembroslavle), Mla\u0219tina Vl\u0103sinescu, Lacul Dumitru, Cheile Babei (Defileul B\u0103tr\u00e2nei Doamne), Pe\u0219tera Boiu Mare, Coloanele de la Limpedea, Pestera din dealul Solovan (Pe\u0219tera Dealul Solovan), Mla\u0219tina T\u0103ul Negru (Lacul Mla\u0219tinii Negre), Pe\u0219tera Ponorul Jitelor \u0219i Ponorulci Pe\u0219tera Izei (Pe\u0219tera Ponor \u0219i Iza). Monumentele naturale sunt arii protejate care au ca scop protejarea \u0219i conservarea obiectelor naturale cu valorile \u0219i semnifica\u021bia lor ecologic\u0103 \u0219i \u0219tiin\u021bific\u0103, a peisajelor specifice reprezentate de plante \u0219i specii de animale rare, endemice \u0219i pe cale de dispari\u021bie, arbori seculari, asocia\u021bii floristice \u0219i faun\u0103, fenomene geologice, pe\u0219teri, fenomene geologice, defilee, izvoare, cascade \u0219i alte fenomene sau forma\u021biuni geologice, minerale \u0219i alte fenomene naturale cu semnifica\u021bie natural\u0103 unic\u0103 \u0219i raritate.<br><em>Rezerva\u021bii naturale.<\/em> \u00cen jude\u021bul Maramure\u0219 exist\u0103 12 rezerva\u021bii naturale: P\u0103durea Cr\u0103iasa, P\u0103durea Bavna, Rezerva\u021bia Arcer-\u0162ible\u0219, Cornu Nedeii Ciungii B\u0103l\u0103sinii, Teiul Mor\u0103renilor (Lacul Mor\u0103renilor), Mla\u0219tina Poiana Brazilor, P\u0103durea de Larice de la Co\u0219tiui, Arboretul de Castan Comestibil de la Baia Mare (Rezerva\u021bia de Castani din Baia Mare), Defileul L\u0103pu\u0219ului (Defileul R\u00e2ului L\u0103pu\u0219), P\u0103durea Com\u0103ia, Farc\u0103u Vinderelu Mih\u0103ilecu, Poaina cu narcise Tomnatec Sehleanu (recoltarea narciselor \u00een Tomnatec Sehleanu). Rezerva\u021biile naturale sunt acele arii protejate care au ca scop protejarea \u0219i conservarea mediului natural \u0219i a speciilor importante de flor\u0103 \u0219i faun\u0103, a p\u0103durilor, a hidrosferei, a proceselor geologice, a resurselor speologice, a descoperirilor paleontologice \u0219i a \u0219tiin\u021bei solului.<\/p>\n","protected":false},"excerpt":{"rendered":"<p>Cea mai avansat\u0103 form\u0103 de conservare a naturii este crearea de zone \u0219i situri protejate. Acestea asigur\u0103 condi\u021bii favorabile pentru protejarea fondului genetic al speciilor de flor\u0103 \u0219i faun\u0103 \u0219i a ecosistemelor naturale. O alt\u0103 func\u021bie important\u0103 a zonelor protejate este utilizarea lor pentru recreere \u0219i \u00eembun\u0103t\u0103\u021birea s\u0103n\u0103t\u0103\u021bii. Regiunile Ivano-Frankivsk \u0219i Zakarpattia. Rezerva\u021bia natural\u0103 Gorgany<\/p>\n","protected":false},"author":1,"featured_media":0,"parent":163,"menu_order":0,"comment_status":"closed","ping_status":"closed","template":"","meta":{"inline_featured_image":false,"footnotes":""},"class_list":["post-182","page","type-page","status-publish","hentry"],"acf":[],"yoast_head":"<!-- This site is optimized with the Yoast SEO plugin v21.2 - https:\/\/yoast.com\/wordpress\/plugins\/seo\/ -->\n<title>Resurse naturale - RUTA CULTURAL\u0102 CARPATIC\u0102<\/title>\n<meta name=\"robots\" content=\"index, follow, max-snippet:-1, max-image-preview:large, max-video-preview:-1\" \/>\n<link rel=\"canonical\" href=\"https:\/\/carpathianculturalroute.com\/ro\/despre-regiune\/resurse-naturale\/\" \/>\n<meta property=\"og:locale\" content=\"ro_RO\" \/>\n<meta property=\"og:type\" content=\"article\" \/>\n<meta property=\"og:title\" content=\"Resurse naturale - RUTA CULTURAL\u0102 CARPATIC\u0102\" \/>\n<meta property=\"og:description\" content=\"Cea mai avansat\u0103 form\u0103 de conservare a naturii este crearea de zone \u0219i situri protejate. Acestea asigur\u0103 condi\u021bii favorabile pentru protejarea fondului genetic al speciilor de flor\u0103 \u0219i faun\u0103 \u0219i a ecosistemelor naturale. O alt\u0103 func\u021bie important\u0103 a zonelor protejate este utilizarea lor pentru recreere \u0219i \u00eembun\u0103t\u0103\u021birea s\u0103n\u0103t\u0103\u021bii. Regiunile Ivano-Frankivsk \u0219i Zakarpattia. Rezerva\u021bia natural\u0103 Gorgany\" \/>\n<meta property=\"og:url\" content=\"https:\/\/carpathianculturalroute.com\/ro\/despre-regiune\/resurse-naturale\/\" \/>\n<meta property=\"og:site_name\" content=\"RUTA CULTURAL\u0102 CARPATIC\u0102\" \/>\n<meta property=\"article:publisher\" content=\"https:\/\/www.facebook.com\/Carpathianculturalroute\/\" \/>\n<meta property=\"article:modified_time\" content=\"2023-09-05T13:57:47+00:00\" \/>\n<meta name=\"twitter:card\" content=\"summary_large_image\" \/>\n<meta name=\"twitter:label1\" content=\"Timp estimat pentru citire\" \/>\n\t<meta name=\"twitter:data1\" content=\"10 minute\" \/>\n<script type=\"application\/ld+json\" class=\"yoast-schema-graph\">{\"@context\":\"https:\/\/schema.org\",\"@graph\":[{\"@type\":\"WebPage\",\"@id\":\"https:\/\/carpathianculturalroute.com\/ro\/despre-regiune\/resurse-naturale\/\",\"url\":\"https:\/\/carpathianculturalroute.com\/ro\/despre-regiune\/resurse-naturale\/\",\"name\":\"Resurse naturale - RUTA CULTURAL\u0102 CARPATIC\u0102\",\"isPartOf\":{\"@id\":\"https:\/\/carpathianculturalroute.com\/#website\"},\"datePublished\":\"2023-08-30T09:15:05+00:00\",\"dateModified\":\"2023-09-05T13:57:47+00:00\",\"breadcrumb\":{\"@id\":\"https:\/\/carpathianculturalroute.com\/ro\/despre-regiune\/resurse-naturale\/#breadcrumb\"},\"inLanguage\":\"ro-RO\",\"potentialAction\":[{\"@type\":\"ReadAction\",\"target\":[\"https:\/\/carpathianculturalroute.com\/ro\/despre-regiune\/resurse-naturale\/\"]}]},{\"@type\":\"BreadcrumbList\",\"@id\":\"https:\/\/carpathianculturalroute.com\/ro\/despre-regiune\/resurse-naturale\/#breadcrumb\",\"itemListElement\":[{\"@type\":\"ListItem\",\"position\":1,\"name\":\"Home\",\"item\":\"https:\/\/carpathianculturalroute.com\/ro\/\"},{\"@type\":\"ListItem\",\"position\":2,\"name\":\"Despre regiune\",\"item\":\"https:\/\/carpathianculturalroute.com\/pro-rehion\/\"},{\"@type\":\"ListItem\",\"position\":3,\"name\":\"Resurse naturale\"}]},{\"@type\":\"WebSite\",\"@id\":\"https:\/\/carpathianculturalroute.com\/#website\",\"url\":\"https:\/\/carpathianculturalroute.com\/\",\"name\":\"RUTA CULTURAL\u0102 CARPATIC\u0102\",\"description\":\"\",\"publisher\":{\"@id\":\"https:\/\/carpathianculturalroute.com\/#organization\"},\"potentialAction\":[{\"@type\":\"SearchAction\",\"target\":{\"@type\":\"EntryPoint\",\"urlTemplate\":\"https:\/\/carpathianculturalroute.com\/?s={search_term_string}\"},\"query-input\":\"required name=search_term_string\"}],\"inLanguage\":\"ro-RO\"},{\"@type\":\"Organization\",\"@id\":\"https:\/\/carpathianculturalroute.com\/#organization\",\"name\":\"RUTA CULTURAL\u0102 CARPATIC\u0102\",\"url\":\"https:\/\/carpathianculturalroute.com\/\",\"logo\":{\"@type\":\"ImageObject\",\"inLanguage\":\"ro-RO\",\"@id\":\"https:\/\/carpathianculturalroute.com\/#\/schema\/logo\/image\/\",\"url\":\"https:\/\/carpathianculturalroute.com\/wp-content\/uploads\/2023\/10\/logo.webp\",\"contentUrl\":\"https:\/\/carpathianculturalroute.com\/wp-content\/uploads\/2023\/10\/logo.webp\",\"width\":169,\"height\":115,\"caption\":\"RUTA CULTURAL\u0102 CARPATIC\u0102\"},\"image\":{\"@id\":\"https:\/\/carpathianculturalroute.com\/#\/schema\/logo\/image\/\"},\"sameAs\":[\"https:\/\/www.facebook.com\/Carpathianculturalroute\/\"]}]}<\/script>\n<!-- \/ Yoast SEO plugin. -->","yoast_head_json":{"title":"Resurse naturale - RUTA CULTURAL\u0102 CARPATIC\u0102","robots":{"index":"index","follow":"follow","max-snippet":"max-snippet:-1","max-image-preview":"max-image-preview:large","max-video-preview":"max-video-preview:-1"},"canonical":"https:\/\/carpathianculturalroute.com\/ro\/despre-regiune\/resurse-naturale\/","og_locale":"ro_RO","og_type":"article","og_title":"Resurse naturale - RUTA CULTURAL\u0102 CARPATIC\u0102","og_description":"Cea mai avansat\u0103 form\u0103 de conservare a naturii este crearea de zone \u0219i situri protejate. Acestea asigur\u0103 condi\u021bii favorabile pentru protejarea fondului genetic al speciilor de flor\u0103 \u0219i faun\u0103 \u0219i a ecosistemelor naturale. O alt\u0103 func\u021bie important\u0103 a zonelor protejate este utilizarea lor pentru recreere \u0219i \u00eembun\u0103t\u0103\u021birea s\u0103n\u0103t\u0103\u021bii. Regiunile Ivano-Frankivsk \u0219i Zakarpattia. Rezerva\u021bia natural\u0103 Gorgany","og_url":"https:\/\/carpathianculturalroute.com\/ro\/despre-regiune\/resurse-naturale\/","og_site_name":"RUTA CULTURAL\u0102 CARPATIC\u0102","article_publisher":"https:\/\/www.facebook.com\/Carpathianculturalroute\/","article_modified_time":"2023-09-05T13:57:47+00:00","twitter_card":"summary_large_image","twitter_misc":{"Timp estimat pentru citire":"10 minute"},"schema":{"@context":"https:\/\/schema.org","@graph":[{"@type":"WebPage","@id":"https:\/\/carpathianculturalroute.com\/ro\/despre-regiune\/resurse-naturale\/","url":"https:\/\/carpathianculturalroute.com\/ro\/despre-regiune\/resurse-naturale\/","name":"Resurse naturale - RUTA CULTURAL\u0102 CARPATIC\u0102","isPartOf":{"@id":"https:\/\/carpathianculturalroute.com\/#website"},"datePublished":"2023-08-30T09:15:05+00:00","dateModified":"2023-09-05T13:57:47+00:00","breadcrumb":{"@id":"https:\/\/carpathianculturalroute.com\/ro\/despre-regiune\/resurse-naturale\/#breadcrumb"},"inLanguage":"ro-RO","potentialAction":[{"@type":"ReadAction","target":["https:\/\/carpathianculturalroute.com\/ro\/despre-regiune\/resurse-naturale\/"]}]},{"@type":"BreadcrumbList","@id":"https:\/\/carpathianculturalroute.com\/ro\/despre-regiune\/resurse-naturale\/#breadcrumb","itemListElement":[{"@type":"ListItem","position":1,"name":"Home","item":"https:\/\/carpathianculturalroute.com\/ro\/"},{"@type":"ListItem","position":2,"name":"Despre regiune","item":"https:\/\/carpathianculturalroute.com\/pro-rehion\/"},{"@type":"ListItem","position":3,"name":"Resurse naturale"}]},{"@type":"WebSite","@id":"https:\/\/carpathianculturalroute.com\/#website","url":"https:\/\/carpathianculturalroute.com\/","name":"RUTA CULTURAL\u0102 CARPATIC\u0102","description":"","publisher":{"@id":"https:\/\/carpathianculturalroute.com\/#organization"},"potentialAction":[{"@type":"SearchAction","target":{"@type":"EntryPoint","urlTemplate":"https:\/\/carpathianculturalroute.com\/?s={search_term_string}"},"query-input":"required name=search_term_string"}],"inLanguage":"ro-RO"},{"@type":"Organization","@id":"https:\/\/carpathianculturalroute.com\/#organization","name":"RUTA CULTURAL\u0102 CARPATIC\u0102","url":"https:\/\/carpathianculturalroute.com\/","logo":{"@type":"ImageObject","inLanguage":"ro-RO","@id":"https:\/\/carpathianculturalroute.com\/#\/schema\/logo\/image\/","url":"https:\/\/carpathianculturalroute.com\/wp-content\/uploads\/2023\/10\/logo.webp","contentUrl":"https:\/\/carpathianculturalroute.com\/wp-content\/uploads\/2023\/10\/logo.webp","width":169,"height":115,"caption":"RUTA CULTURAL\u0102 CARPATIC\u0102"},"image":{"@id":"https:\/\/carpathianculturalroute.com\/#\/schema\/logo\/image\/"},"sameAs":["https:\/\/www.facebook.com\/Carpathianculturalroute\/"]}]}},"_links":{"self":[{"href":"https:\/\/carpathianculturalroute.com\/ro\/wp-json\/wp\/v2\/pages\/182","targetHints":{"allow":["GET"]}}],"collection":[{"href":"https:\/\/carpathianculturalroute.com\/ro\/wp-json\/wp\/v2\/pages"}],"about":[{"href":"https:\/\/carpathianculturalroute.com\/ro\/wp-json\/wp\/v2\/types\/page"}],"author":[{"embeddable":true,"href":"https:\/\/carpathianculturalroute.com\/ro\/wp-json\/wp\/v2\/users\/1"}],"replies":[{"embeddable":true,"href":"https:\/\/carpathianculturalroute.com\/ro\/wp-json\/wp\/v2\/comments?post=182"}],"version-history":[{"count":1,"href":"https:\/\/carpathianculturalroute.com\/ro\/wp-json\/wp\/v2\/pages\/182\/revisions"}],"predecessor-version":[{"id":183,"href":"https:\/\/carpathianculturalroute.com\/ro\/wp-json\/wp\/v2\/pages\/182\/revisions\/183"}],"up":[{"embeddable":true,"href":"https:\/\/carpathianculturalroute.com\/ro\/wp-json\/wp\/v2\/pages\/163"}],"wp:attachment":[{"href":"https:\/\/carpathianculturalroute.com\/ro\/wp-json\/wp\/v2\/media?parent=182"}],"curies":[{"name":"wp","href":"https:\/\/api.w.org\/{rel}","templated":true}]}}