{"id":175,"date":"2023-08-30T09:14:46","date_gmt":"2023-08-30T09:14:46","guid":{"rendered":"http:\/\/carpathian-cultural-route.local\/?page_id=175"},"modified":"2023-09-25T09:16:20","modified_gmt":"2023-09-25T09:16:20","slug":"cultura-obiceiuri-si-traditii","status":"publish","type":"page","link":"https:\/\/carpathianculturalroute.com\/ro\/despre-regiune\/cultura-obiceiuri-si-traditii\/","title":{"rendered":"Cultur\u0103, obiceiuri \u0219i tradi\u021bii"},"content":{"rendered":"\n<p>Regiunea Carpa\u021bilor este, de asemenea, bogat\u0103 \u00een obiecte de artizanat. Pe l\u00e2ng\u0103 pie\u021bele de suveniruri, \u00een Kolomyia exist\u0103 o pia\u021b\u0103 s\u0103pt\u0103m\u00e2nal\u0103 de broderie &#8222;de noapte&#8221;, care vinde prosoape brodate, c\u0103m\u0103\u0219i \u0219i produse conexe pentru haine populare ucrainene pentru toate gusturile \u0219i bugetele.<\/p>\n\n\n\n<p>\u00cen general, cele mai populare produse la pie\u021bele \u0219i magazinele de suveniruri sunt<\/p>\n\n\n\n<ul class=\"wp-block-list\">\n<li>c\u0103m\u0103\u0219i rafinate brodate manual;<\/li>\n\n\n\n<li>\u0219osete \u00eempletite \u0219i m\u0103nu\u0219i din l\u00e2n\u0103 natural\u0103;<\/li>\n\n\n\n<li>p\u0103turi c\u0103lduroase;<\/li>\n\n\n\n<li>obiecte de lut de cas\u0103;<\/li>\n\n\n\n<li>ciuperci \u0219i fructe de p\u0103dure uscate;<\/li>\n\n\n\n<li>tincturi \u0219i lichioruri de cas\u0103.<\/li>\n<\/ul>\n\n\n\n<p>Pentru cei interesa\u021bi de culoare \u0219i de tradi\u021biile gastronomice, Ruta Cultural\u0103 Carpatic\u0103 ofer\u0103 \u00eent\u00e2lniri cu me\u0219te\u0219ugari \u0219i cursuri de m\u0103iestrie \u00een prelucrarea pieilor, ol\u0103rit, confec\u021bionare de cuverturi, prelucrarea lemnului, broderie \u0219i confec\u021bionare de ou\u0103 de Pa\u0219te \u0219i alte me\u0219te\u0219uguri tradi\u021bionale din Carpa\u021bi, precum \u0219i degust\u0103ri de produse artizanale \u0219i de preparate din buc\u0103t\u0103ria local\u0103.<\/p>\n\n\n\n<p>Regiunea Carpa\u021bilor este, de asemenea, bogat\u0103 \u00een tradi\u021bii de fabricare a br\u00e2nzeturilor &#8211; pe l\u00e2ng\u0103 ca\u0219, br\u00e2nza \u0219i urd\u0103 tradi\u021bionale din Carpa\u021bi, se produc \u0219i alte br\u00e2nzeturi &#8222;europene&#8221; din lapte ecologic de capr\u0103, vac\u0103 \u0219i oaie. Un produs special \u0219i extrem de s\u0103n\u0103tos din laptele fermentat din Carpa\u021bi este guslyanka.<\/p>\n","protected":false},"excerpt":{"rendered":"<p>Regiunea Carpa\u021bilor este, de asemenea, bogat\u0103 \u00een obiecte de artizanat. Pe l\u00e2ng\u0103 pie\u021bele de suveniruri, \u00een Kolomyia exist\u0103 o pia\u021b\u0103 s\u0103pt\u0103m\u00e2nal\u0103 de broderie &#8222;de noapte&#8221;, care vinde prosoape brodate, c\u0103m\u0103\u0219i \u0219i produse conexe pentru haine populare ucrainene pentru toate gusturile \u0219i bugetele. \u00cen general, cele mai populare produse la pie\u021bele \u0219i magazinele de suveniruri sunt<\/p>\n","protected":false},"author":1,"featured_media":0,"parent":163,"menu_order":0,"comment_status":"closed","ping_status":"closed","template":"","meta":{"inline_featured_image":false,"footnotes":""},"class_list":["post-175","page","type-page","status-publish","hentry"],"acf":[],"yoast_head":"<!-- This site is optimized with the Yoast SEO plugin v21.2 - https:\/\/yoast.com\/wordpress\/plugins\/seo\/ -->\n<title>Cultur\u0103, obiceiuri \u0219i tradi\u021bii - RUTA CULTURAL\u0102 CARPATIC\u0102<\/title>\n<meta name=\"robots\" content=\"index, follow, max-snippet:-1, max-image-preview:large, max-video-preview:-1\" \/>\n<link rel=\"canonical\" href=\"https:\/\/carpathianculturalroute.com\/ro\/despre-regiune\/cultura-obiceiuri-si-traditii\/\" \/>\n<meta property=\"og:locale\" content=\"ro_RO\" \/>\n<meta property=\"og:type\" content=\"article\" \/>\n<meta property=\"og:title\" content=\"Cultur\u0103, obiceiuri \u0219i tradi\u021bii - RUTA CULTURAL\u0102 CARPATIC\u0102\" \/>\n<meta property=\"og:description\" content=\"Regiunea Carpa\u021bilor este, de asemenea, bogat\u0103 \u00een obiecte de artizanat. Pe l\u00e2ng\u0103 pie\u021bele de suveniruri, \u00een Kolomyia exist\u0103 o pia\u021b\u0103 s\u0103pt\u0103m\u00e2nal\u0103 de broderie &#8222;de noapte&#8221;, care vinde prosoape brodate, c\u0103m\u0103\u0219i \u0219i produse conexe pentru haine populare ucrainene pentru toate gusturile \u0219i bugetele. \u00cen general, cele mai populare produse la pie\u021bele \u0219i magazinele de suveniruri sunt\" \/>\n<meta property=\"og:url\" content=\"https:\/\/carpathianculturalroute.com\/ro\/despre-regiune\/cultura-obiceiuri-si-traditii\/\" \/>\n<meta property=\"og:site_name\" content=\"RUTA CULTURAL\u0102 CARPATIC\u0102\" \/>\n<meta property=\"article:publisher\" content=\"https:\/\/www.facebook.com\/Carpathianculturalroute\/\" \/>\n<meta property=\"article:modified_time\" content=\"2023-09-25T09:16:20+00:00\" \/>\n<meta name=\"twitter:card\" content=\"summary_large_image\" \/>\n<meta name=\"twitter:label1\" content=\"Timp estimat pentru citire\" \/>\n\t<meta name=\"twitter:data1\" content=\"2 minute\" \/>\n<script type=\"application\/ld+json\" class=\"yoast-schema-graph\">{\"@context\":\"https:\/\/schema.org\",\"@graph\":[{\"@type\":\"WebPage\",\"@id\":\"https:\/\/carpathianculturalroute.com\/ro\/despre-regiune\/cultura-obiceiuri-si-traditii\/\",\"url\":\"https:\/\/carpathianculturalroute.com\/ro\/despre-regiune\/cultura-obiceiuri-si-traditii\/\",\"name\":\"Cultur\u0103, obiceiuri \u0219i tradi\u021bii - RUTA CULTURAL\u0102 CARPATIC\u0102\",\"isPartOf\":{\"@id\":\"https:\/\/carpathianculturalroute.com\/#website\"},\"datePublished\":\"2023-08-30T09:14:46+00:00\",\"dateModified\":\"2023-09-25T09:16:20+00:00\",\"breadcrumb\":{\"@id\":\"https:\/\/carpathianculturalroute.com\/ro\/despre-regiune\/cultura-obiceiuri-si-traditii\/#breadcrumb\"},\"inLanguage\":\"ro-RO\",\"potentialAction\":[{\"@type\":\"ReadAction\",\"target\":[\"https:\/\/carpathianculturalroute.com\/ro\/despre-regiune\/cultura-obiceiuri-si-traditii\/\"]}]},{\"@type\":\"BreadcrumbList\",\"@id\":\"https:\/\/carpathianculturalroute.com\/ro\/despre-regiune\/cultura-obiceiuri-si-traditii\/#breadcrumb\",\"itemListElement\":[{\"@type\":\"ListItem\",\"position\":1,\"name\":\"Home\",\"item\":\"https:\/\/carpathianculturalroute.com\/ro\/\"},{\"@type\":\"ListItem\",\"position\":2,\"name\":\"Despre regiune\",\"item\":\"https:\/\/carpathianculturalroute.com\/pro-rehion\/\"},{\"@type\":\"ListItem\",\"position\":3,\"name\":\"Cultur\u0103, obiceiuri \u0219i tradi\u021bii\"}]},{\"@type\":\"WebSite\",\"@id\":\"https:\/\/carpathianculturalroute.com\/#website\",\"url\":\"https:\/\/carpathianculturalroute.com\/\",\"name\":\"RUTA CULTURAL\u0102 CARPATIC\u0102\",\"description\":\"\",\"publisher\":{\"@id\":\"https:\/\/carpathianculturalroute.com\/#organization\"},\"potentialAction\":[{\"@type\":\"SearchAction\",\"target\":{\"@type\":\"EntryPoint\",\"urlTemplate\":\"https:\/\/carpathianculturalroute.com\/?s={search_term_string}\"},\"query-input\":\"required name=search_term_string\"}],\"inLanguage\":\"ro-RO\"},{\"@type\":\"Organization\",\"@id\":\"https:\/\/carpathianculturalroute.com\/#organization\",\"name\":\"RUTA CULTURAL\u0102 CARPATIC\u0102\",\"url\":\"https:\/\/carpathianculturalroute.com\/\",\"logo\":{\"@type\":\"ImageObject\",\"inLanguage\":\"ro-RO\",\"@id\":\"https:\/\/carpathianculturalroute.com\/#\/schema\/logo\/image\/\",\"url\":\"https:\/\/carpathianculturalroute.com\/wp-content\/uploads\/2023\/10\/logo.webp\",\"contentUrl\":\"https:\/\/carpathianculturalroute.com\/wp-content\/uploads\/2023\/10\/logo.webp\",\"width\":169,\"height\":115,\"caption\":\"RUTA CULTURAL\u0102 CARPATIC\u0102\"},\"image\":{\"@id\":\"https:\/\/carpathianculturalroute.com\/#\/schema\/logo\/image\/\"},\"sameAs\":[\"https:\/\/www.facebook.com\/Carpathianculturalroute\/\"]}]}<\/script>\n<!-- \/ Yoast SEO plugin. -->","yoast_head_json":{"title":"Cultur\u0103, obiceiuri \u0219i tradi\u021bii - RUTA CULTURAL\u0102 CARPATIC\u0102","robots":{"index":"index","follow":"follow","max-snippet":"max-snippet:-1","max-image-preview":"max-image-preview:large","max-video-preview":"max-video-preview:-1"},"canonical":"https:\/\/carpathianculturalroute.com\/ro\/despre-regiune\/cultura-obiceiuri-si-traditii\/","og_locale":"ro_RO","og_type":"article","og_title":"Cultur\u0103, obiceiuri \u0219i tradi\u021bii - RUTA CULTURAL\u0102 CARPATIC\u0102","og_description":"Regiunea Carpa\u021bilor este, de asemenea, bogat\u0103 \u00een obiecte de artizanat. Pe l\u00e2ng\u0103 pie\u021bele de suveniruri, \u00een Kolomyia exist\u0103 o pia\u021b\u0103 s\u0103pt\u0103m\u00e2nal\u0103 de broderie &#8222;de noapte&#8221;, care vinde prosoape brodate, c\u0103m\u0103\u0219i \u0219i produse conexe pentru haine populare ucrainene pentru toate gusturile \u0219i bugetele. \u00cen general, cele mai populare produse la pie\u021bele \u0219i magazinele de suveniruri sunt","og_url":"https:\/\/carpathianculturalroute.com\/ro\/despre-regiune\/cultura-obiceiuri-si-traditii\/","og_site_name":"RUTA CULTURAL\u0102 CARPATIC\u0102","article_publisher":"https:\/\/www.facebook.com\/Carpathianculturalroute\/","article_modified_time":"2023-09-25T09:16:20+00:00","twitter_card":"summary_large_image","twitter_misc":{"Timp estimat pentru citire":"2 minute"},"schema":{"@context":"https:\/\/schema.org","@graph":[{"@type":"WebPage","@id":"https:\/\/carpathianculturalroute.com\/ro\/despre-regiune\/cultura-obiceiuri-si-traditii\/","url":"https:\/\/carpathianculturalroute.com\/ro\/despre-regiune\/cultura-obiceiuri-si-traditii\/","name":"Cultur\u0103, obiceiuri \u0219i tradi\u021bii - RUTA CULTURAL\u0102 CARPATIC\u0102","isPartOf":{"@id":"https:\/\/carpathianculturalroute.com\/#website"},"datePublished":"2023-08-30T09:14:46+00:00","dateModified":"2023-09-25T09:16:20+00:00","breadcrumb":{"@id":"https:\/\/carpathianculturalroute.com\/ro\/despre-regiune\/cultura-obiceiuri-si-traditii\/#breadcrumb"},"inLanguage":"ro-RO","potentialAction":[{"@type":"ReadAction","target":["https:\/\/carpathianculturalroute.com\/ro\/despre-regiune\/cultura-obiceiuri-si-traditii\/"]}]},{"@type":"BreadcrumbList","@id":"https:\/\/carpathianculturalroute.com\/ro\/despre-regiune\/cultura-obiceiuri-si-traditii\/#breadcrumb","itemListElement":[{"@type":"ListItem","position":1,"name":"Home","item":"https:\/\/carpathianculturalroute.com\/ro\/"},{"@type":"ListItem","position":2,"name":"Despre regiune","item":"https:\/\/carpathianculturalroute.com\/pro-rehion\/"},{"@type":"ListItem","position":3,"name":"Cultur\u0103, obiceiuri \u0219i tradi\u021bii"}]},{"@type":"WebSite","@id":"https:\/\/carpathianculturalroute.com\/#website","url":"https:\/\/carpathianculturalroute.com\/","name":"RUTA CULTURAL\u0102 CARPATIC\u0102","description":"","publisher":{"@id":"https:\/\/carpathianculturalroute.com\/#organization"},"potentialAction":[{"@type":"SearchAction","target":{"@type":"EntryPoint","urlTemplate":"https:\/\/carpathianculturalroute.com\/?s={search_term_string}"},"query-input":"required name=search_term_string"}],"inLanguage":"ro-RO"},{"@type":"Organization","@id":"https:\/\/carpathianculturalroute.com\/#organization","name":"RUTA CULTURAL\u0102 CARPATIC\u0102","url":"https:\/\/carpathianculturalroute.com\/","logo":{"@type":"ImageObject","inLanguage":"ro-RO","@id":"https:\/\/carpathianculturalroute.com\/#\/schema\/logo\/image\/","url":"https:\/\/carpathianculturalroute.com\/wp-content\/uploads\/2023\/10\/logo.webp","contentUrl":"https:\/\/carpathianculturalroute.com\/wp-content\/uploads\/2023\/10\/logo.webp","width":169,"height":115,"caption":"RUTA CULTURAL\u0102 CARPATIC\u0102"},"image":{"@id":"https:\/\/carpathianculturalroute.com\/#\/schema\/logo\/image\/"},"sameAs":["https:\/\/www.facebook.com\/Carpathianculturalroute\/"]}]}},"_links":{"self":[{"href":"https:\/\/carpathianculturalroute.com\/ro\/wp-json\/wp\/v2\/pages\/175","targetHints":{"allow":["GET"]}}],"collection":[{"href":"https:\/\/carpathianculturalroute.com\/ro\/wp-json\/wp\/v2\/pages"}],"about":[{"href":"https:\/\/carpathianculturalroute.com\/ro\/wp-json\/wp\/v2\/types\/page"}],"author":[{"embeddable":true,"href":"https:\/\/carpathianculturalroute.com\/ro\/wp-json\/wp\/v2\/users\/1"}],"replies":[{"embeddable":true,"href":"https:\/\/carpathianculturalroute.com\/ro\/wp-json\/wp\/v2\/comments?post=175"}],"version-history":[{"count":2,"href":"https:\/\/carpathianculturalroute.com\/ro\/wp-json\/wp\/v2\/pages\/175\/revisions"}],"predecessor-version":[{"id":3487,"href":"https:\/\/carpathianculturalroute.com\/ro\/wp-json\/wp\/v2\/pages\/175\/revisions\/3487"}],"up":[{"embeddable":true,"href":"https:\/\/carpathianculturalroute.com\/ro\/wp-json\/wp\/v2\/pages\/163"}],"wp:attachment":[{"href":"https:\/\/carpathianculturalroute.com\/ro\/wp-json\/wp\/v2\/media?parent=175"}],"curies":[{"name":"wp","href":"https:\/\/api.w.org\/{rel}","templated":true}]}}