{"id":169,"date":"2023-09-05T13:49:01","date_gmt":"2023-09-05T13:49:01","guid":{"rendered":"http:\/\/carpathian-cultural-route.local\/?page_id=169"},"modified":"2023-09-05T13:49:48","modified_gmt":"2023-09-05T13:49:48","slug":"istorie","status":"publish","type":"page","link":"https:\/\/carpathianculturalroute.com\/ro\/istorie\/","title":{"rendered":"Istorie"},"content":{"rendered":"\n<p>\u00cen regiunea Carpa\u021bilor, pute\u021bi admira nu numai peisaje montane pitore\u0219ti, ci \u0219i cl\u0103diri vechi \u0219i frumoase, create \u00een armonie cu natura \u00eens\u0103\u0219i.&nbsp;<\/p>\n\n\n\n<p>Regiunea are un patrimoniu cultural \u0219i istoric unic. Exist\u0103 un num\u0103r mare de muzee, monumente arhitecturale \u0219i religioase de valoare istoric\u0103, precum \u0219i puncte de reper. \u00cen ora\u0219ele mari, aceste cl\u0103diri istorice sunt de obicei folosite ca s\u0103li de concerte, muzee, galerii de art\u0103 \u0219i alte institu\u021bii culturale.<\/p>\n\n\n\n<p>Arhitectura sofisticat\u0103 a multor monumente, num\u0103rul mare de stiluri arhitecturale diferite, istoria cu multiple fa\u021bete a regiunii \u0219i proximitatea acesteia fa\u021b\u0103 de alte \u021b\u0103ri constituie baza poten\u021bialului de dezvoltare a unui produs turistic transfrontalier<\/p>\n\n\n\n<p>De-a lungul secolelor, ingeniozitatea t\u00e2mpl\u0103riei \u0219i a arhitecturii din lemn a fost perfec\u021bionat\u0103 \u0219i dezvoltat\u0103 \u00eentr-o adev\u0103rat\u0103 art\u0103 \u00eenalt\u0103 de a crea forme originale \u0219i structuri perfecte ale cl\u0103dirilor.<\/p>\n\n\n\n<p>Exist\u0103 zeci de muzee ale c\u0103ror colec\u021bii tematice au acumulat de-a lungul secolelor exemplare unice, de la obiecte preistorice p\u00e2n\u0103 \u00een prezent. Acestea reprezint\u0103 cultura vibrant\u0103 a Carpa\u021bilor, me\u0219te\u0219ugurile populare, meseriile, arhitectura, precum \u0219i geologia, flora \u0219i fauna extraordinare ale regiunii Carpa\u021bilor. Muzeele acoper\u0103, de asemenea, paginile tragice ale istoriei regiunii, at\u00e2t \u00een timpul celui de-al Doilea R\u0103zboi Mondial, c\u00e2t \u0219i \u00een perioada comunist\u0103. Aceast\u0103 regiune este multina\u021bional\u0103, astfel c\u0103 unele expozi\u021bii prezint\u0103 \u0219i cultura, via\u021ba \u0219i me\u0219te\u0219ugurile altor popoare- maghiari, evrei, armeni, polonezi, turci \u0219i al\u021bii.<\/p>\n","protected":false},"excerpt":{"rendered":"<p>\u00cen regiunea Carpa\u021bilor, pute\u021bi admira nu numai peisaje montane pitore\u0219ti, ci \u0219i cl\u0103diri vechi \u0219i frumoase, create \u00een armonie cu natura \u00eens\u0103\u0219i.&nbsp; Regiunea are un patrimoniu cultural \u0219i istoric unic. Exist\u0103 un num\u0103r mare de muzee, monumente arhitecturale \u0219i religioase de valoare istoric\u0103, precum \u0219i puncte de reper. \u00cen ora\u0219ele mari, aceste cl\u0103diri istorice sunt<\/p>\n","protected":false},"author":1,"featured_media":0,"parent":0,"menu_order":0,"comment_status":"closed","ping_status":"closed","template":"","meta":{"inline_featured_image":false,"footnotes":""},"class_list":["post-169","page","type-page","status-publish","hentry"],"acf":[],"yoast_head":"<!-- This site is optimized with the Yoast SEO plugin v21.2 - https:\/\/yoast.com\/wordpress\/plugins\/seo\/ -->\n<title>Istorie - RUTA CULTURAL\u0102 CARPATIC\u0102<\/title>\n<meta name=\"robots\" content=\"index, follow, max-snippet:-1, max-image-preview:large, max-video-preview:-1\" \/>\n<link rel=\"canonical\" href=\"https:\/\/carpathianculturalroute.com\/ro\/istorie\/\" \/>\n<meta property=\"og:locale\" content=\"ro_RO\" \/>\n<meta property=\"og:type\" content=\"article\" \/>\n<meta property=\"og:title\" content=\"Istorie - RUTA CULTURAL\u0102 CARPATIC\u0102\" \/>\n<meta property=\"og:description\" content=\"\u00cen regiunea Carpa\u021bilor, pute\u021bi admira nu numai peisaje montane pitore\u0219ti, ci \u0219i cl\u0103diri vechi \u0219i frumoase, create \u00een armonie cu natura \u00eens\u0103\u0219i.&nbsp; Regiunea are un patrimoniu cultural \u0219i istoric unic. Exist\u0103 un num\u0103r mare de muzee, monumente arhitecturale \u0219i religioase de valoare istoric\u0103, precum \u0219i puncte de reper. \u00cen ora\u0219ele mari, aceste cl\u0103diri istorice sunt\" \/>\n<meta property=\"og:url\" content=\"https:\/\/carpathianculturalroute.com\/ro\/istorie\/\" \/>\n<meta property=\"og:site_name\" content=\"RUTA CULTURAL\u0102 CARPATIC\u0102\" \/>\n<meta property=\"article:publisher\" content=\"https:\/\/www.facebook.com\/Carpathianculturalroute\/\" \/>\n<meta property=\"article:modified_time\" content=\"2023-09-05T13:49:48+00:00\" \/>\n<meta name=\"twitter:card\" content=\"summary_large_image\" \/>\n<meta name=\"twitter:label1\" content=\"Timp estimat pentru citire\" \/>\n\t<meta name=\"twitter:data1\" content=\"1 minut\" \/>\n<script type=\"application\/ld+json\" class=\"yoast-schema-graph\">{\"@context\":\"https:\/\/schema.org\",\"@graph\":[{\"@type\":\"WebPage\",\"@id\":\"https:\/\/carpathianculturalroute.com\/ro\/istorie\/\",\"url\":\"https:\/\/carpathianculturalroute.com\/ro\/istorie\/\",\"name\":\"Istorie - RUTA CULTURAL\u0102 CARPATIC\u0102\",\"isPartOf\":{\"@id\":\"https:\/\/carpathianculturalroute.com\/#website\"},\"datePublished\":\"2023-09-05T13:49:01+00:00\",\"dateModified\":\"2023-09-05T13:49:48+00:00\",\"breadcrumb\":{\"@id\":\"https:\/\/carpathianculturalroute.com\/ro\/istorie\/#breadcrumb\"},\"inLanguage\":\"ro-RO\",\"potentialAction\":[{\"@type\":\"ReadAction\",\"target\":[\"https:\/\/carpathianculturalroute.com\/ro\/istorie\/\"]}]},{\"@type\":\"BreadcrumbList\",\"@id\":\"https:\/\/carpathianculturalroute.com\/ro\/istorie\/#breadcrumb\",\"itemListElement\":[{\"@type\":\"ListItem\",\"position\":1,\"name\":\"Home\",\"item\":\"https:\/\/carpathianculturalroute.com\/ro\/\"},{\"@type\":\"ListItem\",\"position\":2,\"name\":\"Istorie\"}]},{\"@type\":\"WebSite\",\"@id\":\"https:\/\/carpathianculturalroute.com\/#website\",\"url\":\"https:\/\/carpathianculturalroute.com\/\",\"name\":\"RUTA CULTURAL\u0102 CARPATIC\u0102\",\"description\":\"\",\"publisher\":{\"@id\":\"https:\/\/carpathianculturalroute.com\/#organization\"},\"potentialAction\":[{\"@type\":\"SearchAction\",\"target\":{\"@type\":\"EntryPoint\",\"urlTemplate\":\"https:\/\/carpathianculturalroute.com\/?s={search_term_string}\"},\"query-input\":\"required name=search_term_string\"}],\"inLanguage\":\"ro-RO\"},{\"@type\":\"Organization\",\"@id\":\"https:\/\/carpathianculturalroute.com\/#organization\",\"name\":\"RUTA CULTURAL\u0102 CARPATIC\u0102\",\"url\":\"https:\/\/carpathianculturalroute.com\/\",\"logo\":{\"@type\":\"ImageObject\",\"inLanguage\":\"ro-RO\",\"@id\":\"https:\/\/carpathianculturalroute.com\/#\/schema\/logo\/image\/\",\"url\":\"https:\/\/carpathianculturalroute.com\/wp-content\/uploads\/2023\/10\/logo.webp\",\"contentUrl\":\"https:\/\/carpathianculturalroute.com\/wp-content\/uploads\/2023\/10\/logo.webp\",\"width\":169,\"height\":115,\"caption\":\"RUTA CULTURAL\u0102 CARPATIC\u0102\"},\"image\":{\"@id\":\"https:\/\/carpathianculturalroute.com\/#\/schema\/logo\/image\/\"},\"sameAs\":[\"https:\/\/www.facebook.com\/Carpathianculturalroute\/\"]}]}<\/script>\n<!-- \/ Yoast SEO plugin. -->","yoast_head_json":{"title":"Istorie - RUTA CULTURAL\u0102 CARPATIC\u0102","robots":{"index":"index","follow":"follow","max-snippet":"max-snippet:-1","max-image-preview":"max-image-preview:large","max-video-preview":"max-video-preview:-1"},"canonical":"https:\/\/carpathianculturalroute.com\/ro\/istorie\/","og_locale":"ro_RO","og_type":"article","og_title":"Istorie - RUTA CULTURAL\u0102 CARPATIC\u0102","og_description":"\u00cen regiunea Carpa\u021bilor, pute\u021bi admira nu numai peisaje montane pitore\u0219ti, ci \u0219i cl\u0103diri vechi \u0219i frumoase, create \u00een armonie cu natura \u00eens\u0103\u0219i.&nbsp; Regiunea are un patrimoniu cultural \u0219i istoric unic. Exist\u0103 un num\u0103r mare de muzee, monumente arhitecturale \u0219i religioase de valoare istoric\u0103, precum \u0219i puncte de reper. \u00cen ora\u0219ele mari, aceste cl\u0103diri istorice sunt","og_url":"https:\/\/carpathianculturalroute.com\/ro\/istorie\/","og_site_name":"RUTA CULTURAL\u0102 CARPATIC\u0102","article_publisher":"https:\/\/www.facebook.com\/Carpathianculturalroute\/","article_modified_time":"2023-09-05T13:49:48+00:00","twitter_card":"summary_large_image","twitter_misc":{"Timp estimat pentru citire":"1 minut"},"schema":{"@context":"https:\/\/schema.org","@graph":[{"@type":"WebPage","@id":"https:\/\/carpathianculturalroute.com\/ro\/istorie\/","url":"https:\/\/carpathianculturalroute.com\/ro\/istorie\/","name":"Istorie - RUTA CULTURAL\u0102 CARPATIC\u0102","isPartOf":{"@id":"https:\/\/carpathianculturalroute.com\/#website"},"datePublished":"2023-09-05T13:49:01+00:00","dateModified":"2023-09-05T13:49:48+00:00","breadcrumb":{"@id":"https:\/\/carpathianculturalroute.com\/ro\/istorie\/#breadcrumb"},"inLanguage":"ro-RO","potentialAction":[{"@type":"ReadAction","target":["https:\/\/carpathianculturalroute.com\/ro\/istorie\/"]}]},{"@type":"BreadcrumbList","@id":"https:\/\/carpathianculturalroute.com\/ro\/istorie\/#breadcrumb","itemListElement":[{"@type":"ListItem","position":1,"name":"Home","item":"https:\/\/carpathianculturalroute.com\/ro\/"},{"@type":"ListItem","position":2,"name":"Istorie"}]},{"@type":"WebSite","@id":"https:\/\/carpathianculturalroute.com\/#website","url":"https:\/\/carpathianculturalroute.com\/","name":"RUTA CULTURAL\u0102 CARPATIC\u0102","description":"","publisher":{"@id":"https:\/\/carpathianculturalroute.com\/#organization"},"potentialAction":[{"@type":"SearchAction","target":{"@type":"EntryPoint","urlTemplate":"https:\/\/carpathianculturalroute.com\/?s={search_term_string}"},"query-input":"required name=search_term_string"}],"inLanguage":"ro-RO"},{"@type":"Organization","@id":"https:\/\/carpathianculturalroute.com\/#organization","name":"RUTA CULTURAL\u0102 CARPATIC\u0102","url":"https:\/\/carpathianculturalroute.com\/","logo":{"@type":"ImageObject","inLanguage":"ro-RO","@id":"https:\/\/carpathianculturalroute.com\/#\/schema\/logo\/image\/","url":"https:\/\/carpathianculturalroute.com\/wp-content\/uploads\/2023\/10\/logo.webp","contentUrl":"https:\/\/carpathianculturalroute.com\/wp-content\/uploads\/2023\/10\/logo.webp","width":169,"height":115,"caption":"RUTA CULTURAL\u0102 CARPATIC\u0102"},"image":{"@id":"https:\/\/carpathianculturalroute.com\/#\/schema\/logo\/image\/"},"sameAs":["https:\/\/www.facebook.com\/Carpathianculturalroute\/"]}]}},"_links":{"self":[{"href":"https:\/\/carpathianculturalroute.com\/ro\/wp-json\/wp\/v2\/pages\/169","targetHints":{"allow":["GET"]}}],"collection":[{"href":"https:\/\/carpathianculturalroute.com\/ro\/wp-json\/wp\/v2\/pages"}],"about":[{"href":"https:\/\/carpathianculturalroute.com\/ro\/wp-json\/wp\/v2\/types\/page"}],"author":[{"embeddable":true,"href":"https:\/\/carpathianculturalroute.com\/ro\/wp-json\/wp\/v2\/users\/1"}],"replies":[{"embeddable":true,"href":"https:\/\/carpathianculturalroute.com\/ro\/wp-json\/wp\/v2\/comments?post=169"}],"version-history":[{"count":1,"href":"https:\/\/carpathianculturalroute.com\/ro\/wp-json\/wp\/v2\/pages\/169\/revisions"}],"predecessor-version":[{"id":170,"href":"https:\/\/carpathianculturalroute.com\/ro\/wp-json\/wp\/v2\/pages\/169\/revisions\/170"}],"wp:attachment":[{"href":"https:\/\/carpathianculturalroute.com\/ro\/wp-json\/wp\/v2\/media?parent=169"}],"curies":[{"name":"wp","href":"https:\/\/api.w.org\/{rel}","templated":true}]}}