{"id":163,"date":"2023-08-30T09:10:38","date_gmt":"2023-08-30T09:10:38","guid":{"rendered":"http:\/\/carpathian-cultural-route.local\/?page_id=163"},"modified":"2023-09-21T13:34:00","modified_gmt":"2023-09-21T13:34:00","slug":"despre-regiune","status":"publish","type":"page","link":"https:\/\/carpathianculturalroute.com\/ro\/despre-regiune\/","title":{"rendered":"Despre regiune"},"content":{"rendered":"\n<p><strong>Regiunea Ivano-Frankivsk<\/strong><\/p>\n\n\n\n<p>Regiunea Ivano-Frankivsk este situat\u0103 \u00een centrul geografic al Europei, \u00een sud-vestul Ucrainei, \u0219i se \u00eenvecineaz\u0103 cu regiunile Zakarpattia, Lviv, Ternopil \u0219i Cern\u0103u\u021bi din Ucraina. \u00cen extremitatea sudic\u0103, are o frontier\u0103 de stat lung\u0103 de 50 km cu jude\u021bul Maramure\u0219 (Rom\u00e2nia).<\/p>\n\n\n\n<p>Regiunea se \u00eentinde pe o suprafa\u021b\u0103 de 13,9 mii de kilometri p\u0103tra\u021bi. Regiunea Ivano-Frankivsk este cea mai \u00eenalt\u0103 din Ucraina din punctul de vedere al reliefului.<\/p>\n\n\n\n<p>Aici se afl\u0103 cele mai \u00eenalte v\u00e2rfuri ucrainene &#8211; Hoverla (2061 m), Pip-Ivan (2028 m) \u0219i Syvulya (1836 m).<\/p>\n\n\n\n<p>R\u00e2urile sunt \u00een mare parte montane, form\u00e2nd praguri \u0219i cascade. Cele mai mari r\u00e2uri sunt Nistrul \u0219i Prutul.<\/p>\n\n\n\n<p>Clima regiunii este temperat continental\u0103. Iernile sunt bl\u00e2nde, cu o temperatur\u0103 medie de 5\u00b0C \u00een ianuarie, iar verile sunt calde, cu o temperatur\u0103 medie de +18\u00b0C \u00een iulie. \u00cen Carpa\u021bi, clima este mai sever\u0103. Aici, temperaturile medii sunt cu 3-5\u00b0C mai sc\u0103zute dec\u00e2t \u00een zona de la poalele mun\u021bilor. Astfel de condi\u021bii climatice sunt propice pentru recreere \u0219i tratament pe tot parcursul anului. Z\u0103pada se p\u0103streaz\u0103 pe versan\u0163ii Carpa\u021bilor&nbsp; p\u00e2n\u0103 la cinci luni, ceea ce contribuie la dezvoltarea schiului.<\/p>\n\n\n\n<p><strong>Regiunea Zakarpattia&nbsp;<\/strong><\/p>\n\n\n\n<p>Regiunea se afl\u0103 \u00een centrul geografic al Europei, av\u00e2nd grani\u021b\u0103 cu patru \u021b\u0103ri ale UE &#8211; Polonia, Slovacia, Ungaria \u0219i Rom\u00e2nia. Regiunea este centrul leg\u0103turilor de transport importante ale Ucrainei cu multe \u021b\u0103ri europene. La nord \u0219i la est, Zakarpattia are grani\u021be administrative cu regiunile Lviv \u0219i Ivano-Frankivsk.<\/p>\n\n\n\n<p>Zakarpattia este o regiune special\u0103 a Ucrainei, cu 80 % din suprafa\u021ba sa acoperit\u0103 de mun\u021bi (cel mai \u00eenalt punct din Ucraina este Muntele Hoverla (2061 m), iar restul este acoperit de c\u00e2mpia Prytysyanska). Practic, \u00een regiunea noastr\u0103 nu exist\u0103 o industrie la scar\u0103 larg\u0103, iar dezvoltarea produc\u021biei agricole este \u00eengreunat\u0103 de suprafa\u021ba redus\u0103 a terenului. Cu toate acestea, regiunea dispune de toate premisele pentru dezvoltarea turismului: istorice, geografice, naturale, economice, socio-demografice etc.<\/p>\n\n\n\n<p>P\u0103durile, apele minerale \u0219i termale reprezint\u0103 principala bog\u0103\u021bie a regiunii. \u00cen Zakarpatia exist\u0103 33 de z\u0103c\u0103minte de ap\u0103 mineral\u0103 \u0219i 360 de izvoare de ap\u0103 mineral\u0103. Iarna, Zakarpattia atrage vizitatorii cu p\u00e2rtiile de schi: exist\u0103 69 de teleschiuri, dintre care 57 sunt opera\u021bionale. Regiunea Zakarpattia este renumit\u0103 pentru monumentele sale istorice \u0219i arhitecturale unice din trecut, inclusiv pentru bisericile din lemn.<\/p>\n\n\n\n<p><strong>Jude\u021bul Maramure\u0219&nbsp;<\/strong><\/p>\n\n\n\n<p>Jude\u021bul Maramure\u0219 este situat \u00een partea de nord-vest a Rom\u00e2niei, av\u00e2nd o suprafa\u021b\u0103 total\u0103 de 6304 kilometri p\u0103tra\u021bi, ceea ce reprezint\u0103 2,6% din suprafa\u021ba total\u0103 a \u021b\u0103rii. Jude\u021bul Maramure\u0219 se \u00eenvecineaz\u0103 la est cu jude\u021bul Suceava, la sud cu jude\u021bele Bistrica N\u0103s\u0103ud, Cluj, S\u0103laj, la vest cu jude\u021bul Satu Mare, iar la nord cu frontiera de stat cu Ucraina, lung\u0103 de 154 km, din care r\u00e2ul Tisa ocup\u0103 aproximativ 40% din teritoriu (62 km).<\/p>\n\n\n\n<p>Jude\u021bul are urm\u0103toarea topografie: 43% &#8211; mun\u021bi, 30% &#8211; dealuri \u0219i platouri, 27% &#8211; c\u00e2mpii \u0219i paji\u0219ti.<\/p>\n\n\n\n<p>Zona muntoas\u0103 include v\u00e2rfuri \u0219i defileuri apar\u021bin\u00e2nd Carpa\u021bilor Orientali:<\/p>\n\n\n\n<ul class=\"wp-block-list\">\n<li>Mun\u021bii Rodnei: V\u00e2rful Pietrosul &#8211; 2303 m, Puzdrele &#8211; 2189 m, Gala\u0163ului &#8211; 2048 m;<\/li>\n\n\n\n<li>Mun\u021bii Maramure\u0219ului: Farc\u0103u &#8211; 1957 m, Pip Ivan &#8211; 1937 m, Toroioaga &#8211; 1930 m;<\/li>\n\n\n\n<li>Mun\u021bii Gut\u00e2i: Pasul Gut\u00e2i &#8211; 587 m, Creasta Coco\u0219ului &#8211; 1428 m cu cel mai \u00eenalt punct al Muntelui Gut\u00e2i &#8211; 1443 m;<\/li>\n\n\n\n<li>Mun\u021bii \u021aible\u0219ului: Mt. \u021aible\u0219 &#8211; 1839 m, Hudin &#8211; 1611 m, V\u0103ratec &#8211; 1349 m \u0219i cel mai \u00eenalt punct V\u00e2rful Bran &#8211; 1840 m.<\/li>\n<\/ul>\n\n\n\n<p>Jude\u021bul Maramure\u0219 dispune de o re\u021bea hidrografic\u0103 bogat\u0103, cu o lungime de peste 3100 km. Dou\u0103 sisteme hidrografice, r\u00e2ul Tisa \u0219i r\u00e2ul Some\u0219, alimenteaz\u0103 cu ap\u0103 \u00eentregul jude\u021b.&nbsp;<\/p>\n\n\n\n<p>Clima jude\u021bului Maramure\u0219 este una temperat-continental\u0103, montan\u0103, cu umiditate moderat ridicat\u0103 \u0219i precipita\u021bii bogate.<\/p>\n","protected":false},"excerpt":{"rendered":"<p>Regiunea Ivano-Frankivsk Regiunea Ivano-Frankivsk este situat\u0103 \u00een centrul geografic al Europei, \u00een sud-vestul Ucrainei, \u0219i se \u00eenvecineaz\u0103 cu regiunile Zakarpattia, Lviv, Ternopil \u0219i Cern\u0103u\u021bi din Ucraina. \u00cen extremitatea sudic\u0103, are o frontier\u0103 de stat lung\u0103 de 50 km cu jude\u021bul Maramure\u0219 (Rom\u00e2nia). Regiunea se \u00eentinde pe o suprafa\u021b\u0103 de 13,9 mii de kilometri p\u0103tra\u021bi. Regiunea<\/p>\n","protected":false},"author":1,"featured_media":0,"parent":0,"menu_order":0,"comment_status":"closed","ping_status":"closed","template":"","meta":{"inline_featured_image":false,"footnotes":""},"class_list":["post-163","page","type-page","status-publish","hentry"],"acf":[],"yoast_head":"<!-- This site is optimized with the Yoast SEO plugin v21.2 - https:\/\/yoast.com\/wordpress\/plugins\/seo\/ -->\n<title>Despre regiune - RUTA CULTURAL\u0102 CARPATIC\u0102<\/title>\n<meta name=\"robots\" content=\"index, follow, max-snippet:-1, max-image-preview:large, max-video-preview:-1\" \/>\n<link rel=\"canonical\" href=\"https:\/\/carpathianculturalroute.com\/pro-rehion\/\" \/>\n<meta property=\"og:locale\" content=\"ro_RO\" \/>\n<meta property=\"og:type\" content=\"article\" \/>\n<meta property=\"og:title\" content=\"Despre regiune - RUTA CULTURAL\u0102 CARPATIC\u0102\" \/>\n<meta property=\"og:description\" content=\"Regiunea Ivano-Frankivsk Regiunea Ivano-Frankivsk este situat\u0103 \u00een centrul geografic al Europei, \u00een sud-vestul Ucrainei, \u0219i se \u00eenvecineaz\u0103 cu regiunile Zakarpattia, Lviv, Ternopil \u0219i Cern\u0103u\u021bi din Ucraina. \u00cen extremitatea sudic\u0103, are o frontier\u0103 de stat lung\u0103 de 50 km cu jude\u021bul Maramure\u0219 (Rom\u00e2nia). Regiunea se \u00eentinde pe o suprafa\u021b\u0103 de 13,9 mii de kilometri p\u0103tra\u021bi. Regiunea\" \/>\n<meta property=\"og:url\" content=\"https:\/\/carpathianculturalroute.com\/pro-rehion\/\" \/>\n<meta property=\"og:site_name\" content=\"RUTA CULTURAL\u0102 CARPATIC\u0102\" \/>\n<meta property=\"article:publisher\" content=\"https:\/\/www.facebook.com\/Carpathianculturalroute\/\" \/>\n<meta property=\"article:modified_time\" content=\"2023-09-21T13:34:00+00:00\" \/>\n<meta name=\"twitter:card\" content=\"summary_large_image\" \/>\n<meta name=\"twitter:label1\" content=\"Timp estimat pentru citire\" \/>\n\t<meta name=\"twitter:data1\" content=\"3 minute\" \/>\n<script type=\"application\/ld+json\" class=\"yoast-schema-graph\">{\"@context\":\"https:\/\/schema.org\",\"@graph\":[{\"@type\":\"WebPage\",\"@id\":\"https:\/\/carpathianculturalroute.com\/pro-rehion\/\",\"url\":\"https:\/\/carpathianculturalroute.com\/pro-rehion\/\",\"name\":\"Despre regiune - RUTA CULTURAL\u0102 CARPATIC\u0102\",\"isPartOf\":{\"@id\":\"https:\/\/carpathianculturalroute.com\/#website\"},\"datePublished\":\"2023-08-30T09:10:38+00:00\",\"dateModified\":\"2023-09-21T13:34:00+00:00\",\"breadcrumb\":{\"@id\":\"https:\/\/carpathianculturalroute.com\/pro-rehion\/#breadcrumb\"},\"inLanguage\":\"ro-RO\",\"potentialAction\":[{\"@type\":\"ReadAction\",\"target\":[\"https:\/\/carpathianculturalroute.com\/pro-rehion\/\"]}]},{\"@type\":\"BreadcrumbList\",\"@id\":\"https:\/\/carpathianculturalroute.com\/pro-rehion\/#breadcrumb\",\"itemListElement\":[{\"@type\":\"ListItem\",\"position\":1,\"name\":\"Home\",\"item\":\"https:\/\/carpathianculturalroute.com\/ro\/\"},{\"@type\":\"ListItem\",\"position\":2,\"name\":\"Despre regiune\"}]},{\"@type\":\"WebSite\",\"@id\":\"https:\/\/carpathianculturalroute.com\/#website\",\"url\":\"https:\/\/carpathianculturalroute.com\/\",\"name\":\"RUTA CULTURAL\u0102 CARPATIC\u0102\",\"description\":\"\",\"publisher\":{\"@id\":\"https:\/\/carpathianculturalroute.com\/#organization\"},\"potentialAction\":[{\"@type\":\"SearchAction\",\"target\":{\"@type\":\"EntryPoint\",\"urlTemplate\":\"https:\/\/carpathianculturalroute.com\/?s={search_term_string}\"},\"query-input\":\"required name=search_term_string\"}],\"inLanguage\":\"ro-RO\"},{\"@type\":\"Organization\",\"@id\":\"https:\/\/carpathianculturalroute.com\/#organization\",\"name\":\"RUTA CULTURAL\u0102 CARPATIC\u0102\",\"url\":\"https:\/\/carpathianculturalroute.com\/\",\"logo\":{\"@type\":\"ImageObject\",\"inLanguage\":\"ro-RO\",\"@id\":\"https:\/\/carpathianculturalroute.com\/#\/schema\/logo\/image\/\",\"url\":\"https:\/\/carpathianculturalroute.com\/wp-content\/uploads\/2023\/10\/logo.webp\",\"contentUrl\":\"https:\/\/carpathianculturalroute.com\/wp-content\/uploads\/2023\/10\/logo.webp\",\"width\":169,\"height\":115,\"caption\":\"RUTA CULTURAL\u0102 CARPATIC\u0102\"},\"image\":{\"@id\":\"https:\/\/carpathianculturalroute.com\/#\/schema\/logo\/image\/\"},\"sameAs\":[\"https:\/\/www.facebook.com\/Carpathianculturalroute\/\"]}]}<\/script>\n<!-- \/ Yoast SEO plugin. -->","yoast_head_json":{"title":"Despre regiune - RUTA CULTURAL\u0102 CARPATIC\u0102","robots":{"index":"index","follow":"follow","max-snippet":"max-snippet:-1","max-image-preview":"max-image-preview:large","max-video-preview":"max-video-preview:-1"},"canonical":"https:\/\/carpathianculturalroute.com\/pro-rehion\/","og_locale":"ro_RO","og_type":"article","og_title":"Despre regiune - RUTA CULTURAL\u0102 CARPATIC\u0102","og_description":"Regiunea Ivano-Frankivsk Regiunea Ivano-Frankivsk este situat\u0103 \u00een centrul geografic al Europei, \u00een sud-vestul Ucrainei, \u0219i se \u00eenvecineaz\u0103 cu regiunile Zakarpattia, Lviv, Ternopil \u0219i Cern\u0103u\u021bi din Ucraina. \u00cen extremitatea sudic\u0103, are o frontier\u0103 de stat lung\u0103 de 50 km cu jude\u021bul Maramure\u0219 (Rom\u00e2nia). Regiunea se \u00eentinde pe o suprafa\u021b\u0103 de 13,9 mii de kilometri p\u0103tra\u021bi. Regiunea","og_url":"https:\/\/carpathianculturalroute.com\/pro-rehion\/","og_site_name":"RUTA CULTURAL\u0102 CARPATIC\u0102","article_publisher":"https:\/\/www.facebook.com\/Carpathianculturalroute\/","article_modified_time":"2023-09-21T13:34:00+00:00","twitter_card":"summary_large_image","twitter_misc":{"Timp estimat pentru citire":"3 minute"},"schema":{"@context":"https:\/\/schema.org","@graph":[{"@type":"WebPage","@id":"https:\/\/carpathianculturalroute.com\/pro-rehion\/","url":"https:\/\/carpathianculturalroute.com\/pro-rehion\/","name":"Despre regiune - RUTA CULTURAL\u0102 CARPATIC\u0102","isPartOf":{"@id":"https:\/\/carpathianculturalroute.com\/#website"},"datePublished":"2023-08-30T09:10:38+00:00","dateModified":"2023-09-21T13:34:00+00:00","breadcrumb":{"@id":"https:\/\/carpathianculturalroute.com\/pro-rehion\/#breadcrumb"},"inLanguage":"ro-RO","potentialAction":[{"@type":"ReadAction","target":["https:\/\/carpathianculturalroute.com\/pro-rehion\/"]}]},{"@type":"BreadcrumbList","@id":"https:\/\/carpathianculturalroute.com\/pro-rehion\/#breadcrumb","itemListElement":[{"@type":"ListItem","position":1,"name":"Home","item":"https:\/\/carpathianculturalroute.com\/ro\/"},{"@type":"ListItem","position":2,"name":"Despre regiune"}]},{"@type":"WebSite","@id":"https:\/\/carpathianculturalroute.com\/#website","url":"https:\/\/carpathianculturalroute.com\/","name":"RUTA CULTURAL\u0102 CARPATIC\u0102","description":"","publisher":{"@id":"https:\/\/carpathianculturalroute.com\/#organization"},"potentialAction":[{"@type":"SearchAction","target":{"@type":"EntryPoint","urlTemplate":"https:\/\/carpathianculturalroute.com\/?s={search_term_string}"},"query-input":"required name=search_term_string"}],"inLanguage":"ro-RO"},{"@type":"Organization","@id":"https:\/\/carpathianculturalroute.com\/#organization","name":"RUTA CULTURAL\u0102 CARPATIC\u0102","url":"https:\/\/carpathianculturalroute.com\/","logo":{"@type":"ImageObject","inLanguage":"ro-RO","@id":"https:\/\/carpathianculturalroute.com\/#\/schema\/logo\/image\/","url":"https:\/\/carpathianculturalroute.com\/wp-content\/uploads\/2023\/10\/logo.webp","contentUrl":"https:\/\/carpathianculturalroute.com\/wp-content\/uploads\/2023\/10\/logo.webp","width":169,"height":115,"caption":"RUTA CULTURAL\u0102 CARPATIC\u0102"},"image":{"@id":"https:\/\/carpathianculturalroute.com\/#\/schema\/logo\/image\/"},"sameAs":["https:\/\/www.facebook.com\/Carpathianculturalroute\/"]}]}},"_links":{"self":[{"href":"https:\/\/carpathianculturalroute.com\/ro\/wp-json\/wp\/v2\/pages\/163","targetHints":{"allow":["GET"]}}],"collection":[{"href":"https:\/\/carpathianculturalroute.com\/ro\/wp-json\/wp\/v2\/pages"}],"about":[{"href":"https:\/\/carpathianculturalroute.com\/ro\/wp-json\/wp\/v2\/types\/page"}],"author":[{"embeddable":true,"href":"https:\/\/carpathianculturalroute.com\/ro\/wp-json\/wp\/v2\/users\/1"}],"replies":[{"embeddable":true,"href":"https:\/\/carpathianculturalroute.com\/ro\/wp-json\/wp\/v2\/comments?post=163"}],"version-history":[{"count":1,"href":"https:\/\/carpathianculturalroute.com\/ro\/wp-json\/wp\/v2\/pages\/163\/revisions"}],"predecessor-version":[{"id":164,"href":"https:\/\/carpathianculturalroute.com\/ro\/wp-json\/wp\/v2\/pages\/163\/revisions\/164"}],"wp:attachment":[{"href":"https:\/\/carpathianculturalroute.com\/ro\/wp-json\/wp\/v2\/media?parent=163"}],"curies":[{"name":"wp","href":"https:\/\/api.w.org\/{rel}","templated":true}]}}