{"id":3361,"date":"2023-09-21T15:19:47","date_gmt":"2023-09-21T15:19:47","guid":{"rendered":"http:\/\/carpathian-cultural-route.local\/?page_id=3361"},"modified":"2023-09-21T15:19:47","modified_gmt":"2023-09-21T15:19:47","slug":"tourist-product-carpathian-cultural-route","status":"publish","type":"page","link":"https:\/\/carpathianculturalroute.com\/en\/tourist-product-carpathian-cultural-route\/","title":{"rendered":"Tourist product &#8220;Carpathian Cultural Route&#8221;"},"content":{"rendered":"\n<p>Spend an interesting week-long trip?! A fun and exciting weekend for adults and children? The Carpathian Cultural Cross-Border Tourist Route includes unique tourist destinations that will attract your attention. The route is designed in such a way that you can explore the cultural heritage while visiting crafts, folk artists, festivals, workshops and generally interesting leisure time surrounded by the picturesque and majestic Carpathian nature. This is an individual family or group tour, but equally impressive &#8211; everything is at your discretion and desire. The whole tour or certain parts of it can be travelled by car, railway, tourist bus or individually on a bicycle or motorcycle.<\/p>\n\n\n\n<p>The hidden Carpathian pearl of Romania is Maramoroshchyna, and from the Romanian border to the border with Lviv and Ternopil regions, the Solotvyno resort, a real ecological phenomenon and the extremely powerful natural resource potential of Rakhiv district, recreational Polianytsia, Vorokhta and Yaremche, the mysterious Molfar Verkhovyna, world-famous Kosiv ceramics, unique Easter eggs, bright historical Ivano-Frankivsk, princely Halych and legendary Opillya. All this is the Carpathian Cultural Route.<\/p>\n\n\n\n<p>Opillya Museum with Ukrainian, Polish, Jewish and Turkish exhibitions. A complex of historical and cultural monuments of Davniy Halychand the Galicia-Volyn state &#8211; the Davniy Halych National Reserve with the Church of St Panteleimon, which dates back to the end of the twelfth century, as well as a skansen and other museums and architectural monuments. The mineralogical collection of the Geological Museum of the Ivano-Frankivsk National Technical University of Oil and Gas is included in the State Register of Scientific Objects of National Heritage. Potocki Palace Complex, Bastion Fortress Gallery, Ivano-Frankivsk Museum of Local Lore, Museum of Arts of Prykarpattia in Ivano-Frankivsk. The Kolomyia Museum of Folk Art of the Hutsul and Pokuttia Region named after Josaphat Kobrynskyi is listed in the Encyclopaedia Britannica as a &#8220;museum of world masterpieces&#8221; and has a high rating from TripAdvisor, and in 2022 the National Museum joined the Council of Europe&#8217;s European Ceramics Route as a partner. The Kosiv Institute of Applied and Decorative Arts is the only art school in Ukraine with a 140-year history that transmits rich folk traditions. The Verkhovyna Museum of Hutsulshchyna, Petro Shekerik-Donikiv and the Roman Kumlyk Museum of Ethnography, Life and Musical Instruments in Verkhovyna. It is a town of viaducts, a sports and tourist centre and the gateway to Hoverla-Vorokhta. The Miniature Park in Yaremche and the Hutsul Land Ethno Park in the Bukovel ski and SPA resort. The first and only Museum of History and Ethnography of Romanians in Zakarpattia.&nbsp;<\/p>\n\n\n\n<p>The Maramures Museum in Sighetu Marmatiei, which functions as a museum complex with an ethnic dominance, as well as departments of history-archaeology, cultural history and memorials, natural sciences, and an art gallery. The Memorial to the Victims of Communism and Resistance and the Memorial House of Elie Wiesel, Nobel Peace Prize winner, will introduce the crimes against humanity of communism and fascism. The unique Merry Cemetery in S\u0103p\u00e2n\u0163a and the Museum of Ethnography and Folk Art of Baia Mare County. In addition to the Mint, the Maramures County Museum of History and Archaeology also houses an important historical monument that was part of the fortification system of the medieval city of Baia Mare, the Butchers&#8217; Bastion. The Citadel Square and Stefan&#8217;s Tower, which is a heritage site listed as a national treasure, are part of the old fortification system of Baia Mare. The four collections of the Museum of Mineralogy in Baia Mare, namely the minerals, fossils, rocks and ore collections, include more than 20,800 exhibits. Art lovers are invited to visit the Artistic Centre and&nbsp; Painters\u2019 Colony of&nbsp; Baia Mare to see works of Romanian contemporary art and works that reconstruct the path of European art over two centuries&nbsp; from the 18th century to the 20th century. The Rural Culture and Architecture Ensemble of Breb, where local folklore says that the richer the gate is in decorations, the richer the family, and the Moc\u0103ni\u0163a Forest Railway.<\/p>\n\n\n\n<p>We also offer you to visit 11 UNESCO World Heritage sites: Nine cultural heritage sites (Church of the Descent of the Holy Spirit in Rohatyn, Church of the Nativity of the Blessed Virgin Mary in Nyzhnyi Verbizh, Church of the Ascension in Yasinia, Wooden Church of the Holy Pious Paraskeva in Dese\u015fti, Church of the Holy Archangels Michael and Gabriel in Rogoz, Church of the Holy Archangels in \u015eurde\u0219ti, Church of St Nicholas in Bude\u0219ti Josani, B\u00e2rsana Monastery Complex, Church of the Nativity of the Virgin Mary in Ieud Deal) and one each of the Intangible Cultural Heritage of Humanity (Kosiv painted ceramics) and World Natural Heritage (beech virgin forests in the Museum of Mountain Ecology and History of Nature Management in the Ukrainian Carpathians in Rakhiv).<\/p>\n","protected":false},"excerpt":{"rendered":"<p>Spend an interesting week-long trip?! A fun and exciting weekend for adults and children? The Carpathian Cultural Cross-Border Tourist Route includes unique tourist destinations that will attract your attention. The route is designed in such a way that you can explore the cultural heritage while visiting crafts, folk artists, festivals, workshops and generally interesting leisure<\/p>\n","protected":false},"author":1,"featured_media":0,"parent":0,"menu_order":0,"comment_status":"closed","ping_status":"closed","template":"","meta":{"inline_featured_image":false,"footnotes":""},"class_list":["post-3361","page","type-page","status-publish","hentry"],"acf":[],"yoast_head":"<!-- This site is optimized with the Yoast SEO plugin v21.2 - https:\/\/yoast.com\/wordpress\/plugins\/seo\/ -->\n<title>Tourist product &quot;Carpathian Cultural Route&quot; - CARPATHIAN CULTURAL ROUTE<\/title>\n<meta name=\"robots\" content=\"index, follow, max-snippet:-1, max-image-preview:large, max-video-preview:-1\" \/>\n<link rel=\"canonical\" href=\"https:\/\/carpathianculturalroute.com\/turystychnyy-produkt-karpatskyy-kulturnyy-shliakh\/\" \/>\n<meta property=\"og:locale\" content=\"en_US\" \/>\n<meta property=\"og:type\" content=\"article\" \/>\n<meta property=\"og:title\" content=\"Tourist product &quot;Carpathian Cultural Route&quot; - CARPATHIAN CULTURAL ROUTE\" \/>\n<meta property=\"og:description\" content=\"Spend an interesting week-long trip?! A fun and exciting weekend for adults and children? The Carpathian Cultural Cross-Border Tourist Route includes unique tourist destinations that will attract your attention. The route is designed in such a way that you can explore the cultural heritage while visiting crafts, folk artists, festivals, workshops and generally interesting leisure\" \/>\n<meta property=\"og:url\" content=\"https:\/\/carpathianculturalroute.com\/turystychnyy-produkt-karpatskyy-kulturnyy-shliakh\/\" \/>\n<meta property=\"og:site_name\" content=\"CARPATHIAN CULTURAL ROUTE\" \/>\n<meta property=\"article:publisher\" content=\"https:\/\/www.facebook.com\/Carpathianculturalroute\/\" \/>\n<meta name=\"twitter:card\" content=\"summary_large_image\" \/>\n<meta name=\"twitter:label1\" content=\"Est. reading time\" \/>\n\t<meta name=\"twitter:data1\" content=\"4 minutes\" \/>\n<script type=\"application\/ld+json\" class=\"yoast-schema-graph\">{\"@context\":\"https:\/\/schema.org\",\"@graph\":[{\"@type\":\"WebPage\",\"@id\":\"https:\/\/carpathianculturalroute.com\/turystychnyy-produkt-karpatskyy-kulturnyy-shliakh\/\",\"url\":\"https:\/\/carpathianculturalroute.com\/turystychnyy-produkt-karpatskyy-kulturnyy-shliakh\/\",\"name\":\"Tourist product \\\"Carpathian Cultural Route\\\" - CARPATHIAN CULTURAL ROUTE\",\"isPartOf\":{\"@id\":\"https:\/\/carpathianculturalroute.com\/#website\"},\"datePublished\":\"2023-09-21T15:19:47+00:00\",\"dateModified\":\"2023-09-21T15:19:47+00:00\",\"breadcrumb\":{\"@id\":\"https:\/\/carpathianculturalroute.com\/turystychnyy-produkt-karpatskyy-kulturnyy-shliakh\/#breadcrumb\"},\"inLanguage\":\"en-US\",\"potentialAction\":[{\"@type\":\"ReadAction\",\"target\":[\"https:\/\/carpathianculturalroute.com\/turystychnyy-produkt-karpatskyy-kulturnyy-shliakh\/\"]}]},{\"@type\":\"BreadcrumbList\",\"@id\":\"https:\/\/carpathianculturalroute.com\/turystychnyy-produkt-karpatskyy-kulturnyy-shliakh\/#breadcrumb\",\"itemListElement\":[{\"@type\":\"ListItem\",\"position\":1,\"name\":\"Home\",\"item\":\"https:\/\/carpathianculturalroute.com\/en\/\"},{\"@type\":\"ListItem\",\"position\":2,\"name\":\"Tourist product &#8220;Carpathian Cultural Route&#8221;\"}]},{\"@type\":\"WebSite\",\"@id\":\"https:\/\/carpathianculturalroute.com\/#website\",\"url\":\"https:\/\/carpathianculturalroute.com\/\",\"name\":\"CARPATHIAN CULTURAL ROUTE\",\"description\":\"\",\"publisher\":{\"@id\":\"https:\/\/carpathianculturalroute.com\/#organization\"},\"potentialAction\":[{\"@type\":\"SearchAction\",\"target\":{\"@type\":\"EntryPoint\",\"urlTemplate\":\"https:\/\/carpathianculturalroute.com\/?s={search_term_string}\"},\"query-input\":\"required name=search_term_string\"}],\"inLanguage\":\"en-US\"},{\"@type\":\"Organization\",\"@id\":\"https:\/\/carpathianculturalroute.com\/#organization\",\"name\":\"CARPATHIAN CULTURAL ROUTE\",\"url\":\"https:\/\/carpathianculturalroute.com\/\",\"logo\":{\"@type\":\"ImageObject\",\"inLanguage\":\"en-US\",\"@id\":\"https:\/\/carpathianculturalroute.com\/#\/schema\/logo\/image\/\",\"url\":\"https:\/\/carpathianculturalroute.com\/wp-content\/uploads\/2023\/10\/logo.webp\",\"contentUrl\":\"https:\/\/carpathianculturalroute.com\/wp-content\/uploads\/2023\/10\/logo.webp\",\"width\":169,\"height\":115,\"caption\":\"CARPATHIAN CULTURAL ROUTE\"},\"image\":{\"@id\":\"https:\/\/carpathianculturalroute.com\/#\/schema\/logo\/image\/\"},\"sameAs\":[\"https:\/\/www.facebook.com\/Carpathianculturalroute\/\"]}]}<\/script>\n<!-- \/ Yoast SEO plugin. -->","yoast_head_json":{"title":"Tourist product \"Carpathian Cultural Route\" - CARPATHIAN CULTURAL ROUTE","robots":{"index":"index","follow":"follow","max-snippet":"max-snippet:-1","max-image-preview":"max-image-preview:large","max-video-preview":"max-video-preview:-1"},"canonical":"https:\/\/carpathianculturalroute.com\/turystychnyy-produkt-karpatskyy-kulturnyy-shliakh\/","og_locale":"en_US","og_type":"article","og_title":"Tourist product \"Carpathian Cultural Route\" - CARPATHIAN CULTURAL ROUTE","og_description":"Spend an interesting week-long trip?! A fun and exciting weekend for adults and children? The Carpathian Cultural Cross-Border Tourist Route includes unique tourist destinations that will attract your attention. The route is designed in such a way that you can explore the cultural heritage while visiting crafts, folk artists, festivals, workshops and generally interesting leisure","og_url":"https:\/\/carpathianculturalroute.com\/turystychnyy-produkt-karpatskyy-kulturnyy-shliakh\/","og_site_name":"CARPATHIAN CULTURAL ROUTE","article_publisher":"https:\/\/www.facebook.com\/Carpathianculturalroute\/","twitter_card":"summary_large_image","twitter_misc":{"Est. reading time":"4 minutes"},"schema":{"@context":"https:\/\/schema.org","@graph":[{"@type":"WebPage","@id":"https:\/\/carpathianculturalroute.com\/turystychnyy-produkt-karpatskyy-kulturnyy-shliakh\/","url":"https:\/\/carpathianculturalroute.com\/turystychnyy-produkt-karpatskyy-kulturnyy-shliakh\/","name":"Tourist product \"Carpathian Cultural Route\" - CARPATHIAN CULTURAL ROUTE","isPartOf":{"@id":"https:\/\/carpathianculturalroute.com\/#website"},"datePublished":"2023-09-21T15:19:47+00:00","dateModified":"2023-09-21T15:19:47+00:00","breadcrumb":{"@id":"https:\/\/carpathianculturalroute.com\/turystychnyy-produkt-karpatskyy-kulturnyy-shliakh\/#breadcrumb"},"inLanguage":"en-US","potentialAction":[{"@type":"ReadAction","target":["https:\/\/carpathianculturalroute.com\/turystychnyy-produkt-karpatskyy-kulturnyy-shliakh\/"]}]},{"@type":"BreadcrumbList","@id":"https:\/\/carpathianculturalroute.com\/turystychnyy-produkt-karpatskyy-kulturnyy-shliakh\/#breadcrumb","itemListElement":[{"@type":"ListItem","position":1,"name":"Home","item":"https:\/\/carpathianculturalroute.com\/en\/"},{"@type":"ListItem","position":2,"name":"Tourist product &#8220;Carpathian Cultural Route&#8221;"}]},{"@type":"WebSite","@id":"https:\/\/carpathianculturalroute.com\/#website","url":"https:\/\/carpathianculturalroute.com\/","name":"CARPATHIAN CULTURAL ROUTE","description":"","publisher":{"@id":"https:\/\/carpathianculturalroute.com\/#organization"},"potentialAction":[{"@type":"SearchAction","target":{"@type":"EntryPoint","urlTemplate":"https:\/\/carpathianculturalroute.com\/?s={search_term_string}"},"query-input":"required name=search_term_string"}],"inLanguage":"en-US"},{"@type":"Organization","@id":"https:\/\/carpathianculturalroute.com\/#organization","name":"CARPATHIAN CULTURAL ROUTE","url":"https:\/\/carpathianculturalroute.com\/","logo":{"@type":"ImageObject","inLanguage":"en-US","@id":"https:\/\/carpathianculturalroute.com\/#\/schema\/logo\/image\/","url":"https:\/\/carpathianculturalroute.com\/wp-content\/uploads\/2023\/10\/logo.webp","contentUrl":"https:\/\/carpathianculturalroute.com\/wp-content\/uploads\/2023\/10\/logo.webp","width":169,"height":115,"caption":"CARPATHIAN CULTURAL ROUTE"},"image":{"@id":"https:\/\/carpathianculturalroute.com\/#\/schema\/logo\/image\/"},"sameAs":["https:\/\/www.facebook.com\/Carpathianculturalroute\/"]}]}},"_links":{"self":[{"href":"https:\/\/carpathianculturalroute.com\/en\/wp-json\/wp\/v2\/pages\/3361","targetHints":{"allow":["GET"]}}],"collection":[{"href":"https:\/\/carpathianculturalroute.com\/en\/wp-json\/wp\/v2\/pages"}],"about":[{"href":"https:\/\/carpathianculturalroute.com\/en\/wp-json\/wp\/v2\/types\/page"}],"author":[{"embeddable":true,"href":"https:\/\/carpathianculturalroute.com\/en\/wp-json\/wp\/v2\/users\/1"}],"replies":[{"embeddable":true,"href":"https:\/\/carpathianculturalroute.com\/en\/wp-json\/wp\/v2\/comments?post=3361"}],"version-history":[{"count":1,"href":"https:\/\/carpathianculturalroute.com\/en\/wp-json\/wp\/v2\/pages\/3361\/revisions"}],"predecessor-version":[{"id":3362,"href":"https:\/\/carpathianculturalroute.com\/en\/wp-json\/wp\/v2\/pages\/3361\/revisions\/3362"}],"wp:attachment":[{"href":"https:\/\/carpathianculturalroute.com\/en\/wp-json\/wp\/v2\/media?parent=3361"}],"curies":[{"name":"wp","href":"https:\/\/api.w.org\/{rel}","templated":true}]}}