{"id":32,"date":"2023-08-30T09:15:30","date_gmt":"2023-08-30T09:15:30","guid":{"rendered":"http:\/\/carpathian-cultural-route.local\/?page_id=32"},"modified":"2023-09-05T13:58:41","modified_gmt":"2023-09-05T13:58:41","slug":"transport-connection","status":"publish","type":"page","link":"https:\/\/carpathianculturalroute.com\/en\/about-region\/transport-connection\/","title":{"rendered":"Transport connection"},"content":{"rendered":"\n<p>This tourist product has a main programme, which is the most saturated with targeted cultural and historical objects of the show, which actually define the content of the proposed tour and follows the route Rohatyn &#8211; Halych &#8211; Ivano-Frankivsk &#8211; Kolomyia &#8211; Nyzhniy Verbizh &#8211; Kosiv &#8211; Verkhovyna &#8211; Vorokhta &#8211; Yaremche &#8211; Polianytsia &#8211; Yasinia &#8211; Rakhiv &#8211; Nyzhnya Apsha &#8211; Solotvyno &#8211; Sighetu Marma\u0163iei &#8211; S\u0103p\u00e2n\u0163a &#8211; Dese\u015fti &#8211; Baia Mare &#8211; Colt\u0103u &#8211; Rohia &#8211; Rogoz &#8211; \u015eurde\u015fti &#8211; Breb &#8211; Bude\u0219ti Josani &#8211; B\u00e2rsana &#8211; Ieud Deal &#8211; Vi\u0219eul de Sus &#8211; Sighetu Marma\u0163iei.<\/p>\n\n\n\n<p><strong>Table of the transport component of the tour &#8220;Carpathian Cultural Route&#8221;<\/strong><\/p>\n\n\n\n<p>(The time is given taking into account the actual state of the roads for travel by excursion transport).<\/p>\n\n\n\n<figure class=\"wp-block-table\"><table><tbody><tr><td><strong>#<\/strong><\/td><td><strong>ROUTE&nbsp;<\/strong><\/td><td><strong>Distance (km)&nbsp;<\/strong><\/td><td><strong>Duration (h)<\/strong><\/td><\/tr><tr><td>1<\/td><td>Rohatyn &#8211; Halych<\/td><td>36,6<\/td><td>0,45<\/td><\/tr><tr><td>2<\/td><td>Halych &#8211; Ivano-Frankivsk&nbsp;<\/td><td>25<\/td><td>0,30<\/td><\/tr><tr><td>3<\/td><td>Halych &#8211; Krylos<\/td><td>7,3<\/td><td>0,10<\/td><\/tr><tr><td>4<\/td><td>Halych &#8211; Shevchenkove<\/td><td>3,2<\/td><td>0,07<\/td><\/tr><tr><td>5<\/td><td>Ivano-Frankivsk &#8211; Kolomyia<\/td><td>59,1<\/td><td>1,30<\/td><\/tr><tr><td>6<\/td><td>Ivano-Frankivsk &#8211; Yaremche<\/td><td>65<\/td><td>1,30<\/td><\/tr><tr><td>7<\/td><td>Ivano-Frankivsk &#8211; Polianytsia<\/td><td>97,1<\/td><td>2,00<\/td><\/tr><tr><td>8<\/td><td>Ivano-Frankivsk &#8211; Rakhiv<\/td><td>135,7<\/td><td>2,41<\/td><\/tr><tr><td>9<\/td><td>Ivano-Frankivsk &#8211; Solotvyno<\/td><td>181,3<\/td><td>3,29<\/td><\/tr><tr><td>10<\/td><td>Ivano-Frankivsk &#8211; Vorokhta<\/td><td>90,0<\/td><td>1,48<\/td><\/tr><tr><td>11<\/td><td>Ivano-Frankivsk &#8211; Verkhovyna<\/td><td>120,5<\/td><td>2,41<\/td><\/tr><tr><td>12<\/td><td>Kolomyia &#8211; Nyzhniy Verbizh<\/td><td>6,2<\/td><td>0,15<\/td><\/tr><tr><td>13<\/td><td>Kolomyia &#8211; Kosiv<\/td><td>34,1<\/td><td>1,00<\/td><\/tr><tr><td>14<\/td><td>Kosiv &#8211; Yavoriv<\/td><td>14,00<\/td><td>0,30<\/td><\/tr><tr><td>15<\/td><td>Yavoriv &#8211; Kryvorivnia<\/td><td>14,00<\/td><td>0,20<\/td><\/tr><tr><td>16<\/td><td>Kryvorivnia &#8211; Verkhovyna<\/td><td>8,1<\/td><td>0,15<\/td><\/tr><tr><td>17<\/td><td>Verkhovyna &#8211; Vorokhta<\/td><td>30,2<\/td><td>1,00<\/td><\/tr><tr><td>18<\/td><td>Verkhovyna &#8211; Polianytsia<\/td><td>51,8<\/td><td>1,10<\/td><\/tr><tr><td>19<\/td><td>Verkhovyna &#8211; Yasinia<\/td><td>63,4<\/td><td>1,17<\/td><\/tr><tr><td>20<\/td><td>Polianytsia &#8211; Yasinya<\/td><td>23,3<\/td><td>0,40<\/td><\/tr><tr><td>21<\/td><td>Yasinia &#8211; Rakhiv<\/td><td>32,1<\/td><td>0,40<\/td><\/tr><tr><td>22<\/td><td>Rakhiv &#8211; Serednie Vodiane<\/td><td>31,1<\/td><td>1,00<\/td><\/tr><tr><td>23<\/td><td>Rakhiv &#8211; Dilove<\/td><td>18,6<\/td><td>0,30<\/td><\/tr><tr><td>24<\/td><td>Rakhiv-Solotvyno<\/td><td>48,0<\/td><td>1,00<\/td><\/tr><tr><td>25<\/td><td>Serednie Vodiane &#8211; Solotvyno<\/td><td>12,3<\/td><td>0,30<\/td><\/tr><tr><td>26<\/td><td>Solotvyno &#8211; Sighetu Marmatiei<\/td><td>6,0<\/td><td>0,19&nbsp;<\/td><\/tr><tr><td>27<\/td><td>Sighetu Marmatiei &#8211; Sapanta<\/td><td>19,1<\/td><td>0,23<\/td><\/tr><tr><td>29<\/td><td>Sighetu Marmatiei &#8211; Dese\u015fti<\/td><td>23,4<\/td><td>0,30<\/td><\/tr><tr><td>30<\/td><td>Dese\u015fti &#8211; Baia Mare<\/td><td>41,2<\/td><td>0,53<\/td><\/tr><tr><td>31<\/td><td>Baia Mare &#8211; Colt\u0103u&nbsp;<\/td><td>11,2<\/td><td>0,16<\/td><\/tr><tr><td>32<\/td><td>Colt\u0103u &#8211; Rohia&nbsp;<\/td><td>46,5<\/td><td>0,54<\/td><\/tr><tr><td>33<\/td><td>Rohia &#8211; Rogoz<\/td><td>12,6<\/td><td>0,17<\/td><\/tr><tr><td>34<\/td><td>Rogoz &#8211; \u015eurde\u015fti<\/td><td>41,0<\/td><td>0,46<\/td><\/tr><tr><td>35<\/td><td>\u015eurde\u015fti &#8211; Breb<\/td><td>29,6<\/td><td>0,39<\/td><\/tr><tr><td>36<\/td><td>Breb &#8211; Bude\u0219ti Josani<\/td><td>12,6<\/td><td>0,24<\/td><\/tr><tr><td>37<\/td><td>Bude\u0219ti Josani &#8211; B\u00e2rsana<\/td><td>29,1<\/td><td>0,39<\/td><\/tr><tr><td>38<\/td><td>B\u00e2rsana &#8211; Ieud Deal&nbsp;<\/td><td>20,2<\/td><td>0,23<\/td><\/tr><tr><td>39<\/td><td>Ieud Deal &#8211; Viseul de Sus<\/td><td>23,1<\/td><td>0,30<\/td><\/tr><tr><td>40<\/td><td>Viseul de Sus &#8211; Sighetu Marmatiei<\/td><td>59,7<\/td><td>1,09<\/td><\/tr><\/tbody><\/table><\/figure>\n\n\n\n<p>Transit settlements &#8211; in Ukraine: Burshtyn, Tysmenytsia, Otynia, Yabluniv; in Romania: Baia-Sprie, Cavnic, T\u00e2rgu L\u0103pu\u015f.<\/p>\n\n\n\n<p>The transport network includes an airport, railway and bus stations, as well as car rental. Accordingly, there are car service stations and petrol stations.&nbsp;<\/p>\n\n\n\n<p><strong>Getting to Ivano-Frankivsk:<\/strong><\/p>\n\n\n\n<p><strong>Bus stations:&nbsp;&nbsp;<\/strong><\/p>\n\n\n\n<p>Sportyvna St. Solotvyno village, Tyachiv district, Zakarpattia region tel. +380504346620, +380312220457 https:\/\/zakavto.com.ua;&nbsp;<\/p>\n\n\n\n<p>41 Oleksa Borkaniuk St. Velyky Bychkiv Velyky Bychkiv rural community Rakhiv district, Zakarpattia region tel. +380504346620, +380312220459 https:\/\/zakavto.com.ua;<\/p>\n\n\n\n<p>11 Pryvokzalna St. Rakhiv Rakhiv district Zakarpattia region tel. +380504346620, +380312220458 https:\/\/zakavto.com.ua;&nbsp;<\/p>\n\n\n\n<p>6 Myru St. Yasinya Yasinya settlement community Rakhiv district, Zakarpattia region tel. +38050 434 6620, +3803122 20460, https:\/\/zakavto.com.ua;&nbsp;<\/p>\n\n\n\n<p>234 Svobody St. Yaremche Nadvirna district, Ivano-Frankivsk region tel. +30343422317 https:\/\/avtobys.in.ua;&nbsp;<\/p>\n\n\n\n<p>3 Vokzalna St. Nadvirna Nadvirna district, Ivano-Frankivsk region tel. +380347522470, +380347523561 https:\/\/avtobys.in.ua;&nbsp;<\/p>\n\n\n\n<p>Bus station No. 1, 30 Zaliznychna St. Ivano-Frankivsk tel. +380342750830, bus station No. 2, 14 Ivan Gorbachevskoho St. Ivano-Frankivsk tel. +380342583666 https:\/\/avtobys.in.ua;&nbsp;<\/p>\n\n\n\n<p>63 Mykhail\u0430 Hrushevskoho Avenue, Ivano-Frankivsk. Kolomyia Kolomyia district, Ivano-Frankivsk region tel. +380343349261 https:\/\/avtobys.in.ua;&nbsp;<\/p>\n\n\n\n<p>13 Hvardiyska St. Kosiv Kosiv district, Ivano-Frankivsk region tel. +380347821267 https:\/\/avtobys.in.ua;<\/p>\n\n\n\n<p>13 Hutsulskoho Vosstaniya St. Verkhovyna, Verkhovyna district, Ivano-Frankivsk region tel. +380343221290 https:\/\/avtobys.in.ua;&nbsp;<\/p>\n\n\n\n<p>3 Dmytra Vitovskoho St. Halych Ivano-Frankivsk district Ivano-Frankivsk region tel. +3803431 2214 https:\/\/avtobys.in.ua 7;&nbsp;<\/p>\n\n\n\n<p>8 Halytska St. Rohatyn, Ivano-Frankivsk district, Ivano-Frankivsk region tel. +380343521499 https:\/\/avtobys.in.ua.<\/p>\n\n\n\n<p><strong>Railway<\/strong>, website https:\/\/uz.gov.ua:&nbsp;<\/p>\n\n\n\n<p>1 Zaliznychna St. Solotvyno, Tyachiv district, Zakarpattia region;<\/p>\n\n\n\n<p>4 Pryvokzalna St. Rakhiv Rakhiv district, Zakarpattia region;&nbsp;<\/p>\n\n\n\n<p>Taras Shevchenko St. b\/n Yasinya village Yasinya settlement community Rakhiv district, Zakarpattia region;&nbsp;<\/p>\n\n\n\n<p>268 Svobody St. Yaremche Nadvirna district, Ivano-Frankivsk region tel. +30343422356;&nbsp;<\/p>\n\n\n\n<p>1 Dmytra Vitovskoho St. Halych Ivano-Frankivsk district, Ivano-Frankivsk region tel. +380343121457;&nbsp;<\/p>\n\n\n\n<p>Pryvokzalna Square, Kolomyia, Kolomyia district, Ivano-Frankivsk region tel. +380343372223;&nbsp;<\/p>\n\n\n\n<p>1 Pryvokzalna St. Ivano-Frankivsk tel. +380342592223, +380342593034.<\/p>\n\n\n\n<p><strong>International Airport<\/strong> 264a Yevhenia Konovaltsia St., Ivano-Frankivsk tel. +380342728348 maifgov@ukr.net, https:\/\/ifo.aero, <a href=\"https:\/\/airport.if.ua\">https:\/\/airport.if.ua<\/a>.&nbsp;<\/p>\n\n\n\n<p><strong>Car rental<\/strong> company &#8220;Cars IF&#8221; Ivano-Frankivsk +380505407877 https:\/\/cars.if.ua; SIXT Ivano-Frankivsk +380443830006 https:\/\/sixt.ua; &#8220;K-RENT&#8221; Ivano-Frankivsk +380972827277 <a href=\"https:\/\/k-rent.com.ua\">https:\/\/k-rent.com.ua<\/a>.<\/p>\n\n\n\n<p><strong>Getting to Maramures:&nbsp;<\/strong><\/p>\n\n\n\n<p><em>By plane<\/em> &#8211; Baia Mare Airport (www.baiamareairport.ro) is located 8 km from the city centre. There are domestic flights from Bucharest provided by Tarom Airlines (www.tarom.ro). Other airports in Maramures County are Satu Mare (75 km from Baia Mare) and Cluj Napoca (150 km from Baia Mare).&nbsp;<\/p>\n\n\n\n<p><em>By train<\/em> &#8211; all train services are provided by Romanian Railways, train schedules can be found on their website <a href=\"http:\/\/www.cfrcalatori.ro\">www.cfrcalatori.ro<\/a>. Main railway stations: Baia Mare, Sighetu Marmatiei, S\u0103ini, Vichaux de Jus, Ulmeni.<\/p>\n\n\n\n<p><em>By road<\/em> &#8211; you can reach Maramures by car or bus.<\/p>\n\n\n\n<p><strong>TELEPHONE NUMBERS OF INFORMATION SERVICES:<\/strong><\/p>\n\n\n\n<p>Baia Mare Airport &#8211; www.baiamareairport.ro&nbsp;&nbsp;&nbsp;&nbsp;&nbsp;&nbsp;&nbsp;&nbsp;&nbsp;<\/p>\n\n\n\n<p>Tarom Airlines in Romania &#8211; www.tarom.ro<\/p>\n\n\n\n<p>Tarom agency in Baia Mare: (+40 262) 221624<\/p>\n\n\n\n<p>Bus station in Baia Mare: (+40 262) 221777<\/p>\n\n\n\n<p>Railway station in Baia Mare: (+40 262) 220952 www.cfrcalatori.ro &#8211; Romanian Railways website<\/p>\n\n\n\n<p><strong>Private bus companies:<\/strong><\/p>\n\n\n\n<p>Azur TC &#8211; tel: (+40 262) 221777; http:\/\/www.azurexpres.ro\/; e-mail: office@azurexpres.ro&nbsp;&nbsp;<\/p>\n\n\n\n<p>Dracard &#8211; tel: (+40 262) 342643; http:\/\/www.dracard.ro\/<\/p>\n\n\n\n<p>Fany &#8211; tel: (+40 364) 887190; http:\/\/www.fany.ro; e-mail: office@fany.ro&nbsp;&nbsp;<\/p>\n\n\n\n<p>GeoTur &#8211; tel: (+40 742) 945755; http:\/\/www.geo-tur.ro\/; e-mail: contact@geo-tur.ro&nbsp;&nbsp;<\/p>\n\n\n\n<p>RVG Speed &#8211; tel: (+40 231) 531589; http:\/\/www.rvg.ro\/transport\/; e-mail: office@rvg.ro&nbsp;&nbsp;<\/p>\n\n\n\n<p>Sincarom Trans &#8211; tel: (+40-742) 341018; e-mail: dornamis@yahoo.com&nbsp;<\/p>\n\n\n\n<p>Along the route, there is an expanded network of road service facilities, including specially equipped stopping places for route vehicles, parking areas, rest areas, viewpoints, petrol stations, maintenance stations, motels, food and drinking water stations, caravans, toilets, trash bins and garbage containers.<\/p>\n","protected":false},"excerpt":{"rendered":"<p>This tourist product has a main programme, which is the most saturated with targeted cultural and historical objects of the show, which actually define the content of the proposed tour and follows the route Rohatyn &#8211; Halych &#8211; Ivano-Frankivsk &#8211; Kolomyia &#8211; Nyzhniy Verbizh &#8211; Kosiv &#8211; Verkhovyna &#8211; Vorokhta &#8211; Yaremche &#8211; Polianytsia &#8211;<\/p>\n","protected":false},"author":1,"featured_media":0,"parent":14,"menu_order":0,"comment_status":"closed","ping_status":"closed","template":"","meta":{"inline_featured_image":false,"footnotes":""},"class_list":["post-32","page","type-page","status-publish","hentry"],"acf":[],"yoast_head":"<!-- This site is optimized with the Yoast SEO plugin v21.2 - https:\/\/yoast.com\/wordpress\/plugins\/seo\/ -->\n<title>Transport connection - CARPATHIAN CULTURAL ROUTE<\/title>\n<meta name=\"robots\" content=\"index, follow, max-snippet:-1, max-image-preview:large, max-video-preview:-1\" \/>\n<link rel=\"canonical\" href=\"https:\/\/carpathianculturalroute.com\/en\/about-region\/transport-connection\/\" \/>\n<meta property=\"og:locale\" content=\"en_US\" \/>\n<meta property=\"og:type\" content=\"article\" \/>\n<meta property=\"og:title\" content=\"Transport connection - CARPATHIAN CULTURAL ROUTE\" \/>\n<meta property=\"og:description\" content=\"This tourist product has a main programme, which is the most saturated with targeted cultural and historical objects of the show, which actually define the content of the proposed tour and follows the route Rohatyn &#8211; Halych &#8211; Ivano-Frankivsk &#8211; Kolomyia &#8211; Nyzhniy Verbizh &#8211; Kosiv &#8211; Verkhovyna &#8211; Vorokhta &#8211; Yaremche &#8211; Polianytsia &#8211;\" \/>\n<meta property=\"og:url\" content=\"https:\/\/carpathianculturalroute.com\/en\/about-region\/transport-connection\/\" \/>\n<meta property=\"og:site_name\" content=\"CARPATHIAN CULTURAL ROUTE\" \/>\n<meta property=\"article:publisher\" content=\"https:\/\/www.facebook.com\/Carpathianculturalroute\/\" \/>\n<meta property=\"article:modified_time\" content=\"2023-09-05T13:58:41+00:00\" \/>\n<meta name=\"twitter:card\" content=\"summary_large_image\" \/>\n<meta name=\"twitter:label1\" content=\"Est. reading time\" \/>\n\t<meta name=\"twitter:data1\" content=\"4 minutes\" \/>\n<script type=\"application\/ld+json\" class=\"yoast-schema-graph\">{\"@context\":\"https:\/\/schema.org\",\"@graph\":[{\"@type\":\"WebPage\",\"@id\":\"https:\/\/carpathianculturalroute.com\/en\/about-region\/transport-connection\/\",\"url\":\"https:\/\/carpathianculturalroute.com\/en\/about-region\/transport-connection\/\",\"name\":\"Transport connection - CARPATHIAN CULTURAL ROUTE\",\"isPartOf\":{\"@id\":\"https:\/\/carpathianculturalroute.com\/#website\"},\"datePublished\":\"2023-08-30T09:15:30+00:00\",\"dateModified\":\"2023-09-05T13:58:41+00:00\",\"breadcrumb\":{\"@id\":\"https:\/\/carpathianculturalroute.com\/en\/about-region\/transport-connection\/#breadcrumb\"},\"inLanguage\":\"en-US\",\"potentialAction\":[{\"@type\":\"ReadAction\",\"target\":[\"https:\/\/carpathianculturalroute.com\/en\/about-region\/transport-connection\/\"]}]},{\"@type\":\"BreadcrumbList\",\"@id\":\"https:\/\/carpathianculturalroute.com\/en\/about-region\/transport-connection\/#breadcrumb\",\"itemListElement\":[{\"@type\":\"ListItem\",\"position\":1,\"name\":\"Home\",\"item\":\"https:\/\/carpathianculturalroute.com\/en\/\"},{\"@type\":\"ListItem\",\"position\":2,\"name\":\"About the region\",\"item\":\"https:\/\/carpathianculturalroute.com\/pro-rehion\/\"},{\"@type\":\"ListItem\",\"position\":3,\"name\":\"Transport connection\"}]},{\"@type\":\"WebSite\",\"@id\":\"https:\/\/carpathianculturalroute.com\/#website\",\"url\":\"https:\/\/carpathianculturalroute.com\/\",\"name\":\"CARPATHIAN CULTURAL ROUTE\",\"description\":\"\",\"publisher\":{\"@id\":\"https:\/\/carpathianculturalroute.com\/#organization\"},\"potentialAction\":[{\"@type\":\"SearchAction\",\"target\":{\"@type\":\"EntryPoint\",\"urlTemplate\":\"https:\/\/carpathianculturalroute.com\/?s={search_term_string}\"},\"query-input\":\"required name=search_term_string\"}],\"inLanguage\":\"en-US\"},{\"@type\":\"Organization\",\"@id\":\"https:\/\/carpathianculturalroute.com\/#organization\",\"name\":\"CARPATHIAN CULTURAL ROUTE\",\"url\":\"https:\/\/carpathianculturalroute.com\/\",\"logo\":{\"@type\":\"ImageObject\",\"inLanguage\":\"en-US\",\"@id\":\"https:\/\/carpathianculturalroute.com\/#\/schema\/logo\/image\/\",\"url\":\"https:\/\/carpathianculturalroute.com\/wp-content\/uploads\/2023\/10\/logo.webp\",\"contentUrl\":\"https:\/\/carpathianculturalroute.com\/wp-content\/uploads\/2023\/10\/logo.webp\",\"width\":169,\"height\":115,\"caption\":\"CARPATHIAN CULTURAL ROUTE\"},\"image\":{\"@id\":\"https:\/\/carpathianculturalroute.com\/#\/schema\/logo\/image\/\"},\"sameAs\":[\"https:\/\/www.facebook.com\/Carpathianculturalroute\/\"]}]}<\/script>\n<!-- \/ Yoast SEO plugin. -->","yoast_head_json":{"title":"Transport connection - CARPATHIAN CULTURAL ROUTE","robots":{"index":"index","follow":"follow","max-snippet":"max-snippet:-1","max-image-preview":"max-image-preview:large","max-video-preview":"max-video-preview:-1"},"canonical":"https:\/\/carpathianculturalroute.com\/en\/about-region\/transport-connection\/","og_locale":"en_US","og_type":"article","og_title":"Transport connection - CARPATHIAN CULTURAL ROUTE","og_description":"This tourist product has a main programme, which is the most saturated with targeted cultural and historical objects of the show, which actually define the content of the proposed tour and follows the route Rohatyn &#8211; Halych &#8211; Ivano-Frankivsk &#8211; Kolomyia &#8211; Nyzhniy Verbizh &#8211; Kosiv &#8211; Verkhovyna &#8211; Vorokhta &#8211; Yaremche &#8211; Polianytsia &#8211;","og_url":"https:\/\/carpathianculturalroute.com\/en\/about-region\/transport-connection\/","og_site_name":"CARPATHIAN CULTURAL ROUTE","article_publisher":"https:\/\/www.facebook.com\/Carpathianculturalroute\/","article_modified_time":"2023-09-05T13:58:41+00:00","twitter_card":"summary_large_image","twitter_misc":{"Est. reading time":"4 minutes"},"schema":{"@context":"https:\/\/schema.org","@graph":[{"@type":"WebPage","@id":"https:\/\/carpathianculturalroute.com\/en\/about-region\/transport-connection\/","url":"https:\/\/carpathianculturalroute.com\/en\/about-region\/transport-connection\/","name":"Transport connection - CARPATHIAN CULTURAL ROUTE","isPartOf":{"@id":"https:\/\/carpathianculturalroute.com\/#website"},"datePublished":"2023-08-30T09:15:30+00:00","dateModified":"2023-09-05T13:58:41+00:00","breadcrumb":{"@id":"https:\/\/carpathianculturalroute.com\/en\/about-region\/transport-connection\/#breadcrumb"},"inLanguage":"en-US","potentialAction":[{"@type":"ReadAction","target":["https:\/\/carpathianculturalroute.com\/en\/about-region\/transport-connection\/"]}]},{"@type":"BreadcrumbList","@id":"https:\/\/carpathianculturalroute.com\/en\/about-region\/transport-connection\/#breadcrumb","itemListElement":[{"@type":"ListItem","position":1,"name":"Home","item":"https:\/\/carpathianculturalroute.com\/en\/"},{"@type":"ListItem","position":2,"name":"About the region","item":"https:\/\/carpathianculturalroute.com\/pro-rehion\/"},{"@type":"ListItem","position":3,"name":"Transport connection"}]},{"@type":"WebSite","@id":"https:\/\/carpathianculturalroute.com\/#website","url":"https:\/\/carpathianculturalroute.com\/","name":"CARPATHIAN CULTURAL ROUTE","description":"","publisher":{"@id":"https:\/\/carpathianculturalroute.com\/#organization"},"potentialAction":[{"@type":"SearchAction","target":{"@type":"EntryPoint","urlTemplate":"https:\/\/carpathianculturalroute.com\/?s={search_term_string}"},"query-input":"required name=search_term_string"}],"inLanguage":"en-US"},{"@type":"Organization","@id":"https:\/\/carpathianculturalroute.com\/#organization","name":"CARPATHIAN CULTURAL ROUTE","url":"https:\/\/carpathianculturalroute.com\/","logo":{"@type":"ImageObject","inLanguage":"en-US","@id":"https:\/\/carpathianculturalroute.com\/#\/schema\/logo\/image\/","url":"https:\/\/carpathianculturalroute.com\/wp-content\/uploads\/2023\/10\/logo.webp","contentUrl":"https:\/\/carpathianculturalroute.com\/wp-content\/uploads\/2023\/10\/logo.webp","width":169,"height":115,"caption":"CARPATHIAN CULTURAL ROUTE"},"image":{"@id":"https:\/\/carpathianculturalroute.com\/#\/schema\/logo\/image\/"},"sameAs":["https:\/\/www.facebook.com\/Carpathianculturalroute\/"]}]}},"_links":{"self":[{"href":"https:\/\/carpathianculturalroute.com\/en\/wp-json\/wp\/v2\/pages\/32","targetHints":{"allow":["GET"]}}],"collection":[{"href":"https:\/\/carpathianculturalroute.com\/en\/wp-json\/wp\/v2\/pages"}],"about":[{"href":"https:\/\/carpathianculturalroute.com\/en\/wp-json\/wp\/v2\/types\/page"}],"author":[{"embeddable":true,"href":"https:\/\/carpathianculturalroute.com\/en\/wp-json\/wp\/v2\/users\/1"}],"replies":[{"embeddable":true,"href":"https:\/\/carpathianculturalroute.com\/en\/wp-json\/wp\/v2\/comments?post=32"}],"version-history":[{"count":2,"href":"https:\/\/carpathianculturalroute.com\/en\/wp-json\/wp\/v2\/pages\/32\/revisions"}],"predecessor-version":[{"id":184,"href":"https:\/\/carpathianculturalroute.com\/en\/wp-json\/wp\/v2\/pages\/32\/revisions\/184"}],"up":[{"embeddable":true,"href":"https:\/\/carpathianculturalroute.com\/en\/wp-json\/wp\/v2\/pages\/14"}],"wp:attachment":[{"href":"https:\/\/carpathianculturalroute.com\/en\/wp-json\/wp\/v2\/media?parent=32"}],"curies":[{"name":"wp","href":"https:\/\/api.w.org\/{rel}","templated":true}]}}