{"id":199,"date":"2023-09-05T14:03:01","date_gmt":"2023-09-05T14:03:01","guid":{"rendered":"http:\/\/carpathian-cultural-route.local\/?page_id=199"},"modified":"2023-09-21T13:47:26","modified_gmt":"2023-09-21T13:47:26","slug":"accommodation-facilities","status":"publish","type":"page","link":"https:\/\/carpathianculturalroute.com\/en\/accommodation-facilities\/","title":{"rendered":"Accommodation facilities"},"content":{"rendered":"\n<p>Hotel Nadiya 40 Nezalezhnosti St. Ivano-Frankivsk +38(050)4337522 res@nadiyahotel.com www.nadiyahotel.com<\/p>\n\n\n\n<p>Reikartz Park Hotel 146 Ivana Mazepy St. Ivano-Frankivsk +38(0342) 595 595, +38(067) 343 1582 reception@parkhotel.com. www.ua parkhotel.com.ua<\/p>\n\n\n\n<p>Grand Hotel Roxolana 7-9 Grunwaldska St. Ivano-Frankivsk +38(050) 5035511, +38(097) 5035511 info@hotel-roxolana.com www.hotel-roxolana.com<\/p>\n\n\n\n<p>Stanislaviv Hotel 7 Vyacheslava Chornovola St. Ivano-Frankivsk +38(067) 3550277 lukshotel@gmail.com www.stanislaviv.org.ua<\/p>\n\n\n\n<p>Franz Hotel 11a Halytska St. Ivano-Frankivsk +38(066) 8171173 info@hotel-franz.com.ua www.hotel-franz.com.ua<\/p>\n\n\n\n<p>Hotel-restaurant &#8220;Vezha Halych&#8221; 6 Obiizna St. Halych +38 (067) 343 04 84<\/p>\n\n\n\n<p>Hotel &#8220;Europe&#8221; 42 Myru St. Rakhiv +38(03132) 25653 hotel- www.europa.com.ua<\/p>\n\n\n\n<p>Hotel &#8220;Olenka&#8221; 48 Myru St. Rakhiv +38(098) 292 2852, +38(073) 141 69 78 chonka_t2007@ukr.net www.hotel-olenka.com<\/p>\n\n\n\n<p>Hotel &#8220;Krasna Sadyba&#8221; 6 Volodymyra Ivasiuka St. Yaremche +38(095) 301 5040 www.krasnasadyba.if.ua<\/p>\n\n\n\n<p>Romantic Spa Hotel 363\/32 Svobody St. Yaremche +38(098) 733 3555 www.romantikspahotels.ua<\/p>\n\n\n\n<p>Hotel &#8220;Vedmezha Hora&#8221; 29 Mykhaila Hrushevskoho St. Yaremche +38(098) 371 5152 www.vedmezhagora.com<\/p>\n\n\n\n<p>Tourist and hotel complex &#8220;Kosiv&#8221; 65a Nezalezhnosti St. Kosiv +38(03478) 24673, +38(067)770 3113 www.turkosiv.com.ua<\/p>\n\n\n\n<p>Hotel &#8220;Kermanych&#8221; 188 Danyla Halytskoho St. Vorokhta +38(067) 344 2313<\/p>\n\n\n\n<p>Avangard Training and Sports Centre 3, Danyla Halytskoho St. Vorokhta +38(096) 128 2745<\/p>\n\n\n\n<p>Hotel Tavel Vyshnia section Polianytsia village +38(067) 676 1104 www.tavel-bykovel.com.ua<\/p>\n\n\n\n<p>Hotel &#8220;Hvoya&#8221; Vyshnia plot village Polyanytsia +38(097) 700 8385 www.hvoya- bykovel.com.ua<\/p>\n\n\n\n<p>Hotel &#8220;Radisson Blu Resort&#8221; 220 Shchyvky St. Polianytsia +38(03434) 37900 www.radissonhotels.com<\/p>\n\n\n\n<p>VIP Residence Hotel Vyshnia plot, Polianytsia village +38(044) 394 9493 www.bukovel24.com\/hotels\/vip-residence<\/p>\n\n\n\n<p>Hotel Malyvo 46, 16 Lypnia St. Delyatyn village +38(095) 4535313, +38(098) 4882288, +38(03475) 44206 hotel.maluvo@gmail.com www.malyvo.com.ua<\/p>\n\n\n\n<p>Pysanka Hotel 41 Vyacheslava Chornovola Ave. Kolomyia +38 (03433) 20 356,&nbsp;<\/p>\n\n\n\n<p>+38 (097) 31769 25, +38 (066) 471 6853 reception@pysanka-hotel.com www.pysanka-hotel.com\/<\/p>\n\n\n\n<p>Pension Casa Iurca de Calinesti, Str. Tudor Vladimirescu, Nr. 3, office@casaiurca.ro, +40262318882, +40262318890, Sighetu Marma\u0163iei, Maramure\u0219 County<\/p>\n\n\n\n<p>Agrotourism Pension DOINA, STR. SUGAU, NR. 75, +40262330602, +40730117052, pensiuneadoina.sugau@yahoo.ro, Sighetu Marmatiei, Maramure\u015f County<\/p>\n\n\n\n<p>GRADINA MORII HOTEL, Mihail Eminescu Street, nr. 97, +40372721210, +40731977000, marioara.gaborean@hotelgradinamorii.ro, Sighetu Marmatiei, Maramure\u0219 County,&nbsp;<\/p>\n\n\n\n<p>Farm Stay PAST\u0102V\u0102RIA ALEX, Nr. 89, pastravaria.alex@yahoo.com, +40262372686, +40749990042, Dese\u015fti, Mara village, Mara county, Maramure\u0219 county<\/p>\n\n\n\n<p>Hotel\/Restaurant Hotel Mara, Bd. Unirii , Nr.11, +40262436660, receptie@hotelmara.ro, <a href=\"mailto:office@hotelmara.ro\">office@hotelmara.ro<\/a>, www.hotelmara.ro Baia Mare, Maramure\u015f county<\/p>\n\n\n\n<p>Magus Hotel\/Restaurant, Str.Dura Nr.4, +40362807205, welcome@magushotel.ro, Baia Mare, Maramure\u015f County<\/p>\n\n\n\n<p>HOTEL CASTEL TRANSILVANIA, Str. Mihail Eminescu, nr. 136 I, Baia Mare, Maramure\u015f County, www.casteltransilvania.ro, +40362807814, +40744363665<\/p>\n\n\n\n<p>Pension Abigel, Nr. 13 B, +40723348909, Colt\u0103u, Maramure\u015f County&nbsp;<\/p>\n\n\n\n<p>Pension Erika, str. Teleki Sandor. Nr.43, +40745672597, <a href=\"mailto:Brig_Dor@Yahoo.Com\">Brig_Dor@Yahoo.Com<\/a>, Colt\u0103u, Maramure\u0219 County&nbsp;<\/p>\n\n\n\n<p>Pension AURICA, STR. TIBLESULUI, NR. 54, +40745233796, T\u00e2rgu L\u0103pu\u015f, Maramure\u0219 County<\/p>\n\n\n\n<p>Pension CASA T\u0102MA\u0218, Str. \u0218oimului, Nr. 5, +40763621930, T\u00e2rgu L\u0103pu\u0219, Maramure\u0219 county<\/p>\n\n\n\n<p>Pension HANUL TEILOR, nr.167B, Si\u015fe\u015fti, village DANE\u0218TI, www.hanulteilor.ro,rezervari@hanulteilor.ro, +40724288646, +40362803237, Maramure\u0219 county<\/p>\n\n\n\n<p>HOTEL SECRET GARDEN \u2013 \u015ei\u015fe\u015fti, a village DANE\u015eTI, www.secret-garden.ro, +40262298035, +40762007793, Maramure\u015f County<\/p>\n\n\n\n<p>Farm Stay INIMA MARAMURE\u0218ULUI, nr. 344, +40726168271, Ocna \u015eugatag, Breb village, Maramure\u015f County<\/p>\n\n\n\n<p>Agrotourism Pension, HANUL LUI COB\u00c2L\u0102, Nr. 266I, Bude\u015fti, +40749859611, Maramure\u0219 County<\/p>\n\n\n\n<p>Pension Agroturism DORINA, str. Principala, NR. 512, B\u00e2rsana, +40262331245, Maramure\u015f County<\/p>\n\n\n\n<p>Pension Agroturism VALEA MUNTELUI, str. Principala, NR. 401A, +40755759800, ioanstiopei73@yahoo.com, B\u00e2rsana, Maramure\u015f County,<\/p>\n\n\n\n<p>Farm Stay CASA TRADITIONLOR, Nr. 794 A, +40763768648, Ieud, Maramure\u015f County, cazare@casatraditiilor.ro, www.casatraditiilor.ro<\/p>\n\n\n\n<p>Pension LA CASSA, str. Gheorghe Doja, nr. 6, +40748476984, Vi\u015feu de Sus, Maramure\u015f County<\/p>\n\n\n\n<p>HOTEL MIRAGE, 6 Randunelelor Street, +40362807750, Vi\u015feu de Sus, Maramure\u0219 County, office@mirage-resort.ro, www. mirage-resort.ro<\/p>\n","protected":false},"excerpt":{"rendered":"<p>Hotel Nadiya 40 Nezalezhnosti St. Ivano-Frankivsk +38(050)4337522 res@nadiyahotel.com www.nadiyahotel.com Reikartz Park Hotel 146 Ivana Mazepy St. Ivano-Frankivsk +38(0342) 595 595, +38(067) 343 1582 reception@parkhotel.com. www.ua parkhotel.com.ua Grand Hotel Roxolana 7-9 Grunwaldska St. Ivano-Frankivsk +38(050) 5035511, +38(097) 5035511 info@hotel-roxolana.com www.hotel-roxolana.com Stanislaviv Hotel 7 Vyacheslava Chornovola St. Ivano-Frankivsk +38(067) 3550277 lukshotel@gmail.com www.stanislaviv.org.ua Franz Hotel 11a Halytska St.<\/p>\n","protected":false},"author":1,"featured_media":0,"parent":0,"menu_order":0,"comment_status":"closed","ping_status":"closed","template":"","meta":{"inline_featured_image":false,"footnotes":""},"class_list":["post-199","page","type-page","status-publish","hentry"],"acf":[],"yoast_head":"<!-- This site is optimized with the Yoast SEO plugin v21.2 - https:\/\/yoast.com\/wordpress\/plugins\/seo\/ -->\n<title>Accommodation facilities - CARPATHIAN CULTURAL ROUTE<\/title>\n<meta name=\"robots\" content=\"index, follow, max-snippet:-1, max-image-preview:large, max-video-preview:-1\" \/>\n<link rel=\"canonical\" href=\"https:\/\/carpathianculturalroute.com\/zaklady-rozmishchennia\/\" \/>\n<meta property=\"og:locale\" content=\"en_US\" \/>\n<meta property=\"og:type\" content=\"article\" \/>\n<meta property=\"og:title\" content=\"Accommodation facilities - CARPATHIAN CULTURAL ROUTE\" \/>\n<meta property=\"og:description\" content=\"Hotel Nadiya 40 Nezalezhnosti St. Ivano-Frankivsk +38(050)4337522 res@nadiyahotel.com www.nadiyahotel.com Reikartz Park Hotel 146 Ivana Mazepy St. Ivano-Frankivsk +38(0342) 595 595, +38(067) 343 1582 reception@parkhotel.com. www.ua parkhotel.com.ua Grand Hotel Roxolana 7-9 Grunwaldska St. Ivano-Frankivsk +38(050) 5035511, +38(097) 5035511 info@hotel-roxolana.com www.hotel-roxolana.com Stanislaviv Hotel 7 Vyacheslava Chornovola St. Ivano-Frankivsk +38(067) 3550277 lukshotel@gmail.com www.stanislaviv.org.ua Franz Hotel 11a Halytska St.\" \/>\n<meta property=\"og:url\" content=\"https:\/\/carpathianculturalroute.com\/zaklady-rozmishchennia\/\" \/>\n<meta property=\"og:site_name\" content=\"CARPATHIAN CULTURAL ROUTE\" \/>\n<meta property=\"article:publisher\" content=\"https:\/\/www.facebook.com\/Carpathianculturalroute\/\" \/>\n<meta property=\"article:modified_time\" content=\"2023-09-21T13:47:26+00:00\" \/>\n<meta name=\"twitter:card\" content=\"summary_large_image\" \/>\n<meta name=\"twitter:label1\" content=\"Est. reading time\" \/>\n\t<meta name=\"twitter:data1\" content=\"3 minutes\" \/>\n<script type=\"application\/ld+json\" class=\"yoast-schema-graph\">{\"@context\":\"https:\/\/schema.org\",\"@graph\":[{\"@type\":\"WebPage\",\"@id\":\"https:\/\/carpathianculturalroute.com\/zaklady-rozmishchennia\/\",\"url\":\"https:\/\/carpathianculturalroute.com\/zaklady-rozmishchennia\/\",\"name\":\"Accommodation facilities - CARPATHIAN CULTURAL ROUTE\",\"isPartOf\":{\"@id\":\"https:\/\/carpathianculturalroute.com\/#website\"},\"datePublished\":\"2023-09-05T14:03:01+00:00\",\"dateModified\":\"2023-09-21T13:47:26+00:00\",\"breadcrumb\":{\"@id\":\"https:\/\/carpathianculturalroute.com\/zaklady-rozmishchennia\/#breadcrumb\"},\"inLanguage\":\"en-US\",\"potentialAction\":[{\"@type\":\"ReadAction\",\"target\":[\"https:\/\/carpathianculturalroute.com\/zaklady-rozmishchennia\/\"]}]},{\"@type\":\"BreadcrumbList\",\"@id\":\"https:\/\/carpathianculturalroute.com\/zaklady-rozmishchennia\/#breadcrumb\",\"itemListElement\":[{\"@type\":\"ListItem\",\"position\":1,\"name\":\"Home\",\"item\":\"https:\/\/carpathianculturalroute.com\/en\/\"},{\"@type\":\"ListItem\",\"position\":2,\"name\":\"Accommodation facilities\"}]},{\"@type\":\"WebSite\",\"@id\":\"https:\/\/carpathianculturalroute.com\/#website\",\"url\":\"https:\/\/carpathianculturalroute.com\/\",\"name\":\"CARPATHIAN CULTURAL ROUTE\",\"description\":\"\",\"publisher\":{\"@id\":\"https:\/\/carpathianculturalroute.com\/#organization\"},\"potentialAction\":[{\"@type\":\"SearchAction\",\"target\":{\"@type\":\"EntryPoint\",\"urlTemplate\":\"https:\/\/carpathianculturalroute.com\/?s={search_term_string}\"},\"query-input\":\"required name=search_term_string\"}],\"inLanguage\":\"en-US\"},{\"@type\":\"Organization\",\"@id\":\"https:\/\/carpathianculturalroute.com\/#organization\",\"name\":\"CARPATHIAN CULTURAL ROUTE\",\"url\":\"https:\/\/carpathianculturalroute.com\/\",\"logo\":{\"@type\":\"ImageObject\",\"inLanguage\":\"en-US\",\"@id\":\"https:\/\/carpathianculturalroute.com\/#\/schema\/logo\/image\/\",\"url\":\"https:\/\/carpathianculturalroute.com\/wp-content\/uploads\/2023\/10\/logo.webp\",\"contentUrl\":\"https:\/\/carpathianculturalroute.com\/wp-content\/uploads\/2023\/10\/logo.webp\",\"width\":169,\"height\":115,\"caption\":\"CARPATHIAN CULTURAL ROUTE\"},\"image\":{\"@id\":\"https:\/\/carpathianculturalroute.com\/#\/schema\/logo\/image\/\"},\"sameAs\":[\"https:\/\/www.facebook.com\/Carpathianculturalroute\/\"]}]}<\/script>\n<!-- \/ Yoast SEO plugin. -->","yoast_head_json":{"title":"Accommodation facilities - CARPATHIAN CULTURAL ROUTE","robots":{"index":"index","follow":"follow","max-snippet":"max-snippet:-1","max-image-preview":"max-image-preview:large","max-video-preview":"max-video-preview:-1"},"canonical":"https:\/\/carpathianculturalroute.com\/zaklady-rozmishchennia\/","og_locale":"en_US","og_type":"article","og_title":"Accommodation facilities - CARPATHIAN CULTURAL ROUTE","og_description":"Hotel Nadiya 40 Nezalezhnosti St. Ivano-Frankivsk +38(050)4337522 res@nadiyahotel.com www.nadiyahotel.com Reikartz Park Hotel 146 Ivana Mazepy St. Ivano-Frankivsk +38(0342) 595 595, +38(067) 343 1582 reception@parkhotel.com. www.ua parkhotel.com.ua Grand Hotel Roxolana 7-9 Grunwaldska St. Ivano-Frankivsk +38(050) 5035511, +38(097) 5035511 info@hotel-roxolana.com www.hotel-roxolana.com Stanislaviv Hotel 7 Vyacheslava Chornovola St. Ivano-Frankivsk +38(067) 3550277 lukshotel@gmail.com www.stanislaviv.org.ua Franz Hotel 11a Halytska St.","og_url":"https:\/\/carpathianculturalroute.com\/zaklady-rozmishchennia\/","og_site_name":"CARPATHIAN CULTURAL ROUTE","article_publisher":"https:\/\/www.facebook.com\/Carpathianculturalroute\/","article_modified_time":"2023-09-21T13:47:26+00:00","twitter_card":"summary_large_image","twitter_misc":{"Est. reading time":"3 minutes"},"schema":{"@context":"https:\/\/schema.org","@graph":[{"@type":"WebPage","@id":"https:\/\/carpathianculturalroute.com\/zaklady-rozmishchennia\/","url":"https:\/\/carpathianculturalroute.com\/zaklady-rozmishchennia\/","name":"Accommodation facilities - CARPATHIAN CULTURAL ROUTE","isPartOf":{"@id":"https:\/\/carpathianculturalroute.com\/#website"},"datePublished":"2023-09-05T14:03:01+00:00","dateModified":"2023-09-21T13:47:26+00:00","breadcrumb":{"@id":"https:\/\/carpathianculturalroute.com\/zaklady-rozmishchennia\/#breadcrumb"},"inLanguage":"en-US","potentialAction":[{"@type":"ReadAction","target":["https:\/\/carpathianculturalroute.com\/zaklady-rozmishchennia\/"]}]},{"@type":"BreadcrumbList","@id":"https:\/\/carpathianculturalroute.com\/zaklady-rozmishchennia\/#breadcrumb","itemListElement":[{"@type":"ListItem","position":1,"name":"Home","item":"https:\/\/carpathianculturalroute.com\/en\/"},{"@type":"ListItem","position":2,"name":"Accommodation facilities"}]},{"@type":"WebSite","@id":"https:\/\/carpathianculturalroute.com\/#website","url":"https:\/\/carpathianculturalroute.com\/","name":"CARPATHIAN CULTURAL ROUTE","description":"","publisher":{"@id":"https:\/\/carpathianculturalroute.com\/#organization"},"potentialAction":[{"@type":"SearchAction","target":{"@type":"EntryPoint","urlTemplate":"https:\/\/carpathianculturalroute.com\/?s={search_term_string}"},"query-input":"required name=search_term_string"}],"inLanguage":"en-US"},{"@type":"Organization","@id":"https:\/\/carpathianculturalroute.com\/#organization","name":"CARPATHIAN CULTURAL ROUTE","url":"https:\/\/carpathianculturalroute.com\/","logo":{"@type":"ImageObject","inLanguage":"en-US","@id":"https:\/\/carpathianculturalroute.com\/#\/schema\/logo\/image\/","url":"https:\/\/carpathianculturalroute.com\/wp-content\/uploads\/2023\/10\/logo.webp","contentUrl":"https:\/\/carpathianculturalroute.com\/wp-content\/uploads\/2023\/10\/logo.webp","width":169,"height":115,"caption":"CARPATHIAN CULTURAL ROUTE"},"image":{"@id":"https:\/\/carpathianculturalroute.com\/#\/schema\/logo\/image\/"},"sameAs":["https:\/\/www.facebook.com\/Carpathianculturalroute\/"]}]}},"_links":{"self":[{"href":"https:\/\/carpathianculturalroute.com\/en\/wp-json\/wp\/v2\/pages\/199","targetHints":{"allow":["GET"]}}],"collection":[{"href":"https:\/\/carpathianculturalroute.com\/en\/wp-json\/wp\/v2\/pages"}],"about":[{"href":"https:\/\/carpathianculturalroute.com\/en\/wp-json\/wp\/v2\/types\/page"}],"author":[{"embeddable":true,"href":"https:\/\/carpathianculturalroute.com\/en\/wp-json\/wp\/v2\/users\/1"}],"replies":[{"embeddable":true,"href":"https:\/\/carpathianculturalroute.com\/en\/wp-json\/wp\/v2\/comments?post=199"}],"version-history":[{"count":2,"href":"https:\/\/carpathianculturalroute.com\/en\/wp-json\/wp\/v2\/pages\/199\/revisions"}],"predecessor-version":[{"id":3328,"href":"https:\/\/carpathianculturalroute.com\/en\/wp-json\/wp\/v2\/pages\/199\/revisions\/3328"}],"wp:attachment":[{"href":"https:\/\/carpathianculturalroute.com\/en\/wp-json\/wp\/v2\/media?parent=199"}],"curies":[{"name":"wp","href":"https:\/\/api.w.org\/{rel}","templated":true}]}}